{"id":5148,"date":"2023-03-27T16:03:25","date_gmt":"2023-03-27T16:03:25","guid":{"rendered":"https:\/\/www.fair-field.nl\/?page_id=5148"},"modified":"2023-03-27T16:03:25","modified_gmt":"2023-03-27T16:03:25","slug":"mejor-comunicacion-y-buen-ambiente-de-trabajo","status":"publish","type":"page","link":"https:\/\/www.fair-field.nl\/es\/buenas-practicas\/mejor-comunicacion-y-buen-ambiente-de-trabajo\/","title":{"rendered":"Mejor comunicaci\u00f3n y buen ambiente de trabajo"},"content":{"rendered":"<div class=\"grve-section grve-feature-header\" data-section-title=\"\" data-section-type=\"fullwidth-background\" data-image-type=\"none\" data-full-height=\"no\"  style=\"padding-top: 70px;padding-bottom: 10px;\"><div class=\"grve-row grve-bookmark\"><div class=\"wpb_column grve-column grve-bookmark grve-column-1-3\">\n\t<div  class=\"wpb_single_image wpb_content_element vc_align_left\">\n\t\t\n\t\t<figure class=\"wpb_wrapper vc_figure\">\n\t\t\t<div class=\"vc_single_image-wrapper   vc_box_border_grey\"><img loading=\"lazy\" decoding=\"async\" width=\"300\" height=\"300\" src=\"https:\/\/www.fair-field.nl\/wp-content\/uploads\/2023\/03\/Barry-Freijzer-foto-300x300.jpg\" class=\"vc_single_image-img attachment-medium\" alt=\"\" title=\"Foto de Barry Freijzer\" srcset=\"https:\/\/www.fair-field.nl\/wp-content\/uploads\/2023\/03\/Barry-Freijzer-foto-300x300.jpg 300w, https:\/\/www.fair-field.nl\/wp-content\/uploads\/2023\/03\/Barry-Freijzer-foto-150x150.jpg 150w, https:\/\/www.fair-field.nl\/wp-content\/uploads\/2023\/03\/Barry-Freijzer-foto-768x768.jpg 768w, https:\/\/www.fair-field.nl\/wp-content\/uploads\/2023\/03\/Barry-Freijzer-foto-12x12.jpg 12w, https:\/\/www.fair-field.nl\/wp-content\/uploads\/2023\/03\/Barry-Freijzer-foto-80x80.jpg 80w, https:\/\/www.fair-field.nl\/wp-content\/uploads\/2023\/03\/Barry-Freijzer-foto-560x560.jpg 560w, https:\/\/www.fair-field.nl\/wp-content\/uploads\/2023\/03\/Barry-Freijzer-foto.jpg 800w\" sizes=\"auto, (max-width: 300px) 100vw, 300px\" \/><\/div>\n\t\t<\/figure>\n\t<\/div>\n<\/div><div class=\"wpb_column grve-column grve-bookmark grve-column-2-3\"><div class=\"grve-element grve-text grve-leader-text\"><p class=\"p1\"><b>Barry Freijzer fue ascendido de capataz a <i>supervisor dispositivos especiales<\/i> en Mammoet, en Breda. Con nuevas responsabilidades, le conven\u00eda afinar sus habilidades de comunicaci\u00f3n. Fair Field le ayud\u00f3 a hacerlo con una eficaz formaci\u00f3n en el puesto de trabajo.<\/b><\/p>\n<\/div><div class=\"grve-element grve-text\"><p class=\"p1\">En la unidad de negocio Special Devices del especialista en elevaci\u00f3n y transporte, Barry es responsable de garantizar el buen funcionamiento de las operaciones. Dirige a los empleados, tiene contacto con los clientes, hace el papeleo necesario. \"Y en los proyectos peque\u00f1os, me meto yo mismo en ellos\", nos cuenta sobre su trabajo.<\/p>\n<p class=\"p1\">Dirige grupos de entre 3 y 35 empleados. Para que hagan su trabajo lo mejor y m\u00e1s eficazmente posible, es esencial una buena comunicaci\u00f3n. Sus dotes de comunicaci\u00f3n ya eran buenas, Barry lo sabe. \"Si no, no consigues el puesto. Pero siempre se puede mejorar\".<\/p>\n<h6 class=\"p1\"><b>Situaciones de conflicto<\/b><\/h6>\n<p class=\"p1\">Un entrenador de Fair Field trabaj\u00f3 con \u00e9l. Tambi\u00e9n para mejorar habilidades en las que a\u00fan andaba un poco escaso. \"Por ejemplo, ten\u00eda problemas con las situaciones conflictivas. \u00bfC\u00f3mo se abordan?\", cuenta Barry sobre sus sesiones con el formador de Fair Field. \"Hab\u00eda que hablar mucho. Aprend\u00ed a resolver situaciones\".<\/p>\n<p class=\"p1\">Barry sabe muy bien que esto \u00faltimo es importante. \"Somos un departamento relativamente peque\u00f1o. Si dices algo sobre algo, pronto eres el perro mordido. Y la semana que viene ten\u00e9is que hacer otro trabajo juntos\".<\/p>\n<p class=\"p1\">Gracias en parte a la formaci\u00f3n de Fair Field, ahora tiene menos problemas para decir lo que representa, cuando es necesario. \"S\u00e9 lo que represento y lo que representa la empresa. Digo cuando algo no va del todo bien y por qu\u00e9 no. Eso me resulta m\u00e1s f\u00e1cil. Las formaciones me han dado mucha autoafirmaci\u00f3n. Ahora lo s\u00e9 mejor: yo soy as\u00ed. Lo necesitaba. Me da mucha paz en mi trabajo\".<\/p>\n<h6 class=\"p1\"><b>Interacci\u00f3n agradable<\/b><\/h6>\n<p class=\"p1\">Adem\u00e1s, ha mejorado el ambiente de trabajo, afirma Barry. \"El trato con algunas personas se ha vuelto m\u00e1s agradable. La gente me dice que quiere hacer un trabajo conmigo en la obra porque puedo organizarlo todo bien. Adem\u00e1s, los operarios y capataces me dicen: 'Es totalmente acertado que te hayan dado ese trabajo'\".<\/p>\n<p class=\"p1\">Para obtener resultados de entrenamiento sostenibles, su entrenador le dio mangos. Eso fue un desperdicio para Barry. Como lo fue para todo el programa de formaci\u00f3n, por cierto. \"Me gusta la comunicaci\u00f3n, as\u00ed que estaba deseando aprender de las sesiones de entrenamiento\", dice.<\/p>\n<h6 class=\"p1\"><b>Apego a uno mismo<\/b><\/h6>\n<p class=\"p1\">\"Hice pruebas, rellen\u00e9 cuestionarios. A partir de ah\u00ed qued\u00f3 claro: te comunicas de esa manera y entonces esto puede convertirse en tu escollo. Era exactamente as\u00ed. Empec\u00e9 a prestarle m\u00e1s atenci\u00f3n, soy m\u00e1s consciente de ello. Ahora puedo evitar mejor estos escollos. As\u00ed me autoafirm\u00e9 mucho\".<\/p>\n<p class=\"p1\">Aunque las formaciones de Fair Field son puramente laborales, Barry tambi\u00e9n se beneficia de ellas a t\u00edtulo privado. \"Lo noto muy bien. Por ejemplo, cuando hay que hacer algo en mi casa, digo f\u00e1cilmente: no lo quiero as\u00ed, sino as\u00ed. Puedo indicar mejor c\u00f3mo quiero o no quiero algo. Eso me beneficia mucho\".<\/p>\n<\/div><\/div> <\/div><div class=\"grve-background-wrapper\"><\/div><\/div><div class=\"grve-section\" data-section-title=\"\" data-section-type=\"fullwidth-background\" data-image-type=\"none\" data-full-height=\"no\"><div class=\"grve-row grve-bookmark\"><div class=\"wpb_column grve-column grve-bookmark grve-column-1\"><\/div> <\/div><div class=\"grve-background-wrapper\"><\/div><\/div>","protected":false},"excerpt":{"rendered":"Barry Freijzer promoveerde in 2021 van voorman tot supervisor special devices bij Mammoet in Breda. Met nieuwe verantwoordelijkheden was het goed zijn communicatieve eigenschappen aan te scherpen. Fair Field hielp hem daarbij met doeltreffende trainingen op de werkvloer. Bij bedrijfsonderdeel Special Devices van de specialist in hijsen en transporteren, is Barry verantwoordelijk voor een soepele [...]","protected":false},"author":3,"featured_media":0,"parent":3109,"menu_order":0,"comment_status":"closed","ping_status":"closed","template":"","meta":{"footnotes":""},"class_list":["post-5148","page","type-page","status-publish","hentry"],"yoast_head":"<!-- This site is optimized with the Yoast SEO plugin v26.4 - https:\/\/yoast.com\/wordpress\/plugins\/seo\/ -->\n<title>Betere communicatie en een goede werksfeer - FairField<\/title>\n<meta name=\"robots\" content=\"index, follow, max-snippet:-1, max-image-preview:large, max-video-preview:-1\" \/>\n<link rel=\"canonical\" href=\"https:\/\/www.fair-field.nl\/es\/buenas-practicas\/mejor-comunicacion-y-buen-ambiente-de-trabajo\/\" \/>\n<meta property=\"og:locale\" content=\"es_ES\" \/>\n<meta property=\"og:type\" content=\"article\" \/>\n<meta property=\"og:title\" content=\"Betere communicatie en een goede werksfeer - FairField\" \/>\n<meta property=\"og:url\" content=\"https:\/\/www.fair-field.nl\/es\/buenas-practicas\/mejor-comunicacion-y-buen-ambiente-de-trabajo\/\" \/>\n<meta property=\"og:site_name\" content=\"FairField\" \/>\n<meta name=\"twitter:card\" content=\"summary_large_image\" \/>\n<meta name=\"twitter:site\" content=\"@bartgodding\" \/>\n<meta name=\"twitter:label1\" content=\"Tiempo de lectura\" \/>\n\t<meta name=\"twitter:data1\" content=\"3 minutos\" \/>\n<script type=\"application\/ld+json\" class=\"yoast-schema-graph\">{\"@context\":\"https:\/\/schema.org\",\"@graph\":[{\"@type\":\"WebPage\",\"@id\":\"https:\/\/www.fair-field.nl\/best-practices\/betere-communicatie-en-een-goede-werksfeer\/\",\"url\":\"https:\/\/www.fair-field.nl\/best-practices\/betere-communicatie-en-een-goede-werksfeer\/\",\"name\":\"Betere communicatie en een goede werksfeer - FairField\",\"isPartOf\":{\"@id\":\"https:\/\/www.fair-field.nl\/#website\"},\"datePublished\":\"2023-03-27T16:03:25+00:00\",\"breadcrumb\":{\"@id\":\"https:\/\/www.fair-field.nl\/best-practices\/betere-communicatie-en-een-goede-werksfeer\/#breadcrumb\"},\"inLanguage\":\"es\",\"potentialAction\":[{\"@type\":\"ReadAction\",\"target\":[\"https:\/\/www.fair-field.nl\/best-practices\/betere-communicatie-en-een-goede-werksfeer\/\"]}]},{\"@type\":\"BreadcrumbList\",\"@id\":\"https:\/\/www.fair-field.nl\/best-practices\/betere-communicatie-en-een-goede-werksfeer\/#breadcrumb\",\"itemListElement\":[{\"@type\":\"ListItem\",\"position\":1,\"name\":\"Home\",\"item\":\"https:\/\/www.fair-field.nl\/\"},{\"@type\":\"ListItem\",\"position\":2,\"name\":\"Best practices\",\"item\":\"https:\/\/www.fair-field.nl\/best-practices\/\"},{\"@type\":\"ListItem\",\"position\":3,\"name\":\"Betere communicatie en een goede werksfeer\"}]},{\"@type\":\"WebSite\",\"@id\":\"https:\/\/www.fair-field.nl\/#website\",\"url\":\"https:\/\/www.fair-field.nl\/\",\"name\":\"FairField\",\"description\":\"De volgende stap naar operationeel leiderschap\",\"publisher\":{\"@id\":\"https:\/\/www.fair-field.nl\/#organization\"},\"potentialAction\":[{\"@type\":\"SearchAction\",\"target\":{\"@type\":\"EntryPoint\",\"urlTemplate\":\"https:\/\/www.fair-field.nl\/?s={search_term_string}\"},\"query-input\":{\"@type\":\"PropertyValueSpecification\",\"valueRequired\":true,\"valueName\":\"search_term_string\"}}],\"inLanguage\":\"es\"},{\"@type\":\"Organization\",\"@id\":\"https:\/\/www.fair-field.nl\/#organization\",\"name\":\"FairField\",\"url\":\"https:\/\/www.fair-field.nl\/\",\"logo\":{\"@type\":\"ImageObject\",\"inLanguage\":\"es\",\"@id\":\"https:\/\/www.fair-field.nl\/#\/schema\/logo\/image\/\",\"url\":\"https:\/\/www.fair-field.nl\/wp-content\/uploads\/2023\/03\/fairfieldlogo.png\",\"contentUrl\":\"https:\/\/www.fair-field.nl\/wp-content\/uploads\/2023\/03\/fairfieldlogo.png\",\"width\":400,\"height\":400,\"caption\":\"FairField\"},\"image\":{\"@id\":\"https:\/\/www.fair-field.nl\/#\/schema\/logo\/image\/\"},\"sameAs\":[\"https:\/\/x.com\/bartgodding\",\"https:\/\/www.linkedin.com\/company\/fairfield-training-coaching-mbo\/\",\"https:\/\/www.youtube.com\/channel\/UCOcjkVD-Zg1TDIJxEaW4PlQ\/featured\"]}]}<\/script>\n<!-- \/ Yoast SEO plugin. -->","yoast_head_json":{"title":"Mejor comunicaci\u00f3n y buen ambiente de trabajo - FairField","robots":{"index":"index","follow":"follow","max-snippet":"max-snippet:-1","max-image-preview":"max-image-preview:large","max-video-preview":"max-video-preview:-1"},"canonical":"https:\/\/www.fair-field.nl\/es\/buenas-practicas\/mejor-comunicacion-y-buen-ambiente-de-trabajo\/","og_locale":"es_ES","og_type":"article","og_title":"Betere communicatie en een goede werksfeer - FairField","og_url":"https:\/\/www.fair-field.nl\/es\/buenas-practicas\/mejor-comunicacion-y-buen-ambiente-de-trabajo\/","og_site_name":"FairField","twitter_card":"summary_large_image","twitter_site":"@bartgodding","twitter_misc":{"Tiempo de lectura":"3 minutos"},"schema":{"@context":"https:\/\/schema.org","@graph":[{"@type":"WebPage","@id":"https:\/\/www.fair-field.nl\/best-practices\/betere-communicatie-en-een-goede-werksfeer\/","url":"https:\/\/www.fair-field.nl\/best-practices\/betere-communicatie-en-een-goede-werksfeer\/","name":"Mejor comunicaci\u00f3n y buen ambiente de trabajo - FairField","isPartOf":{"@id":"https:\/\/www.fair-field.nl\/#website"},"datePublished":"2023-03-27T16:03:25+00:00","breadcrumb":{"@id":"https:\/\/www.fair-field.nl\/best-practices\/betere-communicatie-en-een-goede-werksfeer\/#breadcrumb"},"inLanguage":"es","potentialAction":[{"@type":"ReadAction","target":["https:\/\/www.fair-field.nl\/best-practices\/betere-communicatie-en-een-goede-werksfeer\/"]}]},{"@type":"BreadcrumbList","@id":"https:\/\/www.fair-field.nl\/best-practices\/betere-communicatie-en-een-goede-werksfeer\/#breadcrumb","itemListElement":[{"@type":"ListItem","position":1,"name":"Home","item":"https:\/\/www.fair-field.nl\/"},{"@type":"ListItem","position":2,"name":"Best practices","item":"https:\/\/www.fair-field.nl\/best-practices\/"},{"@type":"ListItem","position":3,"name":"Betere communicatie en een goede werksfeer"}]},{"@type":"WebSite","@id":"https:\/\/www.fair-field.nl\/#website","url":"https:\/\/www.fair-field.nl\/","name":"FairField","description":"El siguiente paso hacia el liderazgo operativo","publisher":{"@id":"https:\/\/www.fair-field.nl\/#organization"},"potentialAction":[{"@type":"SearchAction","target":{"@type":"EntryPoint","urlTemplate":"https:\/\/www.fair-field.nl\/?s={search_term_string}"},"query-input":{"@type":"PropertyValueSpecification","valueRequired":true,"valueName":"search_term_string"}}],"inLanguage":"es"},{"@type":"Organization","@id":"https:\/\/www.fair-field.nl\/#organization","name":"FairField","url":"https:\/\/www.fair-field.nl\/","logo":{"@type":"ImageObject","inLanguage":"es","@id":"https:\/\/www.fair-field.nl\/#\/schema\/logo\/image\/","url":"https:\/\/www.fair-field.nl\/wp-content\/uploads\/2023\/03\/fairfieldlogo.png","contentUrl":"https:\/\/www.fair-field.nl\/wp-content\/uploads\/2023\/03\/fairfieldlogo.png","width":400,"height":400,"caption":"FairField"},"image":{"@id":"https:\/\/www.fair-field.nl\/#\/schema\/logo\/image\/"},"sameAs":["https:\/\/x.com\/bartgodding","https:\/\/www.linkedin.com\/company\/fairfield-training-coaching-mbo\/","https:\/\/www.youtube.com\/channel\/UCOcjkVD-Zg1TDIJxEaW4PlQ\/featured"]}]}},"_links":{"self":[{"href":"https:\/\/www.fair-field.nl\/es\/wp-json\/wp\/v2\/pages\/5148","targetHints":{"allow":["GET"]}}],"collection":[{"href":"https:\/\/www.fair-field.nl\/es\/wp-json\/wp\/v2\/pages"}],"about":[{"href":"https:\/\/www.fair-field.nl\/es\/wp-json\/wp\/v2\/types\/page"}],"author":[{"embeddable":true,"href":"https:\/\/www.fair-field.nl\/es\/wp-json\/wp\/v2\/users\/3"}],"replies":[{"embeddable":true,"href":"https:\/\/www.fair-field.nl\/es\/wp-json\/wp\/v2\/comments?post=5148"}],"version-history":[{"count":1,"href":"https:\/\/www.fair-field.nl\/es\/wp-json\/wp\/v2\/pages\/5148\/revisions"}],"predecessor-version":[{"id":5150,"href":"https:\/\/www.fair-field.nl\/es\/wp-json\/wp\/v2\/pages\/5148\/revisions\/5150"}],"up":[{"embeddable":true,"href":"https:\/\/www.fair-field.nl\/es\/wp-json\/wp\/v2\/pages\/3109"}],"wp:attachment":[{"href":"https:\/\/www.fair-field.nl\/es\/wp-json\/wp\/v2\/media?parent=5148"}],"curies":[{"name":"wp","href":"https:\/\/api.w.org\/{rel}","templated":true}]}}