{"id":4905,"date":"2022-09-07T13:28:27","date_gmt":"2022-09-07T13:28:27","guid":{"rendered":"https:\/\/www.fair-field.nl\/?page_id=4905"},"modified":"2022-09-07T13:48:06","modified_gmt":"2022-09-07T13:48:06","slug":"5-pasos-para-obtener-el-mejor-resultado-en-fairfield","status":"publish","type":"page","link":"https:\/\/www.fair-field.nl\/es\/5-pasos-para-obtener-el-mejor-resultado-en-fairfield\/","title":{"rendered":"5 pasos para obtener el mejor resultado FairField"},"content":{"rendered":"<div class=\"grve-section\" data-section-title=\"\" data-section-type=\"fullwidth-background\" data-image-type=\"none\" data-full-height=\"no\"><div class=\"grve-row grve-bookmark\"><div class=\"wpb_column grve-column grve-bookmark grve-column-2-3\"><h3 class=\"grve-element grve-align-left grve-title-line grve-h3\" style=\"\"><span>Gracias por su inter\u00e9s.<\/span><\/h3><div class=\"grve-element grve-text grve-subtitle\"><p>Descargue el libro blanco en formato PDF.<\/p>\n<\/div><div class=\"grve-element grve-align-left\"><a class=\"grve-btn grve-btn-medium grve-round grve-bg-primary-3\" href=\"http:\/\/www.fair-field.nl\/wp-content\/uploads\/2022\/09\/5-stappen-tot-het-beste-Fairfield-resultaat.pdf\" target=\"_self\" style=\"\"><span>Descargar este libro blanco<\/span><\/a><\/div><\/div><div class=\"wpb_column grve-column grve-bookmark grve-column-1-3\">\n\t<div  class=\"wpb_single_image wpb_content_element vc_align_center\">\n\t\t\n\t\t<figure class=\"wpb_wrapper vc_figure\">\n\t\t\t<div class=\"vc_single_image-wrapper   vc_box_border_grey\"><\/div>\n\t\t<\/figure>\n\t<\/div>\n<\/div> <\/div><div class=\"grve-background-wrapper\"><\/div><\/div><div class=\"grve-section grve-feature-footer\" data-section-title=\"\" data-section-type=\"fullwidth-background\" data-image-type=\"none\" data-full-height=\"no\"  style=\"background-color:#f7f7f7;padding-top: 40px;padding-bottom: 40px;\"><div class=\"grve-row grve-bookmark\"><div class=\"wpb_column grve-column grve-bookmark grve-column-3-5\"><div class=\"grve-element grve-slogan grve-align-left\" style=\"\"><div class=\"grve-subtitle\">\u00bfQuiere saber m\u00e1s?<\/div><h3 class=\"grve-slogan-title grve-align-left grve-title-line\"><span>P\u00f3ngase en contacto con nosotros<\/span><\/h3>  <p class=\"\">Los clientes de FairField suelen estar muy satisfechos. Conseguimos grandes \u00e9xitos en empresas l\u00edderes de grandes y medianas empresas. Estaremos encantados de compartir nuestra experiencia con usted.<\/p><\/div><\/div><div class=\"wpb_column grve-column grve-bookmark grve-column-1-5\"><\/div><div class=\"wpb_column grve-column grve-bookmark grve-column-1-5 vc_custom_1656940607600\"><h5 style=\"color: #ffffff;text-align: center\" class=\"vc_custom_heading\" >Llamar a Bart Godding<\/h5><div class=\"grve-element grve-text grve-leader-text\"><p style=\"text-align: center;\"><strong><span style=\"color: #ffffff;\"><a style=\"color: #ffffff;\" href=\"tel:Bart Godding: +31622234999\">06-22234999<\/a><\/span><\/strong><\/p>\n<\/div><\/div> <\/div><div class=\"grve-background-wrapper\"><\/div><\/div>","protected":false},"excerpt":{"rendered":"Gracias por su inter\u00e9s. Descargue el informe en formato PDF. Descargar este libro blanco \u00bfDesea m\u00e1s informaci\u00f3n? Los clientes de FairField suelen estar muy satisfechos. Conseguimos grandes \u00e9xitos en compa\u00f1\u00edas l\u00edderes de grandes y medianas empresas. Estaremos encantados de compartir nuestra experiencia con usted.Llame a Bart Godding06-22234999","protected":false},"author":3,"featured_media":0,"parent":0,"menu_order":0,"comment_status":"closed","ping_status":"closed","template":"","meta":{"footnotes":""},"class_list":["post-4905","page","type-page","status-publish","hentry"],"yoast_head":"<!-- This site is optimized with the Yoast SEO plugin v26.4 - https:\/\/yoast.com\/wordpress\/plugins\/seo\/ -->\n<title>5 stappen tot het beste FairField resultaat - FairField<\/title>\n<meta name=\"robots\" content=\"index, follow, max-snippet:-1, max-image-preview:large, max-video-preview:-1\" \/>\n<link rel=\"canonical\" href=\"https:\/\/www.fair-field.nl\/es\/5-pasos-para-obtener-el-mejor-resultado-en-fairfield\/\" \/>\n<meta property=\"og:locale\" content=\"es_ES\" \/>\n<meta property=\"og:type\" content=\"article\" \/>\n<meta property=\"og:title\" content=\"5 stappen tot het beste FairField resultaat - FairField\" \/>\n<meta property=\"og:url\" content=\"https:\/\/www.fair-field.nl\/es\/5-pasos-para-obtener-el-mejor-resultado-en-fairfield\/\" \/>\n<meta property=\"og:site_name\" content=\"FairField\" \/>\n<meta property=\"article:modified_time\" content=\"2022-09-07T13:48:06+00:00\" \/>\n<meta name=\"twitter:card\" content=\"summary_large_image\" \/>\n<meta name=\"twitter:site\" content=\"@bartgodding\" \/>\n<meta name=\"twitter:label1\" content=\"Tiempo de lectura\" \/>\n\t<meta name=\"twitter:data1\" content=\"1 minuto\" \/>\n<script type=\"application\/ld+json\" class=\"yoast-schema-graph\">{\"@context\":\"https:\/\/schema.org\",\"@graph\":[{\"@type\":\"WebPage\",\"@id\":\"https:\/\/www.fair-field.nl\/5-stappen-tot-het-beste-fairfield-resultaat\/\",\"url\":\"https:\/\/www.fair-field.nl\/5-stappen-tot-het-beste-fairfield-resultaat\/\",\"name\":\"5 stappen tot het beste FairField resultaat - FairField\",\"isPartOf\":{\"@id\":\"https:\/\/www.fair-field.nl\/#website\"},\"datePublished\":\"2022-09-07T13:28:27+00:00\",\"dateModified\":\"2022-09-07T13:48:06+00:00\",\"breadcrumb\":{\"@id\":\"https:\/\/www.fair-field.nl\/5-stappen-tot-het-beste-fairfield-resultaat\/#breadcrumb\"},\"inLanguage\":\"es\",\"potentialAction\":[{\"@type\":\"ReadAction\",\"target\":[\"https:\/\/www.fair-field.nl\/5-stappen-tot-het-beste-fairfield-resultaat\/\"]}]},{\"@type\":\"BreadcrumbList\",\"@id\":\"https:\/\/www.fair-field.nl\/5-stappen-tot-het-beste-fairfield-resultaat\/#breadcrumb\",\"itemListElement\":[{\"@type\":\"ListItem\",\"position\":1,\"name\":\"Home\",\"item\":\"https:\/\/www.fair-field.nl\/\"},{\"@type\":\"ListItem\",\"position\":2,\"name\":\"5 stappen tot het beste FairField resultaat\"}]},{\"@type\":\"WebSite\",\"@id\":\"https:\/\/www.fair-field.nl\/#website\",\"url\":\"https:\/\/www.fair-field.nl\/\",\"name\":\"FairField\",\"description\":\"De volgende stap naar operationeel leiderschap\",\"publisher\":{\"@id\":\"https:\/\/www.fair-field.nl\/#organization\"},\"potentialAction\":[{\"@type\":\"SearchAction\",\"target\":{\"@type\":\"EntryPoint\",\"urlTemplate\":\"https:\/\/www.fair-field.nl\/?s={search_term_string}\"},\"query-input\":{\"@type\":\"PropertyValueSpecification\",\"valueRequired\":true,\"valueName\":\"search_term_string\"}}],\"inLanguage\":\"es\"},{\"@type\":\"Organization\",\"@id\":\"https:\/\/www.fair-field.nl\/#organization\",\"name\":\"FairField\",\"url\":\"https:\/\/www.fair-field.nl\/\",\"logo\":{\"@type\":\"ImageObject\",\"inLanguage\":\"es\",\"@id\":\"https:\/\/www.fair-field.nl\/#\/schema\/logo\/image\/\",\"url\":\"https:\/\/www.fair-field.nl\/wp-content\/uploads\/2023\/03\/fairfieldlogo.png\",\"contentUrl\":\"https:\/\/www.fair-field.nl\/wp-content\/uploads\/2023\/03\/fairfieldlogo.png\",\"width\":400,\"height\":400,\"caption\":\"FairField\"},\"image\":{\"@id\":\"https:\/\/www.fair-field.nl\/#\/schema\/logo\/image\/\"},\"sameAs\":[\"https:\/\/x.com\/bartgodding\",\"https:\/\/www.linkedin.com\/company\/fairfield-training-coaching-mbo\/\",\"https:\/\/www.youtube.com\/channel\/UCOcjkVD-Zg1TDIJxEaW4PlQ\/featured\"]}]}<\/script>\n<!-- \/ Yoast SEO plugin. -->","yoast_head_json":{"title":"5 pasos para obtener el mejor resultado FairField - FairField","robots":{"index":"index","follow":"follow","max-snippet":"max-snippet:-1","max-image-preview":"max-image-preview:large","max-video-preview":"max-video-preview:-1"},"canonical":"https:\/\/www.fair-field.nl\/es\/5-pasos-para-obtener-el-mejor-resultado-en-fairfield\/","og_locale":"es_ES","og_type":"article","og_title":"5 stappen tot het beste FairField resultaat - FairField","og_url":"https:\/\/www.fair-field.nl\/es\/5-pasos-para-obtener-el-mejor-resultado-en-fairfield\/","og_site_name":"FairField","article_modified_time":"2022-09-07T13:48:06+00:00","twitter_card":"summary_large_image","twitter_site":"@bartgodding","twitter_misc":{"Tiempo de lectura":"1 minuto"},"schema":{"@context":"https:\/\/schema.org","@graph":[{"@type":"WebPage","@id":"https:\/\/www.fair-field.nl\/5-stappen-tot-het-beste-fairfield-resultaat\/","url":"https:\/\/www.fair-field.nl\/5-stappen-tot-het-beste-fairfield-resultaat\/","name":"5 pasos para obtener el mejor resultado FairField - FairField","isPartOf":{"@id":"https:\/\/www.fair-field.nl\/#website"},"datePublished":"2022-09-07T13:28:27+00:00","dateModified":"2022-09-07T13:48:06+00:00","breadcrumb":{"@id":"https:\/\/www.fair-field.nl\/5-stappen-tot-het-beste-fairfield-resultaat\/#breadcrumb"},"inLanguage":"es","potentialAction":[{"@type":"ReadAction","target":["https:\/\/www.fair-field.nl\/5-stappen-tot-het-beste-fairfield-resultaat\/"]}]},{"@type":"BreadcrumbList","@id":"https:\/\/www.fair-field.nl\/5-stappen-tot-het-beste-fairfield-resultaat\/#breadcrumb","itemListElement":[{"@type":"ListItem","position":1,"name":"Home","item":"https:\/\/www.fair-field.nl\/"},{"@type":"ListItem","position":2,"name":"5 stappen tot het beste FairField resultaat"}]},{"@type":"WebSite","@id":"https:\/\/www.fair-field.nl\/#website","url":"https:\/\/www.fair-field.nl\/","name":"FairField","description":"El siguiente paso hacia el liderazgo operativo","publisher":{"@id":"https:\/\/www.fair-field.nl\/#organization"},"potentialAction":[{"@type":"SearchAction","target":{"@type":"EntryPoint","urlTemplate":"https:\/\/www.fair-field.nl\/?s={search_term_string}"},"query-input":{"@type":"PropertyValueSpecification","valueRequired":true,"valueName":"search_term_string"}}],"inLanguage":"es"},{"@type":"Organization","@id":"https:\/\/www.fair-field.nl\/#organization","name":"FairField","url":"https:\/\/www.fair-field.nl\/","logo":{"@type":"ImageObject","inLanguage":"es","@id":"https:\/\/www.fair-field.nl\/#\/schema\/logo\/image\/","url":"https:\/\/www.fair-field.nl\/wp-content\/uploads\/2023\/03\/fairfieldlogo.png","contentUrl":"https:\/\/www.fair-field.nl\/wp-content\/uploads\/2023\/03\/fairfieldlogo.png","width":400,"height":400,"caption":"FairField"},"image":{"@id":"https:\/\/www.fair-field.nl\/#\/schema\/logo\/image\/"},"sameAs":["https:\/\/x.com\/bartgodding","https:\/\/www.linkedin.com\/company\/fairfield-training-coaching-mbo\/","https:\/\/www.youtube.com\/channel\/UCOcjkVD-Zg1TDIJxEaW4PlQ\/featured"]}]}},"_links":{"self":[{"href":"https:\/\/www.fair-field.nl\/es\/wp-json\/wp\/v2\/pages\/4905","targetHints":{"allow":["GET"]}}],"collection":[{"href":"https:\/\/www.fair-field.nl\/es\/wp-json\/wp\/v2\/pages"}],"about":[{"href":"https:\/\/www.fair-field.nl\/es\/wp-json\/wp\/v2\/types\/page"}],"author":[{"embeddable":true,"href":"https:\/\/www.fair-field.nl\/es\/wp-json\/wp\/v2\/users\/3"}],"replies":[{"embeddable":true,"href":"https:\/\/www.fair-field.nl\/es\/wp-json\/wp\/v2\/comments?post=4905"}],"version-history":[{"count":11,"href":"https:\/\/www.fair-field.nl\/es\/wp-json\/wp\/v2\/pages\/4905\/revisions"}],"predecessor-version":[{"id":4920,"href":"https:\/\/www.fair-field.nl\/es\/wp-json\/wp\/v2\/pages\/4905\/revisions\/4920"}],"wp:attachment":[{"href":"https:\/\/www.fair-field.nl\/es\/wp-json\/wp\/v2\/media?parent=4905"}],"curies":[{"name":"wp","href":"https:\/\/api.w.org\/{rel}","templated":true}]}}