{"id":4413,"date":"2022-07-05T16:44:47","date_gmt":"2022-07-05T16:44:47","guid":{"rendered":"https:\/\/www.fair-field.nl\/?page_id=4413"},"modified":"2022-11-10T15:32:10","modified_gmt":"2022-11-10T15:32:10","slug":"diversidad-en-el-lugar-de-trabajo","status":"publish","type":"page","link":"https:\/\/www.fair-field.nl\/es\/diversidad-en-el-lugar-de-trabajo\/","title":{"rendered":"Diversidad en el lugar de trabajo"},"content":{"rendered":"<div class=\"grve-section grve-feature-header\" data-section-title=\"\" data-section-type=\"fullwidth-background\" data-image-type=\"none\" data-full-height=\"no\"  style=\"padding-top: 50px;padding-bottom: 50px;\"><div class=\"grve-row grve-bookmark\"><div class=\"wpb_column grve-column grve-bookmark grve-column-1 vc_custom_1657120799943\"><h2 class=\"grve-element grve-align-center grve-title-line grve-h2\" style=\"\"><span>Casi todo el mundo trabaja con colegas de distintos or\u00edgenes culturales<\/span><\/h2><div class=\"grve-element grve-text grve-leader-text\"><p style=\"text-align: center;\">Marroqu\u00edes, antillanos, belgas, polacos, frisones, limburgueses y un largo etc\u00e9tera conforman un sinf\u00edn de culturas diferentes en el lugar de trabajo neerland\u00e9s. Estas culturas a veces pueden causar fricciones. A usted, como tutor, le corresponde resolver los problemas entre los empleados y asegurarse de que todos ellos sigan motivados.<\/p>\n<\/div><\/div> <\/div><div class=\"grve-background-wrapper\"><\/div><\/div><div class=\"grve-section grve-light\" data-section-title=\"\" data-section-type=\"fullwidth-background\" data-image-type=\"none\" data-full-height=\"no\"  style=\"background-color:#3b58a4;color:#ffffff;padding-top: 50px;padding-bottom: 50px;\"><div class=\"grve-row grve-bookmark\"><div class=\"wpb_column grve-column grve-bookmark grve-column-1-2\"><h3 class=\"grve-element grve-align-left grve-title-line grve-h3\" style=\"\"><span>El Director se convierte en Entrenador<\/span><\/h3><div class=\"grve-element grve-text\"><p style=\"text-align: left;\">Dirigir a trav\u00e9s del coaching en lugar de la anticuada \"gesti\u00f3n\" demuestra funcionar mucho mejor, y en un lugar de trabajo con empleados de diferentes or\u00edgenes culturales, esto es quiz\u00e1s a\u00fan m\u00e1s importante.<br \/>\nComo tutor, observe las opiniones de sus empleados desde su perspectiva, p\u00f3ngase en su lugar y averig\u00fce por qu\u00e9 ven ciertas cosas de forma diferente.<\/p>\n<\/div><\/div><div class=\"wpb_column grve-column grve-bookmark grve-column-1-2\"><h3 class=\"grve-element grve-align-left grve-title-line grve-h3\" style=\"\"><span>Evitar la discusi\u00f3n del \"s\u00ed, pero<\/span><\/h3><div class=\"grve-element grve-text\"><p>Para evitar problemas relacionados con el bagaje cultural de las personas implicadas, es importante establecer acuerdos claros que se cumplan a rajatabla. De lo contrario, corre el riesgo de estancarse en discusiones de \"s\u00ed, pero\". Por tanto, establezca acuerdos claros para que las discusiones interminables sean imposibles. Un c\u00f3digo de conducta puede ayudar en este sentido; entr\u00e9guelo a cada empleado el primer d\u00eda.<\/p>\n<\/div><\/div> <\/div><div class=\"grve-background-wrapper\"><\/div><\/div><div class=\"grve-section\" data-section-title=\"\" data-section-type=\"fullwidth-background\" data-image-type=\"none\" data-full-height=\"no\"  style=\"padding-top: 50px;padding-bottom: 50px;\"><div class=\"grve-row grve-bookmark\"><div class=\"wpb_column grve-column grve-bookmark grve-column-1-2\"><h2 style=\"text-align: left\" class=\"vc_custom_heading\" >\"\u00bfNo tiene su empresa un c\u00f3digo de conducta? Pues redacte uno para su propio departamento\".<\/h2><\/div><div class=\"wpb_column grve-column grve-bookmark grve-column-1-2\"><h3 class=\"grve-element grve-align-left grve-title-line grve-h3\" style=\"\"><span>S\u00e9 creativo.<\/span><\/h3><div class=\"grve-element grve-text\"><p>Trabajar con empleados inmigrantes es una gran oportunidad para salir de la rutina diaria y adquirir nuevas experiencias. Aconsejamos a los directivos que vean el trabajo con inmigrantes como un reto en el que por fin pueden utilizar toda su creatividad.<\/p>\n<\/div><\/div> <\/div><div class=\"grve-background-wrapper\"><\/div><\/div><div class=\"grve-section grve-feature-footer\" data-section-title=\"\" data-section-type=\"fullwidth-background\" data-image-type=\"none\" data-full-height=\"no\"  style=\"background-color:#f7f7f7;padding-top: 50px;padding-bottom: 50px;\"><div class=\"grve-row grve-bookmark\"><div class=\"wpb_column grve-column grve-bookmark grve-column-1-4\">\n\t<div  class=\"wpb_single_image wpb_content_element vc_align_left\">\n\t\t\n\t\t<figure class=\"wpb_wrapper vc_figure\">\n\t\t\t<div class=\"vc_single_image-wrapper   vc_box_border_grey\"><img loading=\"lazy\" decoding=\"async\" width=\"212\" height=\"300\" src=\"https:\/\/www.fair-field.nl\/wp-content\/uploads\/2022\/07\/58ff958eacf1ed057e033322_Cover-2-212x300.jpg\" class=\"vc_single_image-img attachment-medium\" alt=\"\" title=\"58ff958eacf1ed057e033322_Cover-2\" srcset=\"https:\/\/www.fair-field.nl\/wp-content\/uploads\/2022\/07\/58ff958eacf1ed057e033322_Cover-2-212x300.jpg 212w, https:\/\/www.fair-field.nl\/wp-content\/uploads\/2022\/07\/58ff958eacf1ed057e033322_Cover-2.jpg 600w\" sizes=\"auto, (max-width: 212px) 100vw, 212px\" \/><\/div>\n\t\t<\/figure>\n\t<\/div>\n<\/div><div class=\"wpb_column grve-column grve-bookmark grve-column-1-2 vc_custom_1657054906743\"><h3 style=\"text-align: left\" class=\"vc_custom_heading\" >\u00bfQuiere saber m\u00e1s sobre c\u00f3mo abordar la diversidad en el lugar de trabajo?<\/h3><div class=\"grve-element grve-text grve-leader-text\"><p>Rellene el formulario y solicite el libro blanco en PDF.<\/p>\n<\/div><div class=\"grve-element grve-align-left\"><a class=\"grve-btn grve-btn-medium grve-square grve-bg-primary-1\" href=\"http:\/\/www.fair-field.nl\/es\/pongase-en-contacto-con\/\" target=\"_self\" style=\"\"><span>Solicite gratis<\/span><\/a><\/div><\/div><div class=\"wpb_column grve-column grve-bookmark grve-column-1-4\"><\/div> <\/div><div class=\"grve-background-wrapper\"><\/div><\/div>","protected":false},"excerpt":{"rendered":"Bijna iedereen werkt met collega\u2019s die een andere culturele achtergrond hebbenMarokkanen, Antillianen, Belgen, Polen, Friezen, Limburgers en zo zijn er nog talloze verschillende culturen te vinden op de Nederlandse werkvloer. Deze culturen kunnen soms tot wrijving leiden. Het is aan jou als coach om problemen tussen de medewerkers op te lossen en ervoor te zorgen [...]","protected":false},"author":3,"featured_media":0,"parent":0,"menu_order":0,"comment_status":"closed","ping_status":"closed","template":"","meta":{"footnotes":""},"class_list":["post-4413","page","type-page","status-publish","hentry"],"yoast_head":"<!-- This site is optimized with the Yoast SEO plugin v26.4 - https:\/\/yoast.com\/wordpress\/plugins\/seo\/ -->\n<title>Diversiteit op de werkvloer - FairField<\/title>\n<meta name=\"robots\" content=\"index, follow, max-snippet:-1, max-image-preview:large, max-video-preview:-1\" \/>\n<link rel=\"canonical\" href=\"https:\/\/www.fair-field.nl\/es\/diversidad-en-el-lugar-de-trabajo\/\" \/>\n<meta property=\"og:locale\" content=\"es_ES\" \/>\n<meta property=\"og:type\" content=\"article\" \/>\n<meta property=\"og:title\" content=\"Diversiteit op de werkvloer - FairField\" \/>\n<meta property=\"og:url\" content=\"https:\/\/www.fair-field.nl\/es\/diversidad-en-el-lugar-de-trabajo\/\" \/>\n<meta property=\"og:site_name\" content=\"FairField\" \/>\n<meta property=\"article:modified_time\" content=\"2022-11-10T15:32:10+00:00\" \/>\n<meta name=\"twitter:card\" content=\"summary_large_image\" \/>\n<meta name=\"twitter:site\" content=\"@bartgodding\" \/>\n<meta name=\"twitter:label1\" content=\"Tiempo de lectura\" \/>\n\t<meta name=\"twitter:data1\" content=\"2 minutos\" \/>\n<script type=\"application\/ld+json\" class=\"yoast-schema-graph\">{\"@context\":\"https:\/\/schema.org\",\"@graph\":[{\"@type\":\"WebPage\",\"@id\":\"https:\/\/www.fair-field.nl\/es\/diversiteit-op-de-werkvloer\/\",\"url\":\"https:\/\/www.fair-field.nl\/es\/diversiteit-op-de-werkvloer\/\",\"name\":\"Diversiteit op de werkvloer - FairField\",\"isPartOf\":{\"@id\":\"https:\/\/www.fair-field.nl\/#website\"},\"datePublished\":\"2022-07-05T16:44:47+00:00\",\"dateModified\":\"2022-11-10T15:32:10+00:00\",\"breadcrumb\":{\"@id\":\"https:\/\/www.fair-field.nl\/es\/diversiteit-op-de-werkvloer\/#breadcrumb\"},\"inLanguage\":\"es\",\"potentialAction\":[{\"@type\":\"ReadAction\",\"target\":[\"https:\/\/www.fair-field.nl\/es\/diversiteit-op-de-werkvloer\/\"]}]},{\"@type\":\"BreadcrumbList\",\"@id\":\"https:\/\/www.fair-field.nl\/es\/diversiteit-op-de-werkvloer\/#breadcrumb\",\"itemListElement\":[{\"@type\":\"ListItem\",\"position\":1,\"name\":\"Home\",\"item\":\"https:\/\/www.fair-field.nl\/\"},{\"@type\":\"ListItem\",\"position\":2,\"name\":\"Diversiteit op de werkvloer\"}]},{\"@type\":\"WebSite\",\"@id\":\"https:\/\/www.fair-field.nl\/#website\",\"url\":\"https:\/\/www.fair-field.nl\/\",\"name\":\"FairField\",\"description\":\"De volgende stap naar operationeel leiderschap\",\"publisher\":{\"@id\":\"https:\/\/www.fair-field.nl\/#organization\"},\"potentialAction\":[{\"@type\":\"SearchAction\",\"target\":{\"@type\":\"EntryPoint\",\"urlTemplate\":\"https:\/\/www.fair-field.nl\/?s={search_term_string}\"},\"query-input\":{\"@type\":\"PropertyValueSpecification\",\"valueRequired\":true,\"valueName\":\"search_term_string\"}}],\"inLanguage\":\"es\"},{\"@type\":\"Organization\",\"@id\":\"https:\/\/www.fair-field.nl\/#organization\",\"name\":\"FairField\",\"url\":\"https:\/\/www.fair-field.nl\/\",\"logo\":{\"@type\":\"ImageObject\",\"inLanguage\":\"es\",\"@id\":\"https:\/\/www.fair-field.nl\/#\/schema\/logo\/image\/\",\"url\":\"https:\/\/www.fair-field.nl\/wp-content\/uploads\/2023\/03\/fairfieldlogo.png\",\"contentUrl\":\"https:\/\/www.fair-field.nl\/wp-content\/uploads\/2023\/03\/fairfieldlogo.png\",\"width\":400,\"height\":400,\"caption\":\"FairField\"},\"image\":{\"@id\":\"https:\/\/www.fair-field.nl\/#\/schema\/logo\/image\/\"},\"sameAs\":[\"https:\/\/x.com\/bartgodding\",\"https:\/\/www.linkedin.com\/company\/fairfield-training-coaching-mbo\/\",\"https:\/\/www.youtube.com\/channel\/UCOcjkVD-Zg1TDIJxEaW4PlQ\/featured\"]}]}<\/script>\n<!-- \/ Yoast SEO plugin. -->","yoast_head_json":{"title":"Diversidad en el lugar de trabajo - FairField","robots":{"index":"index","follow":"follow","max-snippet":"max-snippet:-1","max-image-preview":"max-image-preview:large","max-video-preview":"max-video-preview:-1"},"canonical":"https:\/\/www.fair-field.nl\/es\/diversidad-en-el-lugar-de-trabajo\/","og_locale":"es_ES","og_type":"article","og_title":"Diversiteit op de werkvloer - FairField","og_url":"https:\/\/www.fair-field.nl\/es\/diversidad-en-el-lugar-de-trabajo\/","og_site_name":"FairField","article_modified_time":"2022-11-10T15:32:10+00:00","twitter_card":"summary_large_image","twitter_site":"@bartgodding","twitter_misc":{"Tiempo de lectura":"2 minutos"},"schema":{"@context":"https:\/\/schema.org","@graph":[{"@type":"WebPage","@id":"https:\/\/www.fair-field.nl\/es\/diversiteit-op-de-werkvloer\/","url":"https:\/\/www.fair-field.nl\/es\/diversiteit-op-de-werkvloer\/","name":"Diversidad en el lugar de trabajo - FairField","isPartOf":{"@id":"https:\/\/www.fair-field.nl\/#website"},"datePublished":"2022-07-05T16:44:47+00:00","dateModified":"2022-11-10T15:32:10+00:00","breadcrumb":{"@id":"https:\/\/www.fair-field.nl\/es\/diversiteit-op-de-werkvloer\/#breadcrumb"},"inLanguage":"es","potentialAction":[{"@type":"ReadAction","target":["https:\/\/www.fair-field.nl\/es\/diversiteit-op-de-werkvloer\/"]}]},{"@type":"BreadcrumbList","@id":"https:\/\/www.fair-field.nl\/es\/diversiteit-op-de-werkvloer\/#breadcrumb","itemListElement":[{"@type":"ListItem","position":1,"name":"Home","item":"https:\/\/www.fair-field.nl\/"},{"@type":"ListItem","position":2,"name":"Diversiteit op de werkvloer"}]},{"@type":"WebSite","@id":"https:\/\/www.fair-field.nl\/#website","url":"https:\/\/www.fair-field.nl\/","name":"FairField","description":"El siguiente paso hacia el liderazgo operativo","publisher":{"@id":"https:\/\/www.fair-field.nl\/#organization"},"potentialAction":[{"@type":"SearchAction","target":{"@type":"EntryPoint","urlTemplate":"https:\/\/www.fair-field.nl\/?s={search_term_string}"},"query-input":{"@type":"PropertyValueSpecification","valueRequired":true,"valueName":"search_term_string"}}],"inLanguage":"es"},{"@type":"Organization","@id":"https:\/\/www.fair-field.nl\/#organization","name":"FairField","url":"https:\/\/www.fair-field.nl\/","logo":{"@type":"ImageObject","inLanguage":"es","@id":"https:\/\/www.fair-field.nl\/#\/schema\/logo\/image\/","url":"https:\/\/www.fair-field.nl\/wp-content\/uploads\/2023\/03\/fairfieldlogo.png","contentUrl":"https:\/\/www.fair-field.nl\/wp-content\/uploads\/2023\/03\/fairfieldlogo.png","width":400,"height":400,"caption":"FairField"},"image":{"@id":"https:\/\/www.fair-field.nl\/#\/schema\/logo\/image\/"},"sameAs":["https:\/\/x.com\/bartgodding","https:\/\/www.linkedin.com\/company\/fairfield-training-coaching-mbo\/","https:\/\/www.youtube.com\/channel\/UCOcjkVD-Zg1TDIJxEaW4PlQ\/featured"]}]}},"_links":{"self":[{"href":"https:\/\/www.fair-field.nl\/es\/wp-json\/wp\/v2\/pages\/4413","targetHints":{"allow":["GET"]}}],"collection":[{"href":"https:\/\/www.fair-field.nl\/es\/wp-json\/wp\/v2\/pages"}],"about":[{"href":"https:\/\/www.fair-field.nl\/es\/wp-json\/wp\/v2\/types\/page"}],"author":[{"embeddable":true,"href":"https:\/\/www.fair-field.nl\/es\/wp-json\/wp\/v2\/users\/3"}],"replies":[{"embeddable":true,"href":"https:\/\/www.fair-field.nl\/es\/wp-json\/wp\/v2\/comments?post=4413"}],"version-history":[{"count":52,"href":"https:\/\/www.fair-field.nl\/es\/wp-json\/wp\/v2\/pages\/4413\/revisions"}],"predecessor-version":[{"id":5099,"href":"https:\/\/www.fair-field.nl\/es\/wp-json\/wp\/v2\/pages\/4413\/revisions\/5099"}],"wp:attachment":[{"href":"https:\/\/www.fair-field.nl\/es\/wp-json\/wp\/v2\/media?parent=4413"}],"curies":[{"name":"wp","href":"https:\/\/api.w.org\/{rel}","templated":true}]}}