{"id":4356,"date":"2022-07-05T14:18:27","date_gmt":"2022-07-05T14:18:27","guid":{"rendered":"https:\/\/www.fair-field.nl\/?page_id=4356"},"modified":"2022-07-05T14:28:17","modified_gmt":"2022-07-05T14:28:17","slug":"declaracion-de-privacidad-de-fairfield","status":"publish","type":"page","link":"https:\/\/www.fair-field.nl\/es\/declaracion-de-privacidad-de-fairfield\/","title":{"rendered":"Declaraci\u00f3n de privacidad de FairField"},"content":{"rendered":"<div class=\"grve-section\" data-section-title=\"\" data-section-type=\"fullwidth-background\" data-image-type=\"none\" data-full-height=\"no\"><div class=\"grve-row grve-bookmark\"><div class=\"wpb_column grve-column grve-bookmark grve-column-1\"><div class=\"grve-element grve-text\"><p>FairField Training Coaching MBO a trav\u00e9s de https:\/\/www.fair-field.nl<br \/>\nSomos conscientes de la confianza que deposita en nosotros. Por ello, consideramos que es nuestra responsabilidad proteger su privacidad. En esta p\u00e1gina le informamos de qu\u00e9 datos recogemos cuando utiliza nuestro sitio web, por qu\u00e9 recogemos estos datos y c\u00f3mo los utilizamos para mejorar su experiencia de usuario. De esta manera entender\u00e1 exactamente c\u00f3mo trabajamos. Esta pol\u00edtica de privacidad se aplica a los servicios de FairField. Debe tener en cuenta que FairField no es responsable de las pol\u00edticas de privacidad de otros sitios y fuentes. Al utilizar este sitio web, usted indica que acepta la pol\u00edtica de privacidad. FairField respeta la privacidad de todos los usuarios de su p\u00e1gina web y garantiza que la informaci\u00f3n personal que nos facilite ser\u00e1 tratada de forma confidencial.<\/p>\n<\/div><\/div> <\/div><div class=\"grve-background-wrapper\"><\/div><\/div><div class=\"grve-section\" data-section-title=\"\" data-section-type=\"fullwidth-background\" data-image-type=\"none\" data-full-height=\"no\"><div class=\"grve-row grve-bookmark\"><div class=\"wpb_column grve-column grve-bookmark grve-column-1\"><h5 style=\"text-align: left\" class=\"vc_custom_heading\" >Uso de nuestros servicios<\/h5><div class=\"grve-element grve-text\"><p>Cuando se suscribe a uno de nuestros servicios, le pedimos que<br \/>\nproporcionar datos personales. Estos datos se utilizan para prestar el servicio. Los datos se almacenan en los servidores seguros de FairField o de terceros.<\/p>\n<\/div><\/div> <\/div><div class=\"grve-background-wrapper\"><\/div><\/div><div class=\"grve-section\" data-section-title=\"\" data-section-type=\"fullwidth-background\" data-image-type=\"none\" data-full-height=\"no\"><div class=\"grve-row grve-bookmark\"><div class=\"wpb_column grve-column grve-bookmark grve-column-1\"><h5 style=\"text-align: left\" class=\"vc_custom_heading\" >Comunicaciones<\/h5><div class=\"grve-element grve-text\"><p>Cuando nos env\u00ede correos electr\u00f3nicos u otros mensajes, podremos conservar dichos mensajes. A veces le pediremos sus datos personales relacionados con la situaci\u00f3n de que se trate. Esto nos permite procesar sus consultas y responder a sus peticiones. Los datos se almacenan en los servidores seguros de FairField o de terceros.<\/p>\n<\/div><\/div> <\/div><div class=\"grve-background-wrapper\"><\/div><\/div><div class=\"grve-section\" data-section-title=\"\" data-section-type=\"fullwidth-background\" data-image-type=\"none\" data-full-height=\"no\"><div class=\"grve-row grve-bookmark\"><div class=\"wpb_column grve-column grve-bookmark grve-column-1\"><h5 style=\"text-align: left\" class=\"vc_custom_heading\" >Cookies<\/h5><div class=\"grve-element grve-text\"><p>Recogemos datos con fines de investigaci\u00f3n para comprender mejor a los visitantes de nuestro sitio web y poder adaptar nuestros servicios en consecuencia. Este sitio web utiliza \"cookies\" (archivos de texto que se colocan en su ordenador) para ayudar al sitio web a analizar c\u00f3mo lo utilizan los usuarios. La informaci\u00f3n generada por la cookie sobre su uso de la p\u00e1gina web puede ser transferida a los servidores seguros de FairField o a los de terceros. Utilizamos esta informaci\u00f3n para saber c\u00f3mo utiliza usted la p\u00e1gina web, para elaborar informes sobre la actividad de la p\u00e1gina web y para ofrecer otros servicios relacionados con la actividad de la p\u00e1gina web y el uso de Internet.<\/p>\n<p>La mayor\u00eda de los navegadores est\u00e1n configurados para aceptar cookies por defecto, pero usted puede configurar su navegador para que rechace todas las cookies o para que le indique cu\u00e1ndo se env\u00eda una cookie. No obstante, es posible que algunas funciones y servicios, en nuestro sitio web y en otros, no funcionen correctamente si las cookies est\u00e1n desactivadas en su navegador.<\/p>\n<\/div><\/div> <\/div><div class=\"grve-background-wrapper\"><\/div><\/div><div class=\"grve-section\" data-section-title=\"\" data-section-type=\"fullwidth-background\" data-image-type=\"none\" data-full-height=\"no\"><div class=\"grve-row grve-bookmark\"><div class=\"wpb_column grve-column grve-bookmark grve-column-1\"><h5 style=\"text-align: left\" class=\"vc_custom_heading\" >Prop\u00f3sitos<\/h5><div class=\"grve-element grve-text\"><p>No recopilamos ni utilizamos informaci\u00f3n para fines distintos de los siguientes<br \/>\nfines descritos en esta pol\u00edtica de privacidad a menos que hayamos revelado previamente su<br \/>\nhan obtenido permiso para hacerlo.<\/p>\n<\/div><\/div> <\/div><div class=\"grve-background-wrapper\"><\/div><\/div><div class=\"grve-section\" data-section-title=\"\" data-section-type=\"fullwidth-background\" data-image-type=\"none\" data-full-height=\"no\"><div class=\"grve-row grve-bookmark\"><div class=\"wpb_column grve-column grve-bookmark grve-column-1\"><h5 style=\"text-align: left\" class=\"vc_custom_heading\" >Terceros<\/h5><div class=\"grve-element grve-text\"><p>La informaci\u00f3n no se comparte con terceros. Sin embargo, en algunos casos la<br \/>\ninformaci\u00f3n se comparten internamente. Nuestros empleados est\u00e1n obligados a compartir la<br \/>\nrespetar la confidencialidad de sus datos.<\/p>\n<\/div><\/div> <\/div><div class=\"grve-background-wrapper\"><\/div><\/div><div class=\"grve-section\" data-section-title=\"\" data-section-type=\"fullwidth-background\" data-image-type=\"none\" data-full-height=\"no\"><div class=\"grve-row grve-bookmark\"><div class=\"wpb_column grve-column grve-bookmark grve-column-1\"><h5 style=\"text-align: left\" class=\"vc_custom_heading\" >Cambios<\/h5><div class=\"grve-element grve-text\"><p>Esta declaraci\u00f3n de privacidad se ajusta al uso y las funciones de<br \/>\neste sitio. Cualquier actualizaci\u00f3n y\/o modificaci\u00f3n de este sitio puede dar lugar a cambios en esta declaraci\u00f3n de privacidad. Por lo tanto, es aconsejable consultar esta declaraci\u00f3n de privacidad con regularidad. Esta p\u00e1gina se actualiz\u00f3 por \u00faltima vez el 21 de mayo de 2018.<\/p>\n<\/div><\/div> <\/div><div class=\"grve-background-wrapper\"><\/div><\/div><div class=\"grve-section\" data-section-title=\"\" data-section-type=\"fullwidth-background\" data-image-type=\"none\" data-full-height=\"no\"><div class=\"grve-row grve-bookmark\"><div class=\"wpb_column grve-column grve-bookmark grve-column-1\"><h5 style=\"text-align: left\" class=\"vc_custom_heading\" >Opciones para los datos personales<\/h5><div class=\"grve-element grve-text\"><p>Ofrecemos a todos los usuarios la oportunidad de ver, cambiar o borrar cualquier informaci\u00f3n personal que nos hayan proporcionado.<\/p>\n<\/div><\/div> <\/div><div class=\"grve-background-wrapper\"><\/div><\/div><div class=\"grve-section\" data-section-title=\"\" data-section-type=\"fullwidth-background\" data-image-type=\"none\" data-full-height=\"no\"><div class=\"grve-row grve-bookmark\"><div class=\"wpb_column grve-column grve-bookmark grve-column-1\"><h5 style=\"text-align: left\" class=\"vc_custom_heading\" >Ajustar\/cancelar la comunicaci\u00f3n<\/h5><div class=\"grve-element grve-text\"><p>Si desea modificar sus datos o borrarlos de nuestros archivos, p\u00f3ngase en contacto con nosotros. Consulte los datos de contacto m\u00e1s abajo.<\/p>\n<\/div><\/div> <\/div><div class=\"grve-background-wrapper\"><\/div><\/div><div class=\"grve-section\" data-section-title=\"\" data-section-type=\"fullwidth-background\" data-image-type=\"none\" data-full-height=\"no\"><div class=\"grve-row grve-bookmark\"><div class=\"wpb_column grve-column grve-bookmark grve-column-1\"><h5 style=\"text-align: left\" class=\"vc_custom_heading\" >Preguntas y comentarios<\/h5><div class=\"grve-element grve-text\"><p>Comprobamos peri\u00f3dicamente el cumplimiento de esta pol\u00edtica de privacidad. Si tiene alguna pregunta sobre esta pol\u00edtica de privacidad, p\u00f3ngase en contacto con nosotros:<\/p>\n<p>FairField Training Coaching MBO<br \/>\nCarretera del aeropuerto 81<br \/>\n5657 EA Eindhoven<br \/>\n- Tel\u00e9fono: 040-2886247<br \/>\n- Direcci\u00f3n de correo electr\u00f3nico: info@fair-field.nl<\/p>\n<\/div><\/div> <\/div><div class=\"grve-background-wrapper\"><\/div><\/div><div class=\"grve-section\" data-section-title=\"\" data-section-type=\"fullwidth-background\" data-image-type=\"none\" data-full-height=\"no\"><div class=\"grve-row grve-bookmark\"><div class=\"wpb_column grve-column grve-bookmark grve-column-1\">\n\t<div  class=\"wpb_single_image wpb_content_element vc_align_left\">\n\t\t\n\t\t<figure class=\"wpb_wrapper vc_figure\">\n\t\t\t<div class=\"vc_single_image-wrapper   vc_box_border_grey\"><img loading=\"lazy\" decoding=\"async\" width=\"150\" height=\"150\" src=\"https:\/\/www.fair-field.nl\/wp-content\/uploads\/2022\/06\/5a3bd3ce706df50001a34c48_NRTO_keurmerk-150x150.png\" class=\"vc_single_image-img attachment-thumbnail\" alt=\"\" title=\"5a3bd3ce706df50001a34c48_NRTO_keurmerk\" srcset=\"https:\/\/www.fair-field.nl\/wp-content\/uploads\/2022\/06\/5a3bd3ce706df50001a34c48_NRTO_keurmerk-150x150.png 150w, https:\/\/www.fair-field.nl\/wp-content\/uploads\/2022\/06\/5a3bd3ce706df50001a34c48_NRTO_keurmerk-300x300.png 300w, https:\/\/www.fair-field.nl\/wp-content\/uploads\/2022\/06\/5a3bd3ce706df50001a34c48_NRTO_keurmerk-80x80.png 80w, https:\/\/www.fair-field.nl\/wp-content\/uploads\/2022\/06\/5a3bd3ce706df50001a34c48_NRTO_keurmerk.png 410w\" sizes=\"auto, (max-width: 150px) 100vw, 150px\" \/><\/div>\n\t\t<\/figure>\n\t<\/div>\n<\/div> <\/div><div class=\"grve-background-wrapper\"><\/div><\/div>","protected":false},"excerpt":{"rendered":"FairField Training Coaching MBO via https:\/\/www.fair-field.nl Wij zijn ervan bewust dat u vertrouwen stelt in ons. Wij zien het dan ook als onze verantwoordelijkheid om uw privacy te beschermen. Op deze pagina laten we u weten welke gegevens we verzamelen als u onze website gebruikt, waarom we deze gegevens verzamelen en hoe we hiermee uw [...]","protected":false},"author":3,"featured_media":0,"parent":0,"menu_order":0,"comment_status":"closed","ping_status":"closed","template":"","meta":{"footnotes":""},"class_list":["post-4356","page","type-page","status-publish","hentry"],"yoast_head":"<!-- This site is optimized with the Yoast SEO plugin v26.4 - https:\/\/yoast.com\/wordpress\/plugins\/seo\/ -->\n<title>FairField Privacy verklaring - FairField<\/title>\n<meta name=\"robots\" content=\"index, follow, max-snippet:-1, max-image-preview:large, max-video-preview:-1\" \/>\n<link rel=\"canonical\" href=\"https:\/\/www.fair-field.nl\/es\/declaracion-de-privacidad-de-fairfield\/\" \/>\n<meta property=\"og:locale\" content=\"es_ES\" \/>\n<meta property=\"og:type\" content=\"article\" \/>\n<meta property=\"og:title\" content=\"FairField Privacy verklaring - FairField\" \/>\n<meta property=\"og:url\" content=\"https:\/\/www.fair-field.nl\/es\/declaracion-de-privacidad-de-fairfield\/\" \/>\n<meta property=\"og:site_name\" content=\"FairField\" \/>\n<meta property=\"article:modified_time\" content=\"2022-07-05T14:28:17+00:00\" \/>\n<meta name=\"twitter:card\" content=\"summary_large_image\" \/>\n<meta name=\"twitter:site\" content=\"@bartgodding\" \/>\n<meta name=\"twitter:label1\" content=\"Tiempo de lectura\" \/>\n\t<meta name=\"twitter:data1\" content=\"5 minutos\" \/>\n<script type=\"application\/ld+json\" class=\"yoast-schema-graph\">{\"@context\":\"https:\/\/schema.org\",\"@graph\":[{\"@type\":\"WebPage\",\"@id\":\"https:\/\/www.fair-field.nl\/fairfield-privacy-verklaring\/\",\"url\":\"https:\/\/www.fair-field.nl\/fairfield-privacy-verklaring\/\",\"name\":\"FairField Privacy verklaring - FairField\",\"isPartOf\":{\"@id\":\"https:\/\/www.fair-field.nl\/#website\"},\"datePublished\":\"2022-07-05T14:18:27+00:00\",\"dateModified\":\"2022-07-05T14:28:17+00:00\",\"breadcrumb\":{\"@id\":\"https:\/\/www.fair-field.nl\/fairfield-privacy-verklaring\/#breadcrumb\"},\"inLanguage\":\"es\",\"potentialAction\":[{\"@type\":\"ReadAction\",\"target\":[\"https:\/\/www.fair-field.nl\/fairfield-privacy-verklaring\/\"]}]},{\"@type\":\"BreadcrumbList\",\"@id\":\"https:\/\/www.fair-field.nl\/fairfield-privacy-verklaring\/#breadcrumb\",\"itemListElement\":[{\"@type\":\"ListItem\",\"position\":1,\"name\":\"Home\",\"item\":\"https:\/\/www.fair-field.nl\/\"},{\"@type\":\"ListItem\",\"position\":2,\"name\":\"FairField Privacy verklaring\"}]},{\"@type\":\"WebSite\",\"@id\":\"https:\/\/www.fair-field.nl\/#website\",\"url\":\"https:\/\/www.fair-field.nl\/\",\"name\":\"FairField\",\"description\":\"De volgende stap naar operationeel leiderschap\",\"publisher\":{\"@id\":\"https:\/\/www.fair-field.nl\/#organization\"},\"potentialAction\":[{\"@type\":\"SearchAction\",\"target\":{\"@type\":\"EntryPoint\",\"urlTemplate\":\"https:\/\/www.fair-field.nl\/?s={search_term_string}\"},\"query-input\":{\"@type\":\"PropertyValueSpecification\",\"valueRequired\":true,\"valueName\":\"search_term_string\"}}],\"inLanguage\":\"es\"},{\"@type\":\"Organization\",\"@id\":\"https:\/\/www.fair-field.nl\/#organization\",\"name\":\"FairField\",\"url\":\"https:\/\/www.fair-field.nl\/\",\"logo\":{\"@type\":\"ImageObject\",\"inLanguage\":\"es\",\"@id\":\"https:\/\/www.fair-field.nl\/#\/schema\/logo\/image\/\",\"url\":\"https:\/\/www.fair-field.nl\/wp-content\/uploads\/2023\/03\/fairfieldlogo.png\",\"contentUrl\":\"https:\/\/www.fair-field.nl\/wp-content\/uploads\/2023\/03\/fairfieldlogo.png\",\"width\":400,\"height\":400,\"caption\":\"FairField\"},\"image\":{\"@id\":\"https:\/\/www.fair-field.nl\/#\/schema\/logo\/image\/\"},\"sameAs\":[\"https:\/\/x.com\/bartgodding\",\"https:\/\/www.linkedin.com\/company\/fairfield-training-coaching-mbo\/\",\"https:\/\/www.youtube.com\/channel\/UCOcjkVD-Zg1TDIJxEaW4PlQ\/featured\"]}]}<\/script>\n<!-- \/ Yoast SEO plugin. -->","yoast_head_json":{"title":"Declaraci\u00f3n de privacidad de FairField - FairField","robots":{"index":"index","follow":"follow","max-snippet":"max-snippet:-1","max-image-preview":"max-image-preview:large","max-video-preview":"max-video-preview:-1"},"canonical":"https:\/\/www.fair-field.nl\/es\/declaracion-de-privacidad-de-fairfield\/","og_locale":"es_ES","og_type":"article","og_title":"FairField Privacy verklaring - FairField","og_url":"https:\/\/www.fair-field.nl\/es\/declaracion-de-privacidad-de-fairfield\/","og_site_name":"FairField","article_modified_time":"2022-07-05T14:28:17+00:00","twitter_card":"summary_large_image","twitter_site":"@bartgodding","twitter_misc":{"Tiempo de lectura":"5 minutos"},"schema":{"@context":"https:\/\/schema.org","@graph":[{"@type":"WebPage","@id":"https:\/\/www.fair-field.nl\/fairfield-privacy-verklaring\/","url":"https:\/\/www.fair-field.nl\/fairfield-privacy-verklaring\/","name":"Declaraci\u00f3n de privacidad de FairField - FairField","isPartOf":{"@id":"https:\/\/www.fair-field.nl\/#website"},"datePublished":"2022-07-05T14:18:27+00:00","dateModified":"2022-07-05T14:28:17+00:00","breadcrumb":{"@id":"https:\/\/www.fair-field.nl\/fairfield-privacy-verklaring\/#breadcrumb"},"inLanguage":"es","potentialAction":[{"@type":"ReadAction","target":["https:\/\/www.fair-field.nl\/fairfield-privacy-verklaring\/"]}]},{"@type":"BreadcrumbList","@id":"https:\/\/www.fair-field.nl\/fairfield-privacy-verklaring\/#breadcrumb","itemListElement":[{"@type":"ListItem","position":1,"name":"Home","item":"https:\/\/www.fair-field.nl\/"},{"@type":"ListItem","position":2,"name":"FairField Privacy verklaring"}]},{"@type":"WebSite","@id":"https:\/\/www.fair-field.nl\/#website","url":"https:\/\/www.fair-field.nl\/","name":"FairField","description":"El siguiente paso hacia el liderazgo operativo","publisher":{"@id":"https:\/\/www.fair-field.nl\/#organization"},"potentialAction":[{"@type":"SearchAction","target":{"@type":"EntryPoint","urlTemplate":"https:\/\/www.fair-field.nl\/?s={search_term_string}"},"query-input":{"@type":"PropertyValueSpecification","valueRequired":true,"valueName":"search_term_string"}}],"inLanguage":"es"},{"@type":"Organization","@id":"https:\/\/www.fair-field.nl\/#organization","name":"FairField","url":"https:\/\/www.fair-field.nl\/","logo":{"@type":"ImageObject","inLanguage":"es","@id":"https:\/\/www.fair-field.nl\/#\/schema\/logo\/image\/","url":"https:\/\/www.fair-field.nl\/wp-content\/uploads\/2023\/03\/fairfieldlogo.png","contentUrl":"https:\/\/www.fair-field.nl\/wp-content\/uploads\/2023\/03\/fairfieldlogo.png","width":400,"height":400,"caption":"FairField"},"image":{"@id":"https:\/\/www.fair-field.nl\/#\/schema\/logo\/image\/"},"sameAs":["https:\/\/x.com\/bartgodding","https:\/\/www.linkedin.com\/company\/fairfield-training-coaching-mbo\/","https:\/\/www.youtube.com\/channel\/UCOcjkVD-Zg1TDIJxEaW4PlQ\/featured"]}]}},"_links":{"self":[{"href":"https:\/\/www.fair-field.nl\/es\/wp-json\/wp\/v2\/pages\/4356","targetHints":{"allow":["GET"]}}],"collection":[{"href":"https:\/\/www.fair-field.nl\/es\/wp-json\/wp\/v2\/pages"}],"about":[{"href":"https:\/\/www.fair-field.nl\/es\/wp-json\/wp\/v2\/types\/page"}],"author":[{"embeddable":true,"href":"https:\/\/www.fair-field.nl\/es\/wp-json\/wp\/v2\/users\/3"}],"replies":[{"embeddable":true,"href":"https:\/\/www.fair-field.nl\/es\/wp-json\/wp\/v2\/comments?post=4356"}],"version-history":[{"count":9,"href":"https:\/\/www.fair-field.nl\/es\/wp-json\/wp\/v2\/pages\/4356\/revisions"}],"predecessor-version":[{"id":4365,"href":"https:\/\/www.fair-field.nl\/es\/wp-json\/wp\/v2\/pages\/4356\/revisions\/4365"}],"wp:attachment":[{"href":"https:\/\/www.fair-field.nl\/es\/wp-json\/wp\/v2\/media?parent=4356"}],"curies":[{"name":"wp","href":"https:\/\/api.w.org\/{rel}","templated":true}]}}