{"id":4352,"date":"2022-07-05T14:10:54","date_gmt":"2022-07-05T14:10:54","guid":{"rendered":"https:\/\/www.fair-field.nl\/?page_id=4352"},"modified":"2022-11-09T11:58:32","modified_gmt":"2022-11-09T11:58:32","slug":"todos-participan","status":"publish","type":"page","link":"https:\/\/www.fair-field.nl\/es\/buenas-practicas\/todos-participan\/","title":{"rendered":"\u00a1Todo el mundo participa!"},"content":{"rendered":"<div class=\"grve-section grve-feature-header\" data-section-title=\"\" data-section-type=\"fullwidth-background\" data-image-type=\"none\" data-full-height=\"no\"  style=\"padding-top: 70px;\"><div class=\"grve-row grve-bookmark\"><div class=\"wpb_column grve-column grve-bookmark grve-column-1-3\">\n\t<div  class=\"wpb_single_image wpb_content_element vc_align_left\">\n\t\t\n\t\t<figure class=\"wpb_wrapper vc_figure\">\n\t\t\t<div class=\"vc_single_image-wrapper   vc_box_border_grey\"><img loading=\"lazy\" decoding=\"async\" width=\"700\" height=\"261\" src=\"https:\/\/www.fair-field.nl\/wp-content\/uploads\/2022\/06\/5f60a899a853be3fe61d09c2_cosunlogo.jpg\" class=\"vc_single_image-img attachment-full\" alt=\"\" title=\"5f60a899a853be3fe61d09c2_cosunlogo\" srcset=\"https:\/\/www.fair-field.nl\/wp-content\/uploads\/2022\/06\/5f60a899a853be3fe61d09c2_cosunlogo.jpg 700w, https:\/\/www.fair-field.nl\/wp-content\/uploads\/2022\/06\/5f60a899a853be3fe61d09c2_cosunlogo-300x112.jpg 300w\" sizes=\"auto, (max-width: 700px) 100vw, 700px\" \/><\/div>\n\t\t<\/figure>\n\t<\/div>\n<\/div><div class=\"wpb_column grve-column grve-bookmark grve-column-2-3\"><div class=\"grve-element grve-text grve-leader-text\"><p>Cosun emplea a 650 personas y todas ellas reciben formaci\u00f3n de entrenadores de FairField. Desde el director hasta el empleado en la planta y todas las personas intermedias. Todos apoyan los intereses de la organizaci\u00f3n. Birgitte van Steen, directora de RRHH, explica c\u00f3mo es ese inter\u00e9s.<\/p>\n<\/div><div class=\"grve-element grve-text\"><p>Durante un periodo de dos a\u00f1os, los formadores y entrenadores de FairField visitar\u00e1n peri\u00f3dicamente uno de los cinco centros de Cosun. Porque todo el personal participa en las charlas, intervisiones y sesiones de formaci\u00f3n que har\u00e1n que vuelvan a responsabilizarse de su propio comportamiento. Los colegas de FairField se vinculan a las operaciones cotidianas. \"Participan en reuniones, consultas de trabajo y otros asuntos laborales que implican interacci\u00f3n. No entran en el contenido, pero hacen preguntas sobre el proceso. \u00bfQu\u00e9 est\u00e1 pasando aqu\u00ed ahora? \u00bfSe est\u00e1n desahogando estas personas? \u00bfHa surgido alguna acci\u00f3n o resultado de la conversaci\u00f3n? \u00bfSe est\u00e1n escuchando? \u00bfY tienen en cuenta los intereses de los dem\u00e1s?\".<\/p>\n<p><strong>La importancia de la organizaci\u00f3n<\/strong>\u00a0es producir con la mayor eficacia posible. Cosun tiene aproximadamente dos periodos: la campa\u00f1a y la intercampa\u00f1a. \"La campa\u00f1a es el momento en que la remolacha se transforma en az\u00facar, de eso se trata. En el otro periodo, el mantenimiento es central y puede que tenga una funci\u00f3n diferente en la empresa y, por tanto, un responsable diferente. Es importante que los compa\u00f1eros se entiendan bien durante todo el a\u00f1o, lleguen a acuerdos de trabajo claros y tengan el mismo objetivo cuando trabajen juntos. Esto se aplica a todos los empleados, todo el mundo est\u00e1 implicado\".<\/p>\n<p><strong>La fuerza de esta trayectoria<\/strong>\u00a0es que el coaching tiene lugar en la planta de producci\u00f3n. El personal de FairField aborda los problemas que surgen a diario, con el objetivo de cambiar permanentemente el comportamiento y, por tanto, la cultura. \"Que nuestros compa\u00f1eros entren por la puerta contentos y salgan por la puerta de buen humor, \u00e9sa es nuestra intenci\u00f3n. Creemos que es posible, con la ayuda de FairField, darnos retroalimentaci\u00f3n unos a otros de forma agradable, consultar de forma eficaz y respetando la opini\u00f3n de todos.\"<\/p>\n<p><strong>El compromiso de todos los empleados<\/strong>\u00a0es necesaria para lograr un buen resultado empresarial. Cada individuo es importante. Una comunicaci\u00f3n mutua fluida refuerza al propio empleado, al equipo en el que trabaja y, por tanto, a la organizaci\u00f3n en su conjunto. \"Vamos a conseguirlo de arriba abajo y de abajo arriba concienciando a nuestra gente de que tenemos el mismo inter\u00e9s. Cada uno indicar\u00e1 sus necesidades de aprendizaje y, a trav\u00e9s de la formaci\u00f3n, el coaching y la pr\u00e1ctica, nos acercaremos los unos a los otros y a nosotros mismos.\"<\/p>\n<p><strong>Para qu\u00e9 trabajamos<\/strong>\u00a0es que los compa\u00f1eros se relacionen entre s\u00ed. Que digan: \"Llevo unos a\u00f1os dando vueltas por aqu\u00ed, pero no s\u00e9 muy bien c\u00f3mo se relaciona mi trabajo con el tuyo\". Tiene que haber acuerdo sobre conceptos como la orientaci\u00f3n al cliente y la calidad. Eso puede ser diferente en un departamento que en otro. A medida que los empleados se impliquen en su propio desarrollo, tambi\u00e9n tendr\u00e1n en cuenta los intereses del grupo. FairField es un partido serio en esto, en el que tenemos gran confianza.<\/p>\n<\/div><\/div> <\/div><div class=\"grve-background-wrapper\"><\/div><\/div>","protected":false},"excerpt":{"rendered":"Bij Cosun werken 650 mensen en die worden allemaal getraind door coaches van FairField. Van de directeur tot de medewerker op de werkvloer en alle mensen ertussenin. Iedereen zet zijn schouders onder het belang van de organisatie. Birgitte van Steen, HR-manager, vertelt hoe dat belang eruitziet. Gedurende een periode van twee jaar zullen trainers en [...]","protected":false},"author":3,"featured_media":0,"parent":3109,"menu_order":0,"comment_status":"closed","ping_status":"closed","template":"","meta":{"footnotes":""},"class_list":["post-4352","page","type-page","status-publish","hentry"],"yoast_head":"<!-- This site is optimized with the Yoast SEO plugin v26.4 - https:\/\/yoast.com\/wordpress\/plugins\/seo\/ -->\n<title>Iedereen doet mee! - FairField<\/title>\n<meta name=\"robots\" content=\"index, follow, max-snippet:-1, max-image-preview:large, max-video-preview:-1\" \/>\n<link rel=\"canonical\" href=\"https:\/\/www.fair-field.nl\/es\/buenas-practicas\/todos-participan\/\" \/>\n<meta property=\"og:locale\" content=\"es_ES\" \/>\n<meta property=\"og:type\" content=\"article\" \/>\n<meta property=\"og:title\" content=\"Iedereen doet mee! - FairField\" \/>\n<meta property=\"og:url\" content=\"https:\/\/www.fair-field.nl\/es\/buenas-practicas\/todos-participan\/\" \/>\n<meta property=\"og:site_name\" content=\"FairField\" \/>\n<meta property=\"article:modified_time\" content=\"2022-11-09T11:58:32+00:00\" \/>\n<meta name=\"twitter:card\" content=\"summary_large_image\" \/>\n<meta name=\"twitter:site\" content=\"@bartgodding\" \/>\n<meta name=\"twitter:label1\" content=\"Tiempo de lectura\" \/>\n\t<meta name=\"twitter:data1\" content=\"3 minutos\" \/>\n<script type=\"application\/ld+json\" class=\"yoast-schema-graph\">{\"@context\":\"https:\/\/schema.org\",\"@graph\":[{\"@type\":\"WebPage\",\"@id\":\"https:\/\/www.fair-field.nl\/best-practices\/iedereen-doet-mee\/\",\"url\":\"https:\/\/www.fair-field.nl\/best-practices\/iedereen-doet-mee\/\",\"name\":\"Iedereen doet mee! - FairField\",\"isPartOf\":{\"@id\":\"https:\/\/www.fair-field.nl\/#website\"},\"datePublished\":\"2022-07-05T14:10:54+00:00\",\"dateModified\":\"2022-11-09T11:58:32+00:00\",\"breadcrumb\":{\"@id\":\"https:\/\/www.fair-field.nl\/best-practices\/iedereen-doet-mee\/#breadcrumb\"},\"inLanguage\":\"es\",\"potentialAction\":[{\"@type\":\"ReadAction\",\"target\":[\"https:\/\/www.fair-field.nl\/best-practices\/iedereen-doet-mee\/\"]}]},{\"@type\":\"BreadcrumbList\",\"@id\":\"https:\/\/www.fair-field.nl\/best-practices\/iedereen-doet-mee\/#breadcrumb\",\"itemListElement\":[{\"@type\":\"ListItem\",\"position\":1,\"name\":\"Home\",\"item\":\"https:\/\/www.fair-field.nl\/\"},{\"@type\":\"ListItem\",\"position\":2,\"name\":\"Best practices\",\"item\":\"https:\/\/www.fair-field.nl\/best-practices\/\"},{\"@type\":\"ListItem\",\"position\":3,\"name\":\"Iedereen doet mee!\"}]},{\"@type\":\"WebSite\",\"@id\":\"https:\/\/www.fair-field.nl\/#website\",\"url\":\"https:\/\/www.fair-field.nl\/\",\"name\":\"FairField\",\"description\":\"De volgende stap naar operationeel leiderschap\",\"publisher\":{\"@id\":\"https:\/\/www.fair-field.nl\/#organization\"},\"potentialAction\":[{\"@type\":\"SearchAction\",\"target\":{\"@type\":\"EntryPoint\",\"urlTemplate\":\"https:\/\/www.fair-field.nl\/?s={search_term_string}\"},\"query-input\":{\"@type\":\"PropertyValueSpecification\",\"valueRequired\":true,\"valueName\":\"search_term_string\"}}],\"inLanguage\":\"es\"},{\"@type\":\"Organization\",\"@id\":\"https:\/\/www.fair-field.nl\/#organization\",\"name\":\"FairField\",\"url\":\"https:\/\/www.fair-field.nl\/\",\"logo\":{\"@type\":\"ImageObject\",\"inLanguage\":\"es\",\"@id\":\"https:\/\/www.fair-field.nl\/#\/schema\/logo\/image\/\",\"url\":\"https:\/\/www.fair-field.nl\/wp-content\/uploads\/2023\/03\/fairfieldlogo.png\",\"contentUrl\":\"https:\/\/www.fair-field.nl\/wp-content\/uploads\/2023\/03\/fairfieldlogo.png\",\"width\":400,\"height\":400,\"caption\":\"FairField\"},\"image\":{\"@id\":\"https:\/\/www.fair-field.nl\/#\/schema\/logo\/image\/\"},\"sameAs\":[\"https:\/\/x.com\/bartgodding\",\"https:\/\/www.linkedin.com\/company\/fairfield-training-coaching-mbo\/\",\"https:\/\/www.youtube.com\/channel\/UCOcjkVD-Zg1TDIJxEaW4PlQ\/featured\"]}]}<\/script>\n<!-- \/ Yoast SEO plugin. -->","yoast_head_json":{"title":"Todo el mundo participa - FairField","robots":{"index":"index","follow":"follow","max-snippet":"max-snippet:-1","max-image-preview":"max-image-preview:large","max-video-preview":"max-video-preview:-1"},"canonical":"https:\/\/www.fair-field.nl\/es\/buenas-practicas\/todos-participan\/","og_locale":"es_ES","og_type":"article","og_title":"Iedereen doet mee! - FairField","og_url":"https:\/\/www.fair-field.nl\/es\/buenas-practicas\/todos-participan\/","og_site_name":"FairField","article_modified_time":"2022-11-09T11:58:32+00:00","twitter_card":"summary_large_image","twitter_site":"@bartgodding","twitter_misc":{"Tiempo de lectura":"3 minutos"},"schema":{"@context":"https:\/\/schema.org","@graph":[{"@type":"WebPage","@id":"https:\/\/www.fair-field.nl\/best-practices\/iedereen-doet-mee\/","url":"https:\/\/www.fair-field.nl\/best-practices\/iedereen-doet-mee\/","name":"Todo el mundo participa - FairField","isPartOf":{"@id":"https:\/\/www.fair-field.nl\/#website"},"datePublished":"2022-07-05T14:10:54+00:00","dateModified":"2022-11-09T11:58:32+00:00","breadcrumb":{"@id":"https:\/\/www.fair-field.nl\/best-practices\/iedereen-doet-mee\/#breadcrumb"},"inLanguage":"es","potentialAction":[{"@type":"ReadAction","target":["https:\/\/www.fair-field.nl\/best-practices\/iedereen-doet-mee\/"]}]},{"@type":"BreadcrumbList","@id":"https:\/\/www.fair-field.nl\/best-practices\/iedereen-doet-mee\/#breadcrumb","itemListElement":[{"@type":"ListItem","position":1,"name":"Home","item":"https:\/\/www.fair-field.nl\/"},{"@type":"ListItem","position":2,"name":"Best practices","item":"https:\/\/www.fair-field.nl\/best-practices\/"},{"@type":"ListItem","position":3,"name":"Iedereen doet mee!"}]},{"@type":"WebSite","@id":"https:\/\/www.fair-field.nl\/#website","url":"https:\/\/www.fair-field.nl\/","name":"FairField","description":"El siguiente paso hacia el liderazgo operativo","publisher":{"@id":"https:\/\/www.fair-field.nl\/#organization"},"potentialAction":[{"@type":"SearchAction","target":{"@type":"EntryPoint","urlTemplate":"https:\/\/www.fair-field.nl\/?s={search_term_string}"},"query-input":{"@type":"PropertyValueSpecification","valueRequired":true,"valueName":"search_term_string"}}],"inLanguage":"es"},{"@type":"Organization","@id":"https:\/\/www.fair-field.nl\/#organization","name":"FairField","url":"https:\/\/www.fair-field.nl\/","logo":{"@type":"ImageObject","inLanguage":"es","@id":"https:\/\/www.fair-field.nl\/#\/schema\/logo\/image\/","url":"https:\/\/www.fair-field.nl\/wp-content\/uploads\/2023\/03\/fairfieldlogo.png","contentUrl":"https:\/\/www.fair-field.nl\/wp-content\/uploads\/2023\/03\/fairfieldlogo.png","width":400,"height":400,"caption":"FairField"},"image":{"@id":"https:\/\/www.fair-field.nl\/#\/schema\/logo\/image\/"},"sameAs":["https:\/\/x.com\/bartgodding","https:\/\/www.linkedin.com\/company\/fairfield-training-coaching-mbo\/","https:\/\/www.youtube.com\/channel\/UCOcjkVD-Zg1TDIJxEaW4PlQ\/featured"]}]}},"_links":{"self":[{"href":"https:\/\/www.fair-field.nl\/es\/wp-json\/wp\/v2\/pages\/4352","targetHints":{"allow":["GET"]}}],"collection":[{"href":"https:\/\/www.fair-field.nl\/es\/wp-json\/wp\/v2\/pages"}],"about":[{"href":"https:\/\/www.fair-field.nl\/es\/wp-json\/wp\/v2\/types\/page"}],"author":[{"embeddable":true,"href":"https:\/\/www.fair-field.nl\/es\/wp-json\/wp\/v2\/users\/3"}],"replies":[{"embeddable":true,"href":"https:\/\/www.fair-field.nl\/es\/wp-json\/wp\/v2\/comments?post=4352"}],"version-history":[{"count":7,"href":"https:\/\/www.fair-field.nl\/es\/wp-json\/wp\/v2\/pages\/4352\/revisions"}],"predecessor-version":[{"id":5085,"href":"https:\/\/www.fair-field.nl\/es\/wp-json\/wp\/v2\/pages\/4352\/revisions\/5085"}],"up":[{"embeddable":true,"href":"https:\/\/www.fair-field.nl\/es\/wp-json\/wp\/v2\/pages\/3109"}],"wp:attachment":[{"href":"https:\/\/www.fair-field.nl\/es\/wp-json\/wp\/v2\/media?parent=4352"}],"curies":[{"name":"wp","href":"https:\/\/api.w.org\/{rel}","templated":true}]}}