{"id":4315,"date":"2022-07-05T13:34:10","date_gmt":"2022-07-05T13:34:10","guid":{"rendered":"https:\/\/www.fair-field.nl\/?page_id=4315"},"modified":"2022-11-08T18:31:20","modified_gmt":"2022-11-08T18:31:20","slug":"construir-puentes-internos-y-externos","status":"publish","type":"page","link":"https:\/\/www.fair-field.nl\/es\/buenas-practicas\/construir-puentes-internos-y-externos\/","title":{"rendered":"Construir puentes, internos y externos"},"content":{"rendered":"<div class=\"grve-section grve-feature-header\" data-section-title=\"\" data-section-type=\"fullwidth-background\" data-image-type=\"none\" data-full-height=\"no\"  style=\"padding-top: 70px;padding-bottom: 10px;\"><div class=\"grve-row grve-bookmark\"><div class=\"wpb_column grve-column grve-bookmark grve-column-1-3\">\n\t<div  class=\"wpb_single_image wpb_content_element vc_align_left\">\n\t\t\n\t\t<figure class=\"wpb_wrapper vc_figure\">\n\t\t\t<div class=\"vc_single_image-wrapper   vc_box_border_grey\"><img loading=\"lazy\" decoding=\"async\" width=\"700\" height=\"261\" src=\"https:\/\/www.fair-field.nl\/wp-content\/uploads\/2022\/06\/5c507c40db601214563a452e_merconlogo.jpg\" class=\"vc_single_image-img attachment-full\" alt=\"\" title=\"5c507c40db601214563a452e_merconlogo\" srcset=\"https:\/\/www.fair-field.nl\/wp-content\/uploads\/2022\/06\/5c507c40db601214563a452e_merconlogo.jpg 700w, https:\/\/www.fair-field.nl\/wp-content\/uploads\/2022\/06\/5c507c40db601214563a452e_merconlogo-300x112.jpg 300w\" sizes=\"auto, (max-width: 700px) 100vw, 700px\" \/><\/div>\n\t\t<\/figure>\n\t<\/div>\n<\/div><div class=\"wpb_column grve-column grve-bookmark grve-column-2-3\"><div class=\"grve-element grve-text grve-leader-text\"><p>El refuerzo de estructuras met\u00e1licas mediante soldadura es la actividad principal de Mercon Montage B.V. Este robusto trabajo lo llevan a cabo empleados experimentados. Es tradici\u00f3n y ambici\u00f3n dentro de Mercon esforzarse por la conexi\u00f3n y el cambio. Con esta visi\u00f3n en mente, Simone Beerepoot fue en busca de partes que pudieran apoyar esto.<\/p>\n<\/div><div class=\"grve-element grve-text\"><p><strong>Simone lleva el desarrollo en la sangre.\u00a0<\/strong>Como miembro de MT en Mercon, en su papel de desarrolladora organizativa, se asegura de que todos los empleados saquen lo mejor de s\u00ed mismos, \u00a1y de los dem\u00e1s! Este a\u00f1o se formar\u00e1 a una cuarta parte de los 200 empleados. Los coaches de FairField trabajar\u00e1n con un grupo de 15 personas. El objetivo es aumentar la satisfacci\u00f3n en el trabajo, mejorar la artesan\u00eda y alcanzar el \u00e9xito.<\/p>\n<p><strong>\"Establezco v\u00edas de desarrollo<\/strong>\u00a0con cada uno de sus colegas y sus supervisores. Este itinerario dura aproximadamente un a\u00f1o. Las etapas de este itinerario est\u00e1n hechas a medida. Se define un papel para cada uno, adem\u00e1s de la funci\u00f3n que desempe\u00f1a. Trazo un mapa de la funci\u00f3n y hago un an\u00e1lisis de las carencias: \u00bfqu\u00e9 le falta a alguien para crecer en su funci\u00f3n?<\/p>\n<p><strong>A continuaci\u00f3n, me puse manos a la obra<\/strong>\u00a0Averiguar para todos los empleados qu\u00e9 cursos de formaci\u00f3n se ajustan a sus necesidades de aprendizaje. \u00bfQu\u00e9 parte elijo, qu\u00e9 plazo es suficiente? Hago una lista de los puntos centrales, me fijo en el contenido, pero tambi\u00e9n me aseguro de que sea log\u00edsticamente correcto; \u00bfcu\u00e1nto dura la formaci\u00f3n, cu\u00e1ntas veces tiene que moverse un empleado de su sitio, encaja?<\/p>\n<p><strong>En FairField, encontr\u00e9 el lote<\/strong>\u00a0que coincid\u00edan con nuestros int\u00e9rpretes dentro de Mercon. Se trata principalmente de licenciados en lbo y mbo y requieren un enfoque propio. FairField tiene experiencia en abordar, formar y trabajar con este grupo en el taller. Con humor y entusiasmo, motivan a los empleados y suelen mantener la motivaci\u00f3n incluso durante las sesiones de formaci\u00f3n.<\/p>\n<p><strong>En el saque inicial, Jack de Waard fue<\/strong> en conversaci\u00f3n con ejecutores. Meti\u00f3 a estos colegas en su historia, les habl\u00f3 de casos concretos y de c\u00f3mo pueden empezar a trabajar de forma m\u00e1s inteligente y eficiente.  Su forma aut\u00e9ntica de hacer las cosas da confianza a Mercon, pero tambi\u00e9n a los participantes. De antemano, algunos se mostraban un poco esc\u00e9pticos, pero despu\u00e9s de la \"charla\" se entusiasmaron.<\/p>\n<p><strong>La formaci\u00f3n a\u00fan no ha comenzado\u00a0<\/strong>pero tenemos confianza. Suponemos que nuestra gente se siente m\u00e1s c\u00f3moda en sus funciones despu\u00e9s de estas sesiones de formaci\u00f3n. Se sentir\u00e1n mejor, tomar\u00e1n decisiones diferentes y har\u00e1n su trabajo de forma m\u00e1s agradable. Tender puentes, interna y externamente. Eso dar\u00e1 resultados, para las propias personas, para sus colegas y tambi\u00e9n para Mercon.<\/p>\n<p><strong>Es mi trabajo<\/strong>\u00a0para gestionar estos avances. Los procesos empresariales mejoran. Empieza con la solicitud del cliente y termina con clientes satisfechos. Para eso trabajamos todos. Si mis colegas se divierten m\u00e1s en su trabajo, yo estoy satisfecho. As\u00ed, el trabajo ser\u00e1 m\u00e1s divertido\".<\/p>\n<p><strong>Simone Beerepoot<\/strong><br \/>\nMiembro de MT en Mercon<\/p>\n<\/div><\/div> <\/div><div class=\"grve-background-wrapper\"><\/div><\/div><div class=\"grve-section\" data-section-title=\"\" data-section-type=\"fullwidth-background\" data-image-type=\"none\" data-full-height=\"no\"><div class=\"grve-row grve-bookmark\"><div class=\"wpb_column grve-column grve-bookmark grve-column-1\"><\/div> <\/div><div class=\"grve-background-wrapper\"><\/div><\/div>","protected":false},"excerpt":{"rendered":"Het verstevigen van metalen constructies via laswerk is de corebusiness van Mercon Montage B.V. Dit robuuste werk wordt uitgevoerd door ervaren medewerkers. Het is traditie en ambitie binnen Mercon om te streven naar verbinding en verandering. Met deze visie in het achterhoofd ging Simone Beerepoot op zoek naar partijen die hierbij kunnen ondersteunen. Ontwikkelen zit [...]","protected":false},"author":3,"featured_media":0,"parent":3109,"menu_order":0,"comment_status":"closed","ping_status":"closed","template":"","meta":{"footnotes":""},"class_list":["post-4315","page","type-page","status-publish","hentry"],"yoast_head":"<!-- This site is optimized with the Yoast SEO plugin v26.4 - https:\/\/yoast.com\/wordpress\/plugins\/seo\/ -->\n<title>Bruggen bouwen, intern en extern - FairField<\/title>\n<meta name=\"robots\" content=\"index, follow, max-snippet:-1, max-image-preview:large, max-video-preview:-1\" \/>\n<link rel=\"canonical\" href=\"https:\/\/www.fair-field.nl\/es\/buenas-practicas\/construir-puentes-internos-y-externos\/\" \/>\n<meta property=\"og:locale\" content=\"es_ES\" \/>\n<meta property=\"og:type\" content=\"article\" \/>\n<meta property=\"og:title\" content=\"Bruggen bouwen, intern en extern - FairField\" \/>\n<meta property=\"og:url\" content=\"https:\/\/www.fair-field.nl\/es\/buenas-practicas\/construir-puentes-internos-y-externos\/\" \/>\n<meta property=\"og:site_name\" content=\"FairField\" \/>\n<meta property=\"article:modified_time\" content=\"2022-11-08T18:31:20+00:00\" \/>\n<meta name=\"twitter:card\" content=\"summary_large_image\" \/>\n<meta name=\"twitter:site\" content=\"@bartgodding\" \/>\n<meta name=\"twitter:label1\" content=\"Tiempo de lectura\" \/>\n\t<meta name=\"twitter:data1\" content=\"3 minutos\" \/>\n<script type=\"application\/ld+json\" class=\"yoast-schema-graph\">{\"@context\":\"https:\/\/schema.org\",\"@graph\":[{\"@type\":\"WebPage\",\"@id\":\"https:\/\/www.fair-field.nl\/best-practices\/bruggen-bouwen-intern-en-extern\/\",\"url\":\"https:\/\/www.fair-field.nl\/best-practices\/bruggen-bouwen-intern-en-extern\/\",\"name\":\"Bruggen bouwen, intern en extern - FairField\",\"isPartOf\":{\"@id\":\"https:\/\/www.fair-field.nl\/#website\"},\"datePublished\":\"2022-07-05T13:34:10+00:00\",\"dateModified\":\"2022-11-08T18:31:20+00:00\",\"breadcrumb\":{\"@id\":\"https:\/\/www.fair-field.nl\/best-practices\/bruggen-bouwen-intern-en-extern\/#breadcrumb\"},\"inLanguage\":\"es\",\"potentialAction\":[{\"@type\":\"ReadAction\",\"target\":[\"https:\/\/www.fair-field.nl\/best-practices\/bruggen-bouwen-intern-en-extern\/\"]}]},{\"@type\":\"BreadcrumbList\",\"@id\":\"https:\/\/www.fair-field.nl\/best-practices\/bruggen-bouwen-intern-en-extern\/#breadcrumb\",\"itemListElement\":[{\"@type\":\"ListItem\",\"position\":1,\"name\":\"Home\",\"item\":\"https:\/\/www.fair-field.nl\/\"},{\"@type\":\"ListItem\",\"position\":2,\"name\":\"Best practices\",\"item\":\"https:\/\/www.fair-field.nl\/best-practices\/\"},{\"@type\":\"ListItem\",\"position\":3,\"name\":\"Bruggen bouwen, intern en extern\"}]},{\"@type\":\"WebSite\",\"@id\":\"https:\/\/www.fair-field.nl\/#website\",\"url\":\"https:\/\/www.fair-field.nl\/\",\"name\":\"FairField\",\"description\":\"De volgende stap naar operationeel leiderschap\",\"publisher\":{\"@id\":\"https:\/\/www.fair-field.nl\/#organization\"},\"potentialAction\":[{\"@type\":\"SearchAction\",\"target\":{\"@type\":\"EntryPoint\",\"urlTemplate\":\"https:\/\/www.fair-field.nl\/?s={search_term_string}\"},\"query-input\":{\"@type\":\"PropertyValueSpecification\",\"valueRequired\":true,\"valueName\":\"search_term_string\"}}],\"inLanguage\":\"es\"},{\"@type\":\"Organization\",\"@id\":\"https:\/\/www.fair-field.nl\/#organization\",\"name\":\"FairField\",\"url\":\"https:\/\/www.fair-field.nl\/\",\"logo\":{\"@type\":\"ImageObject\",\"inLanguage\":\"es\",\"@id\":\"https:\/\/www.fair-field.nl\/#\/schema\/logo\/image\/\",\"url\":\"https:\/\/www.fair-field.nl\/wp-content\/uploads\/2023\/03\/fairfieldlogo.png\",\"contentUrl\":\"https:\/\/www.fair-field.nl\/wp-content\/uploads\/2023\/03\/fairfieldlogo.png\",\"width\":400,\"height\":400,\"caption\":\"FairField\"},\"image\":{\"@id\":\"https:\/\/www.fair-field.nl\/#\/schema\/logo\/image\/\"},\"sameAs\":[\"https:\/\/x.com\/bartgodding\",\"https:\/\/www.linkedin.com\/company\/fairfield-training-coaching-mbo\/\",\"https:\/\/www.youtube.com\/channel\/UCOcjkVD-Zg1TDIJxEaW4PlQ\/featured\"]}]}<\/script>\n<!-- \/ Yoast SEO plugin. -->","yoast_head_json":{"title":"Construir puentes, internos y externos - FairField","robots":{"index":"index","follow":"follow","max-snippet":"max-snippet:-1","max-image-preview":"max-image-preview:large","max-video-preview":"max-video-preview:-1"},"canonical":"https:\/\/www.fair-field.nl\/es\/buenas-practicas\/construir-puentes-internos-y-externos\/","og_locale":"es_ES","og_type":"article","og_title":"Bruggen bouwen, intern en extern - FairField","og_url":"https:\/\/www.fair-field.nl\/es\/buenas-practicas\/construir-puentes-internos-y-externos\/","og_site_name":"FairField","article_modified_time":"2022-11-08T18:31:20+00:00","twitter_card":"summary_large_image","twitter_site":"@bartgodding","twitter_misc":{"Tiempo de lectura":"3 minutos"},"schema":{"@context":"https:\/\/schema.org","@graph":[{"@type":"WebPage","@id":"https:\/\/www.fair-field.nl\/best-practices\/bruggen-bouwen-intern-en-extern\/","url":"https:\/\/www.fair-field.nl\/best-practices\/bruggen-bouwen-intern-en-extern\/","name":"Construir puentes, internos y externos - FairField","isPartOf":{"@id":"https:\/\/www.fair-field.nl\/#website"},"datePublished":"2022-07-05T13:34:10+00:00","dateModified":"2022-11-08T18:31:20+00:00","breadcrumb":{"@id":"https:\/\/www.fair-field.nl\/best-practices\/bruggen-bouwen-intern-en-extern\/#breadcrumb"},"inLanguage":"es","potentialAction":[{"@type":"ReadAction","target":["https:\/\/www.fair-field.nl\/best-practices\/bruggen-bouwen-intern-en-extern\/"]}]},{"@type":"BreadcrumbList","@id":"https:\/\/www.fair-field.nl\/best-practices\/bruggen-bouwen-intern-en-extern\/#breadcrumb","itemListElement":[{"@type":"ListItem","position":1,"name":"Home","item":"https:\/\/www.fair-field.nl\/"},{"@type":"ListItem","position":2,"name":"Best practices","item":"https:\/\/www.fair-field.nl\/best-practices\/"},{"@type":"ListItem","position":3,"name":"Bruggen bouwen, intern en extern"}]},{"@type":"WebSite","@id":"https:\/\/www.fair-field.nl\/#website","url":"https:\/\/www.fair-field.nl\/","name":"FairField","description":"El siguiente paso hacia el liderazgo operativo","publisher":{"@id":"https:\/\/www.fair-field.nl\/#organization"},"potentialAction":[{"@type":"SearchAction","target":{"@type":"EntryPoint","urlTemplate":"https:\/\/www.fair-field.nl\/?s={search_term_string}"},"query-input":{"@type":"PropertyValueSpecification","valueRequired":true,"valueName":"search_term_string"}}],"inLanguage":"es"},{"@type":"Organization","@id":"https:\/\/www.fair-field.nl\/#organization","name":"FairField","url":"https:\/\/www.fair-field.nl\/","logo":{"@type":"ImageObject","inLanguage":"es","@id":"https:\/\/www.fair-field.nl\/#\/schema\/logo\/image\/","url":"https:\/\/www.fair-field.nl\/wp-content\/uploads\/2023\/03\/fairfieldlogo.png","contentUrl":"https:\/\/www.fair-field.nl\/wp-content\/uploads\/2023\/03\/fairfieldlogo.png","width":400,"height":400,"caption":"FairField"},"image":{"@id":"https:\/\/www.fair-field.nl\/#\/schema\/logo\/image\/"},"sameAs":["https:\/\/x.com\/bartgodding","https:\/\/www.linkedin.com\/company\/fairfield-training-coaching-mbo\/","https:\/\/www.youtube.com\/channel\/UCOcjkVD-Zg1TDIJxEaW4PlQ\/featured"]}]}},"_links":{"self":[{"href":"https:\/\/www.fair-field.nl\/es\/wp-json\/wp\/v2\/pages\/4315","targetHints":{"allow":["GET"]}}],"collection":[{"href":"https:\/\/www.fair-field.nl\/es\/wp-json\/wp\/v2\/pages"}],"about":[{"href":"https:\/\/www.fair-field.nl\/es\/wp-json\/wp\/v2\/types\/page"}],"author":[{"embeddable":true,"href":"https:\/\/www.fair-field.nl\/es\/wp-json\/wp\/v2\/users\/3"}],"replies":[{"embeddable":true,"href":"https:\/\/www.fair-field.nl\/es\/wp-json\/wp\/v2\/comments?post=4315"}],"version-history":[{"count":19,"href":"https:\/\/www.fair-field.nl\/es\/wp-json\/wp\/v2\/pages\/4315\/revisions"}],"predecessor-version":[{"id":5077,"href":"https:\/\/www.fair-field.nl\/es\/wp-json\/wp\/v2\/pages\/4315\/revisions\/5077"}],"up":[{"embeddable":true,"href":"https:\/\/www.fair-field.nl\/es\/wp-json\/wp\/v2\/pages\/3109"}],"wp:attachment":[{"href":"https:\/\/www.fair-field.nl\/es\/wp-json\/wp\/v2\/media?parent=4315"}],"curies":[{"name":"wp","href":"https:\/\/api.w.org\/{rel}","templated":true}]}}