{"id":3107,"date":"2022-06-16T20:13:24","date_gmt":"2022-06-16T20:13:24","guid":{"rendered":"https:\/\/www.quinn.nl\/?page_id=3107"},"modified":"2024-02-25T14:56:18","modified_gmt":"2024-02-25T14:56:18","slug":"cursos-de-formacion","status":"publish","type":"page","link":"https:\/\/www.fair-field.nl\/es\/cursos-de-formacion\/","title":{"rendered":"Formaci\u00f3n"},"content":{"rendered":"<div class=\"grve-section grve-feature-header grve-feature-footer\" data-section-title=\"\" data-section-type=\"fullwidth-background\" data-image-type=\"none\" data-full-height=\"no\"  style=\"padding-bottom: 20px;\"><div class=\"grve-row grve-bookmark\"><div class=\"wpb_column grve-column grve-bookmark grve-column-1-2 vc_custom_1656783046647\"><div class=\"vc_empty_space\"   style=\"height: 50px\"><span class=\"vc_empty_space_inner\"><\/span><\/div><h3 class=\"grve-element grve-align-left grve-title-line grve-h3\" style=\"\"><span>Desarrollo del liderazgo<\/span><\/h3><div class=\"grve-element grve-text\"><p>\"El desarrollo del liderazgo en los directores de operaciones requiere un enfoque espec\u00edfico. Tomamos el trabajo del director de operaciones como punto de partida y desarrollamos competencias que son directamente aplicables. Trabajamos seg\u00fan el \"modelo de aprendizaje directo de la pr\u00e1ctica\" que hemos desarrollado nosotros mismos. Esto resulta enormemente motivador y garantiza un efecto \u00f3ptimo\". Este enfoque se traduce en una mejora demostrable del rendimiento en 90% de los participantes. Un director de operaciones de una planta sider\u00fargica tiene una formaci\u00f3n diferente a la de uno de una empresa de limpieza. Por eso creemos firmemente en un enfoque a medida. FairField funciona seg\u00fan el modelo de pr\u00e1ctica directa. Los participantes aprenden habilidades que pueden aplicar inmediatamente. Esto resulta enormemente estimulante.<\/p>\n<\/div><div class=\"vc_empty_space\"   style=\"height: 50px\"><span class=\"vc_empty_space_inner\"><\/span><\/div><\/div><div class=\"wpb_column grve-column grve-bookmark grve-column-1-2\"><div class=\"vc_empty_space\"   style=\"height: 50px\"><span class=\"vc_empty_space_inner\"><\/span><\/div><div class=\"grve-element grve-image grve-full-image grve-align-center\" style=\"margin-bottom: 10px;\"><img loading=\"lazy\" decoding=\"async\" width=\"2560\" height=\"1707\" src=\"https:\/\/www.fair-field.nl\/wp-content\/uploads\/2022\/10\/AdobeStock_455974086-scaled.jpeg\" class=\"attachment-full size-full\" alt=\"\" srcset=\"https:\/\/www.fair-field.nl\/wp-content\/uploads\/2022\/10\/AdobeStock_455974086-scaled.jpeg 2560w, https:\/\/www.fair-field.nl\/wp-content\/uploads\/2022\/10\/AdobeStock_455974086-300x200.jpeg 300w, https:\/\/www.fair-field.nl\/wp-content\/uploads\/2022\/10\/AdobeStock_455974086-1024x683.jpeg 1024w, https:\/\/www.fair-field.nl\/wp-content\/uploads\/2022\/10\/AdobeStock_455974086-768x512.jpeg 768w, https:\/\/www.fair-field.nl\/wp-content\/uploads\/2022\/10\/AdobeStock_455974086-1536x1024.jpeg 1536w, https:\/\/www.fair-field.nl\/wp-content\/uploads\/2022\/10\/AdobeStock_455974086-18x12.jpeg 18w, https:\/\/www.fair-field.nl\/wp-content\/uploads\/2022\/10\/AdobeStock_455974086-1920x1280.jpeg 1920w\" sizes=\"auto, (max-width: 2560px) 100vw, 2560px\" \/><\/div><div class=\"vc_empty_space\"   style=\"height: 50px\"><span class=\"vc_empty_space_inner\"><\/span><\/div><\/div> <\/div><div class=\"grve-background-wrapper\"><\/div><\/div><div class=\"grve-section\" data-section-title=\"\" data-section-type=\"fullwidth-background\" data-image-type=\"none\" data-full-height=\"no\"><div class=\"grve-row grve-bookmark\"><div class=\"wpb_column grve-column grve-bookmark grve-column-1-2 vc_custom_1656783046647\"><div class=\"vc_empty_space\"   style=\"height: 25px\"><span class=\"vc_empty_space_inner\"><\/span><\/div>\n\t<div  class=\"wpb_single_image wpb_content_element vc_align_right\">\n\t\t\n\t\t<figure class=\"wpb_wrapper vc_figure\">\n\t\t\t<div class=\"vc_single_image-wrapper   vc_box_border_grey\"><img loading=\"lazy\" decoding=\"async\" class=\"vc_single_image-img\" src=\"https:\/\/www.fair-field.nl\/wp-content\/uploads\/2022\/08\/uit-5-stappen-tot-het-beste-Fairfield-resultaat-400x400.png\" width=\"400\" height=\"400\" alt=\"de-5-pasos-para-obtener-los-mejores-resultados-de-Fairfield\" title=\"de-5-pasos-para-obtener-los-mejores-resultados-de-Fairfield\" \/><\/div>\n\t\t<\/figure>\n\t<\/div>\n<\/div><div class=\"wpb_column grve-column grve-bookmark grve-column-1-2\"><div class=\"vc_empty_space\"   style=\"height: 25px\"><span class=\"vc_empty_space_inner\"><\/span><\/div><h3 class=\"grve-element grve-align-left grve-title-line grve-h3\" style=\"\"><span>5 pasos para obtener el mejor resultado FairField<\/span><\/h3><div class=\"grve-element grve-text\"><p><b>Los programas de desarrollo que tienen \u00e9xito presentan algunas similitudes evidentes. Esto es bastante especial porque las empresas y organizaciones suelen diferir mucho entre s\u00ed. Sin embargo, hay muchas cosas que son similares.<span class=\"Apple-converted-space\">\u00a0<\/span><\/b><\/p>\n<p><b>Solicite nuestro kit de inicio para gestores de operaciones a trav\u00e9s del bot\u00f3n de contacto<br \/>\n<\/b><\/p>\n<\/div><div class=\"grve-element grve-text grve-leader-text\"><p style=\"text-align: left;\"><b>90% crecimiento demostrable de la poblaci\u00f3n participante<\/b><\/p>\n<\/div><\/div> <\/div><div class=\"grve-background-wrapper\">  <div class=\"grve-bg-image\"   style=\"background-image: url(https:\/\/www.fair-field.nl\/wp-content\/uploads\/2022\/07\/backgroundhomelicht-1920x1306.jpg);\"><\/div><\/div><\/div><div class=\"grve-section\" data-section-title=\"\" data-section-type=\"fullwidth-background\" data-image-type=\"none\" data-full-height=\"no\"  style=\"padding-top: 40px;padding-bottom: 10px;\"><div class=\"grve-row grve-bookmark\"><div class=\"wpb_column grve-column grve-bookmark grve-column-1\"><h3 class=\"grve-element grve-align-left grve-title-line grve-h3\" style=\"\"><span>Nuestras formaciones para empresas<\/span><\/h3><div class=\"grve-element grve-text grve-leader-text\"><p>Los cursos de formaci\u00f3n se adaptan a la pr\u00e1ctica de su organizaci\u00f3n. Por eso, nos desplazamos a sus instalaciones para que los empleados puedan desarrollarse \"in situ\", por ejemplo. De ese modo, tanto nosotros como ellos conseguimos los mejores resultados.<\/p>\n<\/div><\/div> <\/div><div class=\"grve-background-wrapper\"><\/div><\/div><div class=\"grve-section\" data-section-title=\"\" data-section-type=\"fullwidth-background\" data-image-type=\"none\" data-full-height=\"no\"  style=\"padding-top: 20px;padding-bottom: 20px;\"><div class=\"grve-row grve-bookmark\"><div class=\"wpb_column grve-column grve-bookmark grve-column-1-3\"><div class=\"grve-element grve-box grve-align-left\" style=\"\"><div class=\"grve-media\"><img loading=\"lazy\" decoding=\"async\" width=\"1000\" height=\"667\" src=\"https:\/\/www.fair-field.nl\/wp-content\/uploads\/2022\/09\/Training_317216813kl.jpg\" class=\"attachment-full size-full\" alt=\"\" srcset=\"https:\/\/www.fair-field.nl\/wp-content\/uploads\/2022\/09\/Training_317216813kl.jpg 1000w, https:\/\/www.fair-field.nl\/wp-content\/uploads\/2022\/09\/Training_317216813kl-300x200.jpg 300w, https:\/\/www.fair-field.nl\/wp-content\/uploads\/2022\/09\/Training_317216813kl-768x512.jpg 768w, https:\/\/www.fair-field.nl\/wp-content\/uploads\/2022\/09\/Training_317216813kl-18x12.jpg 18w\" sizes=\"auto, (max-width: 1000px) 100vw, 1000px\" \/><\/div>  <div class=\"grve-box-content\"><h5 class=\"grve-box-title\"><span>Cursos de formaci\u00f3n sobre rendimiento<\/span><\/h5>    <p>Los cursos de formaci\u00f3n para el rendimiento se caracterizan por un fuerte \u00e9nfasis en el desarrollo de la actitud y el comportamiento. Una actitud diferente hacia el trabajo y los compa\u00f1eros es un requisito previo para lograr un mejor rendimiento laboral. Una actitud b\u00e1sica positiva es un requisito previo para lograr el desarrollo de las capacidades. La atenci\u00f3n se centra en desarrollar el sentido de pertenencia y una actitud fundamental positiva.<\/p>  <\/div><\/div><\/div><div class=\"wpb_column grve-column grve-bookmark grve-column-1-3\"><div class=\"grve-element grve-box grve-align-left\" style=\"\"><div class=\"grve-media\"><img loading=\"lazy\" decoding=\"async\" width=\"1000\" height=\"667\" src=\"https:\/\/www.fair-field.nl\/wp-content\/uploads\/2022\/09\/Training_394398876kl.jpg\" class=\"attachment-full size-full\" alt=\"\" srcset=\"https:\/\/www.fair-field.nl\/wp-content\/uploads\/2022\/09\/Training_394398876kl.jpg 1000w, https:\/\/www.fair-field.nl\/wp-content\/uploads\/2022\/09\/Training_394398876kl-300x200.jpg 300w, https:\/\/www.fair-field.nl\/wp-content\/uploads\/2022\/09\/Training_394398876kl-768x512.jpg 768w, https:\/\/www.fair-field.nl\/wp-content\/uploads\/2022\/09\/Training_394398876kl-18x12.jpg 18w\" sizes=\"auto, (max-width: 1000px) 100vw, 1000px\" \/><\/div>  <div class=\"grve-box-content\"><h5 class=\"grve-box-title\"><span>Tratar con culturas diferentes<\/span><\/h5>    <p>El trabajo conjunto de culturas diferentes suele salir bien, pero a veces sale mal. Ense\u00f1amos a los participantes a tratar con colegas de otras culturas. Para ello, hacemos que los participantes miren a otras culturas con la mente abierta, aprendan a entenderlas y trasladen a la comunicaci\u00f3n las caracter\u00edsticas espec\u00edficas de otras culturas.<\/p>  <\/div><\/div><\/div><div class=\"wpb_column grve-column grve-bookmark grve-column-1-3\"><div class=\"grve-element grve-box grve-align-left\" style=\"\"><div class=\"grve-media\"><img loading=\"lazy\" decoding=\"async\" width=\"1000\" height=\"667\" src=\"https:\/\/www.fair-field.nl\/wp-content\/uploads\/2022\/09\/training_488135379kl.jpg\" class=\"attachment-full size-full\" alt=\"\" srcset=\"https:\/\/www.fair-field.nl\/wp-content\/uploads\/2022\/09\/training_488135379kl.jpg 1000w, https:\/\/www.fair-field.nl\/wp-content\/uploads\/2022\/09\/training_488135379kl-300x200.jpg 300w, https:\/\/www.fair-field.nl\/wp-content\/uploads\/2022\/09\/training_488135379kl-768x512.jpg 768w, https:\/\/www.fair-field.nl\/wp-content\/uploads\/2022\/09\/training_488135379kl-18x12.jpg 18w\" sizes=\"auto, (max-width: 1000px) 100vw, 1000px\" \/><\/div>  <div class=\"grve-box-content\"><h5 class=\"grve-box-title\"><span>Motivar a los empleados<\/span><\/h5>    <p>\u00bfQu\u00e9 hace que mis empleados corran m\u00e1s? Los empleados operativos requieren un enfoque espec\u00edfico a la hora de motivarlos. \u00bfC\u00f3mo consigo un mayor compromiso? \u00bfC\u00f3mo estimulo el sentido de pertenencia? \u00bfY c\u00f3mo puedo prestar una atenci\u00f3n espec\u00edfica que haga que los empleados rindan m\u00e1s?<\/p>  <\/div><\/div><\/div> <\/div><div class=\"grve-background-wrapper\"><\/div><\/div><div class=\"grve-section\" data-section-title=\"\" data-section-type=\"fullwidth-background\" data-image-type=\"none\" data-full-height=\"no\"  style=\"padding-top: 10px;padding-bottom: 70px;\"><div class=\"grve-row grve-bookmark\"><div class=\"wpb_column grve-column grve-bookmark grve-column-1-3\"><div class=\"grve-element grve-box grve-align-left\" style=\"\"><div class=\"grve-media\"><img loading=\"lazy\" decoding=\"async\" width=\"1000\" height=\"668\" src=\"https:\/\/www.fair-field.nl\/wp-content\/uploads\/2022\/09\/Training_290586003kl.jpg\" class=\"attachment-full size-full\" alt=\"\" srcset=\"https:\/\/www.fair-field.nl\/wp-content\/uploads\/2022\/09\/Training_290586003kl.jpg 1000w, https:\/\/www.fair-field.nl\/wp-content\/uploads\/2022\/09\/Training_290586003kl-300x200.jpg 300w, https:\/\/www.fair-field.nl\/wp-content\/uploads\/2022\/09\/Training_290586003kl-768x513.jpg 768w, https:\/\/www.fair-field.nl\/wp-content\/uploads\/2022\/09\/Training_290586003kl-18x12.jpg 18w\" sizes=\"auto, (max-width: 1000px) 100vw, 1000px\" \/><\/div>  <div class=\"grve-box-content\"><h5 class=\"grve-box-title\"><span>Liderazgo para la gesti\u00f3n de operaciones<\/span><\/h5>    <p>Los directores de operaciones tienen una gran influencia en el comportamiento de los empleados ejecutivos. El liderazgo para directores de operaciones comprende un programa de desarrollo total con un efecto sostenible y duradero.<\/p>  <\/div><\/div><\/div><div class=\"wpb_column grve-column grve-bookmark grve-column-1-3\"><div class=\"grve-element grve-box grve-align-left\" style=\"\"><div class=\"grve-media\"><img loading=\"lazy\" decoding=\"async\" width=\"1000\" height=\"667\" src=\"https:\/\/www.fair-field.nl\/wp-content\/uploads\/2022\/09\/training_128878973kl.jpg\" class=\"attachment-full size-full\" alt=\"\" srcset=\"https:\/\/www.fair-field.nl\/wp-content\/uploads\/2022\/09\/training_128878973kl.jpg 1000w, https:\/\/www.fair-field.nl\/wp-content\/uploads\/2022\/09\/training_128878973kl-300x200.jpg 300w, https:\/\/www.fair-field.nl\/wp-content\/uploads\/2022\/09\/training_128878973kl-768x512.jpg 768w, https:\/\/www.fair-field.nl\/wp-content\/uploads\/2022\/09\/training_128878973kl-18x12.jpg 18w\" sizes=\"auto, (max-width: 1000px) 100vw, 1000px\" \/><\/div>  <div class=\"grve-box-content\"><h5 class=\"grve-box-title\"><span>Entrevistas para directores de operaciones<\/span><\/h5>    <p>El \u00e9xito de las conversaciones no es casual. Los directores de operaciones mantienen conversaciones peri\u00f3dicas con los empleados. Los participantes aprender\u00e1n a construir una buena conversaci\u00f3n. C\u00f3mo combinar la formulaci\u00f3n de preguntas con una buena escucha. C\u00f3mo preparar y dar feedback de forma inteligente para que los empleados me escuchen.<\/p>  <\/div><\/div><\/div><div class=\"wpb_column grve-column grve-bookmark grve-column-1-3\"><div class=\"grve-element grve-box grve-align-left\" style=\"\"><div class=\"grve-media\"><img loading=\"lazy\" decoding=\"async\" width=\"1000\" height=\"667\" src=\"https:\/\/www.fair-field.nl\/wp-content\/uploads\/2022\/09\/AdobeStock_311065239_Preview-1.jpeg\" class=\"attachment-full size-full\" alt=\"\" srcset=\"https:\/\/www.fair-field.nl\/wp-content\/uploads\/2022\/09\/AdobeStock_311065239_Preview-1.jpeg 1000w, https:\/\/www.fair-field.nl\/wp-content\/uploads\/2022\/09\/AdobeStock_311065239_Preview-1-300x200.jpeg 300w, https:\/\/www.fair-field.nl\/wp-content\/uploads\/2022\/09\/AdobeStock_311065239_Preview-1-768x512.jpeg 768w, https:\/\/www.fair-field.nl\/wp-content\/uploads\/2022\/09\/AdobeStock_311065239_Preview-1-18x12.jpeg 18w, https:\/\/www.fair-field.nl\/wp-content\/uploads\/2022\/09\/AdobeStock_311065239_Preview-1-174x116.jpeg 174w\" sizes=\"auto, (max-width: 1000px) 100vw, 1000px\" \/><\/div>  <div class=\"grve-box-content\"><h5 class=\"grve-box-title\"><span>Recibir una propuesta<\/span><\/h5>    <p>Llamar a Bart Godding<br \/>\n<a href=\"tel:Bart Godding: +31622234999\">06-22234999<\/a><\/p>  <\/div><\/div><\/div> <\/div><div class=\"grve-background-wrapper\"><\/div><\/div>","protected":false},"excerpt":{"rendered":"Leiderschapsontwikkeling\u201cLeiderschapsontwikkeling bij operationeel managers vraagt een specifieke aanpak. We nemen het werk van de operationeel manager als uitgangspunt en ontwikkelen vaardigheden die direct toepasbaar zijn. We werken volgens het door onszelf ontwikkelde \"practice direct learning model\". Dit werkt enorm motiverend en zorgt voor een optimaal effect\u201d. Deze aanpak resulteert in een aantoonbare prestatieverbetering bij 90% [...]","protected":false},"author":3,"featured_media":0,"parent":0,"menu_order":0,"comment_status":"closed","ping_status":"closed","template":"","meta":{"footnotes":""},"class_list":["post-3107","page","type-page","status-publish","hentry"],"yoast_head":"<!-- This site is optimized with the Yoast SEO plugin v26.4 - https:\/\/yoast.com\/wordpress\/plugins\/seo\/ -->\n<title>Trainingen - FairField<\/title>\n<meta name=\"robots\" content=\"index, follow, max-snippet:-1, max-image-preview:large, max-video-preview:-1\" \/>\n<link rel=\"canonical\" href=\"https:\/\/www.fair-field.nl\/es\/cursos-de-formacion\/\" \/>\n<meta property=\"og:locale\" content=\"es_ES\" \/>\n<meta property=\"og:type\" content=\"article\" \/>\n<meta property=\"og:title\" content=\"Trainingen - FairField\" \/>\n<meta property=\"og:url\" content=\"https:\/\/www.fair-field.nl\/es\/cursos-de-formacion\/\" \/>\n<meta property=\"og:site_name\" content=\"FairField\" \/>\n<meta property=\"article:modified_time\" content=\"2024-02-25T14:56:18+00:00\" \/>\n<meta name=\"twitter:card\" content=\"summary_large_image\" \/>\n<meta name=\"twitter:site\" content=\"@bartgodding\" \/>\n<meta name=\"twitter:label1\" content=\"Tiempo de lectura\" \/>\n\t<meta name=\"twitter:data1\" content=\"5 minutos\" \/>\n<script type=\"application\/ld+json\" class=\"yoast-schema-graph\">{\"@context\":\"https:\/\/schema.org\",\"@graph\":[{\"@type\":\"WebPage\",\"@id\":\"https:\/\/www.fair-field.nl\/trainingen\/\",\"url\":\"https:\/\/www.fair-field.nl\/trainingen\/\",\"name\":\"Trainingen - FairField\",\"isPartOf\":{\"@id\":\"https:\/\/www.fair-field.nl\/#website\"},\"datePublished\":\"2022-06-16T20:13:24+00:00\",\"dateModified\":\"2024-02-25T14:56:18+00:00\",\"breadcrumb\":{\"@id\":\"https:\/\/www.fair-field.nl\/trainingen\/#breadcrumb\"},\"inLanguage\":\"es\",\"potentialAction\":[{\"@type\":\"ReadAction\",\"target\":[\"https:\/\/www.fair-field.nl\/trainingen\/\"]}]},{\"@type\":\"BreadcrumbList\",\"@id\":\"https:\/\/www.fair-field.nl\/trainingen\/#breadcrumb\",\"itemListElement\":[{\"@type\":\"ListItem\",\"position\":1,\"name\":\"Home\",\"item\":\"https:\/\/www.fair-field.nl\/\"},{\"@type\":\"ListItem\",\"position\":2,\"name\":\"Trainingen\"}]},{\"@type\":\"WebSite\",\"@id\":\"https:\/\/www.fair-field.nl\/#website\",\"url\":\"https:\/\/www.fair-field.nl\/\",\"name\":\"FairField\",\"description\":\"De volgende stap naar operationeel leiderschap\",\"publisher\":{\"@id\":\"https:\/\/www.fair-field.nl\/#organization\"},\"potentialAction\":[{\"@type\":\"SearchAction\",\"target\":{\"@type\":\"EntryPoint\",\"urlTemplate\":\"https:\/\/www.fair-field.nl\/?s={search_term_string}\"},\"query-input\":{\"@type\":\"PropertyValueSpecification\",\"valueRequired\":true,\"valueName\":\"search_term_string\"}}],\"inLanguage\":\"es\"},{\"@type\":\"Organization\",\"@id\":\"https:\/\/www.fair-field.nl\/#organization\",\"name\":\"FairField\",\"url\":\"https:\/\/www.fair-field.nl\/\",\"logo\":{\"@type\":\"ImageObject\",\"inLanguage\":\"es\",\"@id\":\"https:\/\/www.fair-field.nl\/#\/schema\/logo\/image\/\",\"url\":\"https:\/\/www.fair-field.nl\/wp-content\/uploads\/2023\/03\/fairfieldlogo.png\",\"contentUrl\":\"https:\/\/www.fair-field.nl\/wp-content\/uploads\/2023\/03\/fairfieldlogo.png\",\"width\":400,\"height\":400,\"caption\":\"FairField\"},\"image\":{\"@id\":\"https:\/\/www.fair-field.nl\/#\/schema\/logo\/image\/\"},\"sameAs\":[\"https:\/\/x.com\/bartgodding\",\"https:\/\/www.linkedin.com\/company\/fairfield-training-coaching-mbo\/\",\"https:\/\/www.youtube.com\/channel\/UCOcjkVD-Zg1TDIJxEaW4PlQ\/featured\"]}]}<\/script>\n<!-- \/ Yoast SEO plugin. -->","yoast_head_json":{"title":"Formaci\u00f3n - FairField","robots":{"index":"index","follow":"follow","max-snippet":"max-snippet:-1","max-image-preview":"max-image-preview:large","max-video-preview":"max-video-preview:-1"},"canonical":"https:\/\/www.fair-field.nl\/es\/cursos-de-formacion\/","og_locale":"es_ES","og_type":"article","og_title":"Trainingen - FairField","og_url":"https:\/\/www.fair-field.nl\/es\/cursos-de-formacion\/","og_site_name":"FairField","article_modified_time":"2024-02-25T14:56:18+00:00","twitter_card":"summary_large_image","twitter_site":"@bartgodding","twitter_misc":{"Tiempo de lectura":"5 minutos"},"schema":{"@context":"https:\/\/schema.org","@graph":[{"@type":"WebPage","@id":"https:\/\/www.fair-field.nl\/trainingen\/","url":"https:\/\/www.fair-field.nl\/trainingen\/","name":"Formaci\u00f3n - FairField","isPartOf":{"@id":"https:\/\/www.fair-field.nl\/#website"},"datePublished":"2022-06-16T20:13:24+00:00","dateModified":"2024-02-25T14:56:18+00:00","breadcrumb":{"@id":"https:\/\/www.fair-field.nl\/trainingen\/#breadcrumb"},"inLanguage":"es","potentialAction":[{"@type":"ReadAction","target":["https:\/\/www.fair-field.nl\/trainingen\/"]}]},{"@type":"BreadcrumbList","@id":"https:\/\/www.fair-field.nl\/trainingen\/#breadcrumb","itemListElement":[{"@type":"ListItem","position":1,"name":"Home","item":"https:\/\/www.fair-field.nl\/"},{"@type":"ListItem","position":2,"name":"Trainingen"}]},{"@type":"WebSite","@id":"https:\/\/www.fair-field.nl\/#website","url":"https:\/\/www.fair-field.nl\/","name":"FairField","description":"El siguiente paso hacia el liderazgo operativo","publisher":{"@id":"https:\/\/www.fair-field.nl\/#organization"},"potentialAction":[{"@type":"SearchAction","target":{"@type":"EntryPoint","urlTemplate":"https:\/\/www.fair-field.nl\/?s={search_term_string}"},"query-input":{"@type":"PropertyValueSpecification","valueRequired":true,"valueName":"search_term_string"}}],"inLanguage":"es"},{"@type":"Organization","@id":"https:\/\/www.fair-field.nl\/#organization","name":"FairField","url":"https:\/\/www.fair-field.nl\/","logo":{"@type":"ImageObject","inLanguage":"es","@id":"https:\/\/www.fair-field.nl\/#\/schema\/logo\/image\/","url":"https:\/\/www.fair-field.nl\/wp-content\/uploads\/2023\/03\/fairfieldlogo.png","contentUrl":"https:\/\/www.fair-field.nl\/wp-content\/uploads\/2023\/03\/fairfieldlogo.png","width":400,"height":400,"caption":"FairField"},"image":{"@id":"https:\/\/www.fair-field.nl\/#\/schema\/logo\/image\/"},"sameAs":["https:\/\/x.com\/bartgodding","https:\/\/www.linkedin.com\/company\/fairfield-training-coaching-mbo\/","https:\/\/www.youtube.com\/channel\/UCOcjkVD-Zg1TDIJxEaW4PlQ\/featured"]}]}},"_links":{"self":[{"href":"https:\/\/www.fair-field.nl\/es\/wp-json\/wp\/v2\/pages\/3107","targetHints":{"allow":["GET"]}}],"collection":[{"href":"https:\/\/www.fair-field.nl\/es\/wp-json\/wp\/v2\/pages"}],"about":[{"href":"https:\/\/www.fair-field.nl\/es\/wp-json\/wp\/v2\/types\/page"}],"author":[{"embeddable":true,"href":"https:\/\/www.fair-field.nl\/es\/wp-json\/wp\/v2\/users\/3"}],"replies":[{"embeddable":true,"href":"https:\/\/www.fair-field.nl\/es\/wp-json\/wp\/v2\/comments?post=3107"}],"version-history":[{"count":16,"href":"https:\/\/www.fair-field.nl\/es\/wp-json\/wp\/v2\/pages\/3107\/revisions"}],"predecessor-version":[{"id":5276,"href":"https:\/\/www.fair-field.nl\/es\/wp-json\/wp\/v2\/pages\/3107\/revisions\/5276"}],"wp:attachment":[{"href":"https:\/\/www.fair-field.nl\/es\/wp-json\/wp\/v2\/media?parent=3107"}],"curies":[{"name":"wp","href":"https:\/\/api.w.org\/{rel}","templated":true}]}}