{"id":5148,"date":"2023-03-27T16:03:25","date_gmt":"2023-03-27T16:03:25","guid":{"rendered":"https:\/\/www.fair-field.nl\/?page_id=5148"},"modified":"2023-03-27T16:03:25","modified_gmt":"2023-03-27T16:03:25","slug":"bessere-kommunikation-und-ein-gutes-arbeitsklima","status":"publish","type":"page","link":"https:\/\/www.fair-field.nl\/de\/beste-praktiken\/bessere-kommunikation-und-ein-gutes-arbeitsklima\/","title":{"rendered":"Bessere Kommunikation und ein gutes Arbeitsklima"},"content":{"rendered":"<div class=\"grve-section grve-feature-header\" data-section-title=\"\" data-section-type=\"fullwidth-background\" data-image-type=\"none\" data-full-height=\"no\"  style=\"padding-top: 70px;padding-bottom: 10px;\"><div class=\"grve-row grve-bookmark\"><div class=\"wpb_column grve-column grve-bookmark grve-column-1-3\">\n\t<div  class=\"wpb_single_image wpb_content_element vc_align_left\">\n\t\t\n\t\t<figure class=\"wpb_wrapper vc_figure\">\n\t\t\t<div class=\"vc_single_image-wrapper   vc_box_border_grey\"><img loading=\"lazy\" decoding=\"async\" width=\"300\" height=\"300\" src=\"https:\/\/www.fair-field.nl\/wp-content\/uploads\/2023\/03\/Barry-Freijzer-foto-300x300.jpg\" class=\"vc_single_image-img attachment-medium\" alt=\"\" title=\"Barry Freijzer Foto\" srcset=\"https:\/\/www.fair-field.nl\/wp-content\/uploads\/2023\/03\/Barry-Freijzer-foto-300x300.jpg 300w, https:\/\/www.fair-field.nl\/wp-content\/uploads\/2023\/03\/Barry-Freijzer-foto-150x150.jpg 150w, https:\/\/www.fair-field.nl\/wp-content\/uploads\/2023\/03\/Barry-Freijzer-foto-768x768.jpg 768w, https:\/\/www.fair-field.nl\/wp-content\/uploads\/2023\/03\/Barry-Freijzer-foto-12x12.jpg 12w, https:\/\/www.fair-field.nl\/wp-content\/uploads\/2023\/03\/Barry-Freijzer-foto-80x80.jpg 80w, https:\/\/www.fair-field.nl\/wp-content\/uploads\/2023\/03\/Barry-Freijzer-foto-560x560.jpg 560w, https:\/\/www.fair-field.nl\/wp-content\/uploads\/2023\/03\/Barry-Freijzer-foto.jpg 800w\" sizes=\"auto, (max-width: 300px) 100vw, 300px\" \/><\/div>\n\t\t<\/figure>\n\t<\/div>\n<\/div><div class=\"wpb_column grve-column grve-bookmark grve-column-2-3\"><div class=\"grve-element grve-text grve-leader-text\"><p class=\"p1\"><b>Barry Freijzer wurde im Jahr 2021 vom Vorarbeiter zum Gesch\u00e4ftsf\u00fchrer bef\u00f6rdert. <i>Supervisor Spezialger\u00e4te<\/i> bei Mammoet in Breda. Angesichts der neuen Aufgaben war es gut, seine Kommunikationsf\u00e4higkeiten zu sch\u00e4rfen. Fair Field half ihm dabei mit einem effektiven Training on the Job.<\/b><\/p>\n<\/div><div class=\"grve-element grve-text\"><p class=\"p1\">In der Gesch\u00e4ftseinheit Special Devices des Hebe- und Transportspezialisten ist Barry f\u00fcr den reibungslosen Betrieb verantwortlich. Er leitet die Mitarbeiter, hat Kontakt zu den Kunden, erledigt den notwendigen Papierkram. \"Und bei kleinen Projekten springe ich selbst ein, um daran herumzubasteln\", gibt er einen Einblick in seine Arbeit.<\/p>\n<p class=\"p1\">Er leitet Gruppen von 3 bis 35 Mitarbeitern. Damit sie ihre Arbeit so effektiv und gut wie m\u00f6glich erledigen k\u00f6nnen, ist eine gute Kommunikation unerl\u00e4sslich. Seine Kommunikationsf\u00e4higkeiten an sich seien schon gut, wei\u00df Barry. \"Sonst kriegt man den Job nicht. Aber es gibt immer Raum f\u00fcr Verbesserungen.\"<\/p>\n<h6 class=\"p1\"><b>Konfliktsituationen<\/b><\/h6>\n<p class=\"p1\">Ein Trainer von Fair Field arbeitete mit ihm. Auch um F\u00e4higkeiten zu verbessern, bei denen es ihm noch etwas fehlte. \"Ich hatte zum Beispiel Schwierigkeiten mit Konfliktsituationen. Wie geht man damit um?\", sagt Barry \u00fcber seine Sitzungen mit dem Fair Field-Trainer. \"Es wurde viel geredet. Ich habe gelernt, wie ich Situationen l\u00f6sen kann.\"<\/p>\n<p class=\"p1\">Letzteres ist wichtig, wie Barry nur zu gut wei\u00df. \"Wir sind eine relativ kleine Abteilung. Wenn man etwas sagt, ist man schnell der gebissene Hund. Und n\u00e4chste Woche muss man wieder einen Job zusammen machen.\"<\/p>\n<p class=\"p1\">Auch dank der Fair Field-Schulung f\u00e4llt es ihm jetzt weniger schwer, bei Bedarf zu sagen, wof\u00fcr das Unternehmen steht. \"Ich wei\u00df, wof\u00fcr ich stehe und wof\u00fcr das Unternehmen steht. Ich sage, wenn etwas nicht richtig l\u00e4uft und warum nicht. Das ist einfacher f\u00fcr mich. Die Schulungen haben mir viel Selbstbest\u00e4tigung gegeben. Ich wei\u00df jetzt besser: Das ist es, was ich bin. Das habe ich gebraucht. Das gibt mir viel Ruhe bei meiner Arbeit.\"<\/p>\n<h6 class=\"p1\"><b>Angenehme Interaktion<\/b><\/h6>\n<p class=\"p1\">Au\u00dferdem habe sich das Arbeitsklima verbessert, so Barry. \"Der Umgang mit manchen Leuten ist angenehmer geworden. Die Leute sagen mir, dass sie gerne mit mir auf der Baustelle arbeiten w\u00fcrden, weil ich alles gut organisieren kann. Au\u00dferdem sagten Bediener und Vorarbeiter: 'Es ist absolut richtig, dass sie dir diesen Job gegeben haben'.\"<\/p>\n<p class=\"p1\">Um nachhaltige Trainingsergebnisse zu erzielen, gab ihm sein Trainer Griffe. Das war bei Barry verschwendet. Wie \u00fcbrigens f\u00fcr das gesamte Trainingsprogramm. \"Ich mag Kommunikation, deshalb war ich sehr daran interessiert, von den Trainingseinheiten zu lernen\", sagt er.<\/p>\n<h6 class=\"p1\"><b>Selbstanhaftung<\/b><\/h6>\n<p class=\"p1\">\"Ich habe Tests gemacht, Frageb\u00f6gen ausgef\u00fcllt. Da wurde mir klar: Wenn du so kommunizierst, dann kann das zu deinem Fallstrick werden. Das war genau richtig. Ich habe angefangen, besser darauf zu achten, ich bin mir dessen bewusster. Jetzt kann ich diese Fallstricke besser vermeiden. So habe ich viel Selbstbest\u00e4tigung bekommen.\"<\/p>\n<p class=\"p1\">Obwohl die Schulungen von Fair Field rein berufsbezogen sind, profitiert Barry auch privat davon. \"Ich merke das sehr gut. Wenn zum Beispiel etwas an meinem Haus gemacht werden muss, sage ich einfach: Ich will es nicht so, sondern so. Ich kann besser angeben, wie ich etwas will oder nicht will. Davon profitiere ich sehr.\"<\/p>\n<\/div><\/div> <\/div><div class=\"grve-background-wrapper\"><\/div><\/div><div class=\"grve-section\" data-section-title=\"\" data-section-type=\"fullwidth-background\" data-image-type=\"none\" data-full-height=\"no\"><div class=\"grve-row grve-bookmark\"><div class=\"wpb_column grve-column grve-bookmark grve-column-1\"><\/div> <\/div><div class=\"grve-background-wrapper\"><\/div><\/div>","protected":false},"excerpt":{"rendered":"Barry Freijzer promoveerde in 2021 van voorman tot supervisor special devices bij Mammoet in Breda. Met nieuwe verantwoordelijkheden was het goed zijn communicatieve eigenschappen aan te scherpen. Fair Field hielp hem daarbij met doeltreffende trainingen op de werkvloer. Bij bedrijfsonderdeel Special Devices van de specialist in hijsen en transporteren, is Barry verantwoordelijk voor een soepele [...]","protected":false},"author":3,"featured_media":0,"parent":3109,"menu_order":0,"comment_status":"closed","ping_status":"closed","template":"","meta":{"footnotes":""},"class_list":["post-5148","page","type-page","status-publish","hentry"],"yoast_head":"<!-- This site is optimized with the Yoast SEO plugin v26.4 - https:\/\/yoast.com\/wordpress\/plugins\/seo\/ -->\n<title>Betere communicatie en een goede werksfeer - FairField<\/title>\n<meta name=\"robots\" content=\"index, follow, max-snippet:-1, max-image-preview:large, max-video-preview:-1\" \/>\n<link rel=\"canonical\" href=\"https:\/\/www.fair-field.nl\/de\/beste-praktiken\/bessere-kommunikation-und-ein-gutes-arbeitsklima\/\" \/>\n<meta property=\"og:locale\" content=\"de_DE\" \/>\n<meta property=\"og:type\" content=\"article\" \/>\n<meta property=\"og:title\" content=\"Betere communicatie en een goede werksfeer - FairField\" \/>\n<meta property=\"og:url\" content=\"https:\/\/www.fair-field.nl\/de\/beste-praktiken\/bessere-kommunikation-und-ein-gutes-arbeitsklima\/\" \/>\n<meta property=\"og:site_name\" content=\"FairField\" \/>\n<meta name=\"twitter:card\" content=\"summary_large_image\" \/>\n<meta name=\"twitter:site\" content=\"@bartgodding\" \/>\n<meta name=\"twitter:label1\" content=\"Gesch\u00e4tzte Lesezeit\" \/>\n\t<meta name=\"twitter:data1\" content=\"3\u00a0Minuten\" \/>\n<script type=\"application\/ld+json\" class=\"yoast-schema-graph\">{\"@context\":\"https:\/\/schema.org\",\"@graph\":[{\"@type\":\"WebPage\",\"@id\":\"https:\/\/www.fair-field.nl\/best-practices\/betere-communicatie-en-een-goede-werksfeer\/\",\"url\":\"https:\/\/www.fair-field.nl\/best-practices\/betere-communicatie-en-een-goede-werksfeer\/\",\"name\":\"Betere communicatie en een goede werksfeer - FairField\",\"isPartOf\":{\"@id\":\"https:\/\/www.fair-field.nl\/#website\"},\"datePublished\":\"2023-03-27T16:03:25+00:00\",\"breadcrumb\":{\"@id\":\"https:\/\/www.fair-field.nl\/best-practices\/betere-communicatie-en-een-goede-werksfeer\/#breadcrumb\"},\"inLanguage\":\"de\",\"potentialAction\":[{\"@type\":\"ReadAction\",\"target\":[\"https:\/\/www.fair-field.nl\/best-practices\/betere-communicatie-en-een-goede-werksfeer\/\"]}]},{\"@type\":\"BreadcrumbList\",\"@id\":\"https:\/\/www.fair-field.nl\/best-practices\/betere-communicatie-en-een-goede-werksfeer\/#breadcrumb\",\"itemListElement\":[{\"@type\":\"ListItem\",\"position\":1,\"name\":\"Home\",\"item\":\"https:\/\/www.fair-field.nl\/\"},{\"@type\":\"ListItem\",\"position\":2,\"name\":\"Best practices\",\"item\":\"https:\/\/www.fair-field.nl\/best-practices\/\"},{\"@type\":\"ListItem\",\"position\":3,\"name\":\"Betere communicatie en een goede werksfeer\"}]},{\"@type\":\"WebSite\",\"@id\":\"https:\/\/www.fair-field.nl\/#website\",\"url\":\"https:\/\/www.fair-field.nl\/\",\"name\":\"FairField\",\"description\":\"De volgende stap naar operationeel leiderschap\",\"publisher\":{\"@id\":\"https:\/\/www.fair-field.nl\/#organization\"},\"potentialAction\":[{\"@type\":\"SearchAction\",\"target\":{\"@type\":\"EntryPoint\",\"urlTemplate\":\"https:\/\/www.fair-field.nl\/?s={search_term_string}\"},\"query-input\":{\"@type\":\"PropertyValueSpecification\",\"valueRequired\":true,\"valueName\":\"search_term_string\"}}],\"inLanguage\":\"de\"},{\"@type\":\"Organization\",\"@id\":\"https:\/\/www.fair-field.nl\/#organization\",\"name\":\"FairField\",\"url\":\"https:\/\/www.fair-field.nl\/\",\"logo\":{\"@type\":\"ImageObject\",\"inLanguage\":\"de\",\"@id\":\"https:\/\/www.fair-field.nl\/#\/schema\/logo\/image\/\",\"url\":\"https:\/\/www.fair-field.nl\/wp-content\/uploads\/2023\/03\/fairfieldlogo.png\",\"contentUrl\":\"https:\/\/www.fair-field.nl\/wp-content\/uploads\/2023\/03\/fairfieldlogo.png\",\"width\":400,\"height\":400,\"caption\":\"FairField\"},\"image\":{\"@id\":\"https:\/\/www.fair-field.nl\/#\/schema\/logo\/image\/\"},\"sameAs\":[\"https:\/\/x.com\/bartgodding\",\"https:\/\/www.linkedin.com\/company\/fairfield-training-coaching-mbo\/\",\"https:\/\/www.youtube.com\/channel\/UCOcjkVD-Zg1TDIJxEaW4PlQ\/featured\"]}]}<\/script>\n<!-- \/ Yoast SEO plugin. -->","yoast_head_json":{"title":"Bessere Kommunikation und ein gutes Arbeitsklima - FairField","robots":{"index":"index","follow":"follow","max-snippet":"max-snippet:-1","max-image-preview":"max-image-preview:large","max-video-preview":"max-video-preview:-1"},"canonical":"https:\/\/www.fair-field.nl\/de\/beste-praktiken\/bessere-kommunikation-und-ein-gutes-arbeitsklima\/","og_locale":"de_DE","og_type":"article","og_title":"Betere communicatie en een goede werksfeer - FairField","og_url":"https:\/\/www.fair-field.nl\/de\/beste-praktiken\/bessere-kommunikation-und-ein-gutes-arbeitsklima\/","og_site_name":"FairField","twitter_card":"summary_large_image","twitter_site":"@bartgodding","twitter_misc":{"Gesch\u00e4tzte Lesezeit":"3\u00a0Minuten"},"schema":{"@context":"https:\/\/schema.org","@graph":[{"@type":"WebPage","@id":"https:\/\/www.fair-field.nl\/best-practices\/betere-communicatie-en-een-goede-werksfeer\/","url":"https:\/\/www.fair-field.nl\/best-practices\/betere-communicatie-en-een-goede-werksfeer\/","name":"Bessere Kommunikation und ein gutes Arbeitsklima - FairField","isPartOf":{"@id":"https:\/\/www.fair-field.nl\/#website"},"datePublished":"2023-03-27T16:03:25+00:00","breadcrumb":{"@id":"https:\/\/www.fair-field.nl\/best-practices\/betere-communicatie-en-een-goede-werksfeer\/#breadcrumb"},"inLanguage":"de","potentialAction":[{"@type":"ReadAction","target":["https:\/\/www.fair-field.nl\/best-practices\/betere-communicatie-en-een-goede-werksfeer\/"]}]},{"@type":"BreadcrumbList","@id":"https:\/\/www.fair-field.nl\/best-practices\/betere-communicatie-en-een-goede-werksfeer\/#breadcrumb","itemListElement":[{"@type":"ListItem","position":1,"name":"Home","item":"https:\/\/www.fair-field.nl\/"},{"@type":"ListItem","position":2,"name":"Best practices","item":"https:\/\/www.fair-field.nl\/best-practices\/"},{"@type":"ListItem","position":3,"name":"Betere communicatie en een goede werksfeer"}]},{"@type":"WebSite","@id":"https:\/\/www.fair-field.nl\/#website","url":"https:\/\/www.fair-field.nl\/","name":"FairField","description":"Der n\u00e4chste Schritt zur operativen F\u00fchrung","publisher":{"@id":"https:\/\/www.fair-field.nl\/#organization"},"potentialAction":[{"@type":"SearchAction","target":{"@type":"EntryPoint","urlTemplate":"https:\/\/www.fair-field.nl\/?s={search_term_string}"},"query-input":{"@type":"PropertyValueSpecification","valueRequired":true,"valueName":"search_term_string"}}],"inLanguage":"de"},{"@type":"Organization","@id":"https:\/\/www.fair-field.nl\/#organization","name":"FairField","url":"https:\/\/www.fair-field.nl\/","logo":{"@type":"ImageObject","inLanguage":"de","@id":"https:\/\/www.fair-field.nl\/#\/schema\/logo\/image\/","url":"https:\/\/www.fair-field.nl\/wp-content\/uploads\/2023\/03\/fairfieldlogo.png","contentUrl":"https:\/\/www.fair-field.nl\/wp-content\/uploads\/2023\/03\/fairfieldlogo.png","width":400,"height":400,"caption":"FairField"},"image":{"@id":"https:\/\/www.fair-field.nl\/#\/schema\/logo\/image\/"},"sameAs":["https:\/\/x.com\/bartgodding","https:\/\/www.linkedin.com\/company\/fairfield-training-coaching-mbo\/","https:\/\/www.youtube.com\/channel\/UCOcjkVD-Zg1TDIJxEaW4PlQ\/featured"]}]}},"_links":{"self":[{"href":"https:\/\/www.fair-field.nl\/de\/wp-json\/wp\/v2\/pages\/5148","targetHints":{"allow":["GET"]}}],"collection":[{"href":"https:\/\/www.fair-field.nl\/de\/wp-json\/wp\/v2\/pages"}],"about":[{"href":"https:\/\/www.fair-field.nl\/de\/wp-json\/wp\/v2\/types\/page"}],"author":[{"embeddable":true,"href":"https:\/\/www.fair-field.nl\/de\/wp-json\/wp\/v2\/users\/3"}],"replies":[{"embeddable":true,"href":"https:\/\/www.fair-field.nl\/de\/wp-json\/wp\/v2\/comments?post=5148"}],"version-history":[{"count":1,"href":"https:\/\/www.fair-field.nl\/de\/wp-json\/wp\/v2\/pages\/5148\/revisions"}],"predecessor-version":[{"id":5150,"href":"https:\/\/www.fair-field.nl\/de\/wp-json\/wp\/v2\/pages\/5148\/revisions\/5150"}],"up":[{"embeddable":true,"href":"https:\/\/www.fair-field.nl\/de\/wp-json\/wp\/v2\/pages\/3109"}],"wp:attachment":[{"href":"https:\/\/www.fair-field.nl\/de\/wp-json\/wp\/v2\/media?parent=5148"}],"curies":[{"name":"wp","href":"https:\/\/api.w.org\/{rel}","templated":true}]}}