{"id":5138,"date":"2023-03-27T14:15:06","date_gmt":"2023-03-27T14:15:06","guid":{"rendered":"https:\/\/www.fair-field.nl\/?page_id=5138"},"modified":"2023-03-27T16:00:25","modified_gmt":"2023-03-27T16:00:25","slug":"besser-kommunizieren","status":"publish","type":"page","link":"https:\/\/www.fair-field.nl\/de\/beste-praktiken\/besser-kommunizieren\/","title":{"rendered":"Lernen, besser zu kommunizieren, um noch bessere Ergebnisse zu erzielen"},"content":{"rendered":"<div class=\"grve-section grve-feature-header\" data-section-title=\"\" data-section-type=\"fullwidth-background\" data-image-type=\"none\" data-full-height=\"no\"  style=\"padding-top: 70px;padding-bottom: 10px;\"><div class=\"grve-row grve-bookmark\"><div class=\"wpb_column grve-column grve-bookmark grve-column-1-3\">\n\t<div  class=\"wpb_single_image wpb_content_element vc_align_left\">\n\t\t\n\t\t<figure class=\"wpb_wrapper vc_figure\">\n\t\t\t<div class=\"vc_single_image-wrapper   vc_box_border_grey\"><img loading=\"lazy\" decoding=\"async\" width=\"230\" height=\"300\" src=\"https:\/\/www.fair-field.nl\/wp-content\/uploads\/2023\/03\/Irma-vd-bergh-verbego-230x300.jpg\" class=\"vc_single_image-img attachment-medium\" alt=\"\" title=\"Irma-vd-bergh-verbego\" srcset=\"https:\/\/www.fair-field.nl\/wp-content\/uploads\/2023\/03\/Irma-vd-bergh-verbego-230x300.jpg 230w, https:\/\/www.fair-field.nl\/wp-content\/uploads\/2023\/03\/Irma-vd-bergh-verbego-786x1024.jpg 786w, https:\/\/www.fair-field.nl\/wp-content\/uploads\/2023\/03\/Irma-vd-bergh-verbego-768x1000.jpg 768w, https:\/\/www.fair-field.nl\/wp-content\/uploads\/2023\/03\/Irma-vd-bergh-verbego-1179x1536.jpg 1179w, https:\/\/www.fair-field.nl\/wp-content\/uploads\/2023\/03\/Irma-vd-bergh-verbego-9x12.jpg 9w, https:\/\/www.fair-field.nl\/wp-content\/uploads\/2023\/03\/Irma-vd-bergh-verbego.jpg 1190w\" sizes=\"auto, (max-width: 230px) 100vw, 230px\" \/><\/div>\n\t\t<\/figure>\n\t<\/div>\n<\/div><div class=\"wpb_column grve-column grve-bookmark grve-column-2-3\"><div class=\"grve-element grve-text grve-leader-text\"><p><b>F\u00fcr Teamleiterin Irma van den Bergh von Vebego Cleaning Service und ihre Kollegen war es wichtig, noch besser kommunizieren zu lernen. Das Training von Fair Field f\u00fchrte zu mehr Ruhe bei der Arbeit, zu l\u00f6sungsorientierterem Arbeiten und dank effektiverer Gespr\u00e4che auch zu einem sch\u00f6neren Job.<\/b><\/p>\n<\/div><div class=\"grve-element grve-text\"><p class=\"p1\">Irma hat die Fair-Field-Schulung mit Teamleitern des Reinigungsunternehmens Voerendaal absolviert. Sie selbst arbeitet in der Niederlassung Vlissingen und ihr Einzugsgebiet ist Goes und Umgebung. Im Wesentlichen ging es bei der Schulung darum, an sich selbst zu arbeiten, erkl\u00e4rt sie<i>.<\/i><\/p>\n<p class=\"p1\">\"Die Eigenschaften, die nicht f\u00fcr mich, sondern gegen mich arbeiteten, wurden erkl\u00e4rt, ohne dass ich mich angegriffen f\u00fchlte. Fairfield legte den Finger auf den wunden Punkt. Gleichzeitig wurden mir Werkzeuge an die Hand gegeben, mit denen ich weniger gute Eigenschaften verbessern und mich bei der Arbeit besser behaupten kann.\"<\/p>\n<h6 class=\"p1\"><b>Beispiel<\/b><\/h6>\n<p class=\"p1\">Sie gibt ein Beispiel: \"Die Ausbildung hat gezeigt, dass ich mich nicht gut pr\u00e4sentiert habe, <i>Ich war \"sicher hinter meiner kleinen Mauer\".<\/i>. Das hat gegen mich gearbeitet. Als ich das ge\u00e4ndert hatte, dachte ich: Mensch, da ist noch ein Weg dahinter. Eine Welt tat sich f\u00fcr mich auf.\"<\/p>\n<p class=\"p1\">\"Ich genie\u00dfe es zunehmend, anderen meine Gef\u00fchle zu zeigen. Sowohl positive als auch negative. Es ist n\u00fctzlich, die andere Person einen Moment \u00fcber das nachdenken zu lassen, was sie gesagt oder von Ihnen verlangt hat. Derjenige verstummt oder beruhigt Sie. Oder Sie erhalten weitere Informationen, die sehr wichtig sind. Meiner Meinung nach f\u00fchrt man auf diese Weise ein offeneres Gespr\u00e4ch. Es bringt mir mehr und das ist mir wichtig. Ich muss nicht selbst herausfinden, was die andere Person denkt oder f\u00fchlt. Ich bekomme das an die Hand.\"<\/p>\n<h6 class=\"p1\"><b>L\u00f6sungsorientiertes Arbeiten<\/b><\/h6>\n<p class=\"p1\">Vor allem aber lernte Irma durch die Ausbildung bei Fair Field, l\u00f6sungsorientiert zu arbeiten. \"Fr\u00fcher habe ich l\u00f6sungsorientiert gearbeitet, ohne weitere Fragen zu stellen. Ich habe knallhart so gearbeitet, wie ich dachte, dass die andere Person es wollte. Jetzt frage ich so lange, bis alle meine Fragen beantwortet sind. Auf diese Weise muss ich mich nur noch selbst ausf\u00fcllen. Das spart mir eine Menge Zeit und Energie. Das gibt mir im wahrsten Sinne des Wortes Seelenfrieden. Ich strahle auch mehr Gelassenheit auf andere aus und sie reagieren positiv darauf.\"<\/p>\n<p class=\"p1\">Um all das zu meistern, war der Ausbilder von Fair Field immer hautnah dabei. Auch bei Kundengespr\u00e4chen. \"Der Trainer hat nur beobachtet. Dann haben wir ausgewertet, wie das Gespr\u00e4ch gelaufen ist. Wie war meine Einstellung? Welche Gespr\u00e4chstechniken hatte ich eingesetzt? Was k\u00f6nnte ich verbessern? Worauf kann ich mich in Zukunft mehr konzentrieren?\"<\/p>\n<h6 class=\"p1\"><b>Effektiver<\/b><\/h6>\n<p class=\"p1\">Das hat Irma hervorragend geholfen. \"Der Klient \u00e4u\u00dfert seine Ansichten, schl\u00e4gt m\u00f6gliche L\u00f6sungen vor und arbeitet mit. Man hat mehr Verst\u00e4ndnis f\u00fcreinander, indem man Gef\u00fchle zeigt und offene Fragen stellt. Dadurch sind die Gespr\u00e4che einfacher, machen mehr Spa\u00df und sind vor allem effektiver geworden.\"<\/p>\n<\/div><\/div> <\/div><div class=\"grve-background-wrapper\"><\/div><\/div><div class=\"grve-section\" data-section-title=\"\" data-section-type=\"fullwidth-background\" data-image-type=\"none\" data-full-height=\"no\"><div class=\"grve-row grve-bookmark\"><div class=\"wpb_column grve-column grve-bookmark grve-column-1\"><\/div> <\/div><div class=\"grve-background-wrapper\"><\/div><\/div>","protected":false},"excerpt":{"rendered":"Voor teamleider Irma van den Bergh van Vebego Cleaning Service en haar collega\u2019s was het belangrijk dat ze nog beter leerden communiceren. De training van Fair Field resulteerde in meer rust in het werk, meer oplossingsgericht werken en dankzij effectievere gesprekken is het fijner werken. Irma deed de Fair Field-training met teamleiders binnen het Voerendaalse [...]","protected":false},"author":3,"featured_media":0,"parent":3109,"menu_order":0,"comment_status":"closed","ping_status":"closed","template":"","meta":{"footnotes":""},"class_list":["post-5138","page","type-page","status-publish","hentry"],"yoast_head":"<!-- This site is optimized with the Yoast SEO plugin v26.4 - https:\/\/yoast.com\/wordpress\/plugins\/seo\/ -->\n<title>Beter leren communiceren voor een nog beter resultaat - FairField<\/title>\n<meta name=\"robots\" content=\"index, follow, max-snippet:-1, max-image-preview:large, max-video-preview:-1\" \/>\n<link rel=\"canonical\" href=\"https:\/\/www.fair-field.nl\/de\/beste-praktiken\/besser-kommunizieren\/\" \/>\n<meta property=\"og:locale\" content=\"de_DE\" \/>\n<meta property=\"og:type\" content=\"article\" \/>\n<meta property=\"og:title\" content=\"Beter leren communiceren voor een nog beter resultaat - FairField\" \/>\n<meta property=\"og:url\" content=\"https:\/\/www.fair-field.nl\/de\/beste-praktiken\/besser-kommunizieren\/\" \/>\n<meta property=\"og:site_name\" content=\"FairField\" \/>\n<meta property=\"article:modified_time\" content=\"2023-03-27T16:00:25+00:00\" \/>\n<meta name=\"twitter:card\" content=\"summary_large_image\" \/>\n<meta name=\"twitter:site\" content=\"@bartgodding\" \/>\n<meta name=\"twitter:label1\" content=\"Gesch\u00e4tzte Lesezeit\" \/>\n\t<meta name=\"twitter:data1\" content=\"3\u00a0Minuten\" \/>\n<script type=\"application\/ld+json\" class=\"yoast-schema-graph\">{\"@context\":\"https:\/\/schema.org\",\"@graph\":[{\"@type\":\"WebPage\",\"@id\":\"https:\/\/www.fair-field.nl\/best-practices\/beter-leren-communiceren\/\",\"url\":\"https:\/\/www.fair-field.nl\/best-practices\/beter-leren-communiceren\/\",\"name\":\"Beter leren communiceren voor een nog beter resultaat - FairField\",\"isPartOf\":{\"@id\":\"https:\/\/www.fair-field.nl\/#website\"},\"datePublished\":\"2023-03-27T14:15:06+00:00\",\"dateModified\":\"2023-03-27T16:00:25+00:00\",\"breadcrumb\":{\"@id\":\"https:\/\/www.fair-field.nl\/best-practices\/beter-leren-communiceren\/#breadcrumb\"},\"inLanguage\":\"de\",\"potentialAction\":[{\"@type\":\"ReadAction\",\"target\":[\"https:\/\/www.fair-field.nl\/best-practices\/beter-leren-communiceren\/\"]}]},{\"@type\":\"BreadcrumbList\",\"@id\":\"https:\/\/www.fair-field.nl\/best-practices\/beter-leren-communiceren\/#breadcrumb\",\"itemListElement\":[{\"@type\":\"ListItem\",\"position\":1,\"name\":\"Home\",\"item\":\"https:\/\/www.fair-field.nl\/\"},{\"@type\":\"ListItem\",\"position\":2,\"name\":\"Best practices\",\"item\":\"https:\/\/www.fair-field.nl\/best-practices\/\"},{\"@type\":\"ListItem\",\"position\":3,\"name\":\"Beter leren communiceren voor een nog beter resultaat\"}]},{\"@type\":\"WebSite\",\"@id\":\"https:\/\/www.fair-field.nl\/#website\",\"url\":\"https:\/\/www.fair-field.nl\/\",\"name\":\"FairField\",\"description\":\"De volgende stap naar operationeel leiderschap\",\"publisher\":{\"@id\":\"https:\/\/www.fair-field.nl\/#organization\"},\"potentialAction\":[{\"@type\":\"SearchAction\",\"target\":{\"@type\":\"EntryPoint\",\"urlTemplate\":\"https:\/\/www.fair-field.nl\/?s={search_term_string}\"},\"query-input\":{\"@type\":\"PropertyValueSpecification\",\"valueRequired\":true,\"valueName\":\"search_term_string\"}}],\"inLanguage\":\"de\"},{\"@type\":\"Organization\",\"@id\":\"https:\/\/www.fair-field.nl\/#organization\",\"name\":\"FairField\",\"url\":\"https:\/\/www.fair-field.nl\/\",\"logo\":{\"@type\":\"ImageObject\",\"inLanguage\":\"de\",\"@id\":\"https:\/\/www.fair-field.nl\/#\/schema\/logo\/image\/\",\"url\":\"https:\/\/www.fair-field.nl\/wp-content\/uploads\/2023\/03\/fairfieldlogo.png\",\"contentUrl\":\"https:\/\/www.fair-field.nl\/wp-content\/uploads\/2023\/03\/fairfieldlogo.png\",\"width\":400,\"height\":400,\"caption\":\"FairField\"},\"image\":{\"@id\":\"https:\/\/www.fair-field.nl\/#\/schema\/logo\/image\/\"},\"sameAs\":[\"https:\/\/x.com\/bartgodding\",\"https:\/\/www.linkedin.com\/company\/fairfield-training-coaching-mbo\/\",\"https:\/\/www.youtube.com\/channel\/UCOcjkVD-Zg1TDIJxEaW4PlQ\/featured\"]}]}<\/script>\n<!-- \/ Yoast SEO plugin. -->","yoast_head_json":{"title":"Besser kommunizieren lernen f\u00fcr noch bessere Ergebnisse - FairField","robots":{"index":"index","follow":"follow","max-snippet":"max-snippet:-1","max-image-preview":"max-image-preview:large","max-video-preview":"max-video-preview:-1"},"canonical":"https:\/\/www.fair-field.nl\/de\/beste-praktiken\/besser-kommunizieren\/","og_locale":"de_DE","og_type":"article","og_title":"Beter leren communiceren voor een nog beter resultaat - FairField","og_url":"https:\/\/www.fair-field.nl\/de\/beste-praktiken\/besser-kommunizieren\/","og_site_name":"FairField","article_modified_time":"2023-03-27T16:00:25+00:00","twitter_card":"summary_large_image","twitter_site":"@bartgodding","twitter_misc":{"Gesch\u00e4tzte Lesezeit":"3\u00a0Minuten"},"schema":{"@context":"https:\/\/schema.org","@graph":[{"@type":"WebPage","@id":"https:\/\/www.fair-field.nl\/best-practices\/beter-leren-communiceren\/","url":"https:\/\/www.fair-field.nl\/best-practices\/beter-leren-communiceren\/","name":"Besser kommunizieren lernen f\u00fcr noch bessere Ergebnisse - FairField","isPartOf":{"@id":"https:\/\/www.fair-field.nl\/#website"},"datePublished":"2023-03-27T14:15:06+00:00","dateModified":"2023-03-27T16:00:25+00:00","breadcrumb":{"@id":"https:\/\/www.fair-field.nl\/best-practices\/beter-leren-communiceren\/#breadcrumb"},"inLanguage":"de","potentialAction":[{"@type":"ReadAction","target":["https:\/\/www.fair-field.nl\/best-practices\/beter-leren-communiceren\/"]}]},{"@type":"BreadcrumbList","@id":"https:\/\/www.fair-field.nl\/best-practices\/beter-leren-communiceren\/#breadcrumb","itemListElement":[{"@type":"ListItem","position":1,"name":"Home","item":"https:\/\/www.fair-field.nl\/"},{"@type":"ListItem","position":2,"name":"Best practices","item":"https:\/\/www.fair-field.nl\/best-practices\/"},{"@type":"ListItem","position":3,"name":"Beter leren communiceren voor een nog beter resultaat"}]},{"@type":"WebSite","@id":"https:\/\/www.fair-field.nl\/#website","url":"https:\/\/www.fair-field.nl\/","name":"FairField","description":"Der n\u00e4chste Schritt zur operativen F\u00fchrung","publisher":{"@id":"https:\/\/www.fair-field.nl\/#organization"},"potentialAction":[{"@type":"SearchAction","target":{"@type":"EntryPoint","urlTemplate":"https:\/\/www.fair-field.nl\/?s={search_term_string}"},"query-input":{"@type":"PropertyValueSpecification","valueRequired":true,"valueName":"search_term_string"}}],"inLanguage":"de"},{"@type":"Organization","@id":"https:\/\/www.fair-field.nl\/#organization","name":"FairField","url":"https:\/\/www.fair-field.nl\/","logo":{"@type":"ImageObject","inLanguage":"de","@id":"https:\/\/www.fair-field.nl\/#\/schema\/logo\/image\/","url":"https:\/\/www.fair-field.nl\/wp-content\/uploads\/2023\/03\/fairfieldlogo.png","contentUrl":"https:\/\/www.fair-field.nl\/wp-content\/uploads\/2023\/03\/fairfieldlogo.png","width":400,"height":400,"caption":"FairField"},"image":{"@id":"https:\/\/www.fair-field.nl\/#\/schema\/logo\/image\/"},"sameAs":["https:\/\/x.com\/bartgodding","https:\/\/www.linkedin.com\/company\/fairfield-training-coaching-mbo\/","https:\/\/www.youtube.com\/channel\/UCOcjkVD-Zg1TDIJxEaW4PlQ\/featured"]}]}},"_links":{"self":[{"href":"https:\/\/www.fair-field.nl\/de\/wp-json\/wp\/v2\/pages\/5138","targetHints":{"allow":["GET"]}}],"collection":[{"href":"https:\/\/www.fair-field.nl\/de\/wp-json\/wp\/v2\/pages"}],"about":[{"href":"https:\/\/www.fair-field.nl\/de\/wp-json\/wp\/v2\/types\/page"}],"author":[{"embeddable":true,"href":"https:\/\/www.fair-field.nl\/de\/wp-json\/wp\/v2\/users\/3"}],"replies":[{"embeddable":true,"href":"https:\/\/www.fair-field.nl\/de\/wp-json\/wp\/v2\/comments?post=5138"}],"version-history":[{"count":3,"href":"https:\/\/www.fair-field.nl\/de\/wp-json\/wp\/v2\/pages\/5138\/revisions"}],"predecessor-version":[{"id":5143,"href":"https:\/\/www.fair-field.nl\/de\/wp-json\/wp\/v2\/pages\/5138\/revisions\/5143"}],"up":[{"embeddable":true,"href":"https:\/\/www.fair-field.nl\/de\/wp-json\/wp\/v2\/pages\/3109"}],"wp:attachment":[{"href":"https:\/\/www.fair-field.nl\/de\/wp-json\/wp\/v2\/media?parent=5138"}],"curies":[{"name":"wp","href":"https:\/\/api.w.org\/{rel}","templated":true}]}}