{"id":5111,"date":"2023-02-15T15:38:30","date_gmt":"2023-02-15T15:38:30","guid":{"rendered":"https:\/\/www.fair-field.nl\/?page_id=5111"},"modified":"2023-03-27T13:55:39","modified_gmt":"2023-03-27T13:55:39","slug":"gute-zusammenarbeit-und-eine-positive-atmosphare","status":"publish","type":"page","link":"https:\/\/www.fair-field.nl\/de\/beste-praktiken\/gute-zusammenarbeit-und-eine-positive-atmosphare\/","title":{"rendered":"Gute Zusammenarbeit und eine positive Atmosph\u00e4re"},"content":{"rendered":"<div class=\"grve-section grve-feature-header\" data-section-title=\"\" data-section-type=\"fullwidth-background\" data-image-type=\"none\" data-full-height=\"no\"  style=\"padding-top: 70px;padding-bottom: 10px;\"><div class=\"grve-row grve-bookmark\"><div class=\"wpb_column grve-column grve-bookmark grve-column-1-3\">\n\t<div  class=\"wpb_single_image wpb_content_element vc_align_left\">\n\t\t\n\t\t<figure class=\"wpb_wrapper vc_figure\">\n\t\t\t<div class=\"vc_single_image-wrapper   vc_box_border_grey\"><img loading=\"lazy\" decoding=\"async\" width=\"600\" height=\"150\" src=\"https:\/\/www.fair-field.nl\/wp-content\/uploads\/2023\/02\/kraftheinz_logo.png\" class=\"vc_single_image-img attachment-full\" alt=\"\" title=\"kraftheinz_logo\" srcset=\"https:\/\/www.fair-field.nl\/wp-content\/uploads\/2023\/02\/kraftheinz_logo.png 600w, https:\/\/www.fair-field.nl\/wp-content\/uploads\/2023\/02\/kraftheinz_logo-300x75.png 300w, https:\/\/www.fair-field.nl\/wp-content\/uploads\/2023\/02\/kraftheinz_logo-18x5.png 18w\" sizes=\"auto, (max-width: 600px) 100vw, 600px\" \/><\/div>\n\t\t<\/figure>\n\t<\/div>\n<\/div><div class=\"wpb_column grve-column grve-bookmark grve-column-2-3\"><div class=\"grve-element grve-text grve-leader-text\"><p>Als Mari\u00eblle Veraa 2021 als Personalleiterin bei Kraft Heinz in Utrecht anfing, war die Unzufriedenheit in den Betrieben ein akutes Problem. Die k\u00fcrzlich erfolgte Einf\u00fchrung eines mittleren Managements schien zwar vielversprechend, war aber noch nicht von Erfolg gekr\u00f6nt. Das \u00e4nderte sich, als sie in Absprache mit dem Managementteam Fair Field Coaches in den Betrieben einf\u00fchrte. Dank der Bem\u00fchungen von Heinz Kraft und Fair Field herrscht jetzt eine positive Atmosph\u00e4re, die Fehlzeiten sind drastisch gesunken, das Management kann sich besser auf seine Aufgaben konzentrieren und die Fabrik l\u00e4uft besser.<\/p>\n<\/div><div class=\"grve-element grve-text\"><p>Das mittlere Management des Lebensmittelherstellers besteht aus Teamleitern aus verschiedenen Abteilungen, die intensiv zusammenarbeiten. Sie sind f\u00fcr das Management der Qualit\u00e4tskontrolle, der Logistik und der Produktionslinie verantwortlich. Sie dienen auch als Bindeglied zwischen der Gesch\u00e4ftsleitung und der Produktion.<span class=\"Apple-converted-space\">\u00a0<\/span><\/p>\n<p>\"Wir haben Anfang 2022 von Teamkoordinatoren zu Teamleitern gewechselt. Dabei wurden ihnen auch Personalaufgaben \u00fcbertragen, wie die Verwaltung von Mitarbeitern und der Umgang mit Krankheitsf\u00e4llen\", erkl\u00e4rt Mari\u00eblle.<\/p>\n<p><span class=\"Apple-converted-space\">\u00a0<\/span>Die intensive Zusammenarbeit der Teamleiter bedeutete f\u00fcr Kraft Heinz eine Trendwende. \"Zuvor hatten wir Produktions- und Logistikabteilungen mit Teamleitern, die kaum miteinander kommunizierten. Wir hatten bereits damit begonnen, sie durch ein monatliches Treffen dazu zu bringen, mehr miteinander zu kommunizieren. Wir hatten auch damit begonnen, sie zu guten mittleren F\u00fchrungskr\u00e4ften auszubilden.<span class=\"Apple-converted-space\">\u00a0<\/span><\/p>\n<p>Doch das erwies sich als schwierig. Um dieses Ziel zu erreichen, wurde Fair Field hinzugezogen. Mari\u00eblle: \"Sie schulen in den Betrieben anhand bew\u00e4hrter Theorien und Philosophien. Aber ein operativer Teamleiter muss nicht die Maslowsche Pyramide kennen. Was er oder sie aber wissen muss, ist, wie er oder sie Menschen dazu bringt, f\u00fcr ihn oder sie zu arbeiten.\"<\/p>\n<p>Die Trainingseinheiten erwiesen sich als sehr effektiv. \"Die Trainer von Fair Field sprechen die Sprache der Teamleiter. Sie k\u00f6nnen sie gut coachen und die richtigen Fragen stellen\", erkl\u00e4rt sie. \"Das Ergebnis ist, dass die Teamleiter das Programm so sehr m\u00f6gen, dass sie sich auf das Training freuen.<\/p>\n<p>\"Und was sie lernen, k\u00f6nnen sie am Arbeitsplatz anwenden. Sie werden dabei aktiv angeleitet und merken den Nutzen. Das Ergebnis ist, dass der Club mit den Teamleitern n\u00e4her zusammenger\u00fcckt ist. Sie m\u00fcssen nichts mehr erzwingen, um in die Beratung zu gehen. Dar\u00fcber hinaus gibt ihnen das MT auch das Vertrauen und den Raum, Fehler zu machen und daraus zu lernen. Das ist ein entscheidendes Bindeglied zwischen den Trainings von Fair Field und der t\u00e4glichen Praxis.\"<span class=\"Apple-converted-space\">\u00a0<\/span><\/p>\n<p>Das wirkt sich nat\u00fcrlich auch in den Sitzungen aus. \"Man merkt, dass die Teamleiter Situationen anders beschreiben, mit ihren Emotionen anders umgehen, wenn sie mit etwas nicht einverstanden sind. F\u00fcr uns ist das unglaublich sch\u00f6n zu sehen.\"<\/p>\n<p>Das Beste an der Reise mit Fair Field ist vielleicht, dass sich der beabsichtigte Nutzen des Einsatzes von Teamleitern, die zusammenarbeiten, in der Praxis erweist. Mari\u00eblle gibt ein Beispiel: \"In den Sommerferien 2021 mussten wir zun\u00e4chst an den Wochenenden notwendige \u00dcberstunden erzwingen. Das ist nat\u00fcrlich nicht gut f\u00fcr die Stimmung.\"<span class=\"Apple-converted-space\">\u00a0<\/span><\/p>\n<p>\"In den Sommerferien 2022 hatten wir wieder \u00dcberstunden. Unser Betriebsleiter war sehr darauf bedacht, die Organisation den Teamleitern zu \u00fcberlassen. Sie haben es geschafft, das in Harmonie und mit den Vorgaben zu organisieren. Ich bin stolz, dass sie das geschafft haben.\"<\/p>\n<\/div><\/div> <\/div><div class=\"grve-background-wrapper\"><\/div><\/div><div class=\"grve-section\" data-section-title=\"\" data-section-type=\"fullwidth-background\" data-image-type=\"none\" data-full-height=\"no\"><div class=\"grve-row grve-bookmark\"><div class=\"wpb_column grve-column grve-bookmark grve-column-1\"><\/div> <\/div><div class=\"grve-background-wrapper\"><\/div><\/div>","protected":false},"excerpt":{"rendered":"Toen Mari\u00eblle Veraa in 2021 begon als HR-manager van Kraft Heinz in Utrecht was onvrede op de werkvloer een acuut probleem. De recente introductie van een middenkader leek veelbelovend, een succes was het nog niet. Dat veranderde toen zij in samenspraak met het managementteam de coaches van Fair Field op de werkvloer introduceerde. Dankzij de [...]","protected":false},"author":3,"featured_media":0,"parent":3109,"menu_order":0,"comment_status":"closed","ping_status":"closed","template":"","meta":{"footnotes":""},"class_list":["post-5111","page","type-page","status-publish","hentry"],"yoast_head":"<!-- This site is optimized with the Yoast SEO plugin v26.4 - https:\/\/yoast.com\/wordpress\/plugins\/seo\/ -->\n<title>Goede samenwerking en een positieve sfeer - FairField<\/title>\n<meta name=\"robots\" content=\"index, follow, max-snippet:-1, max-image-preview:large, max-video-preview:-1\" \/>\n<link rel=\"canonical\" href=\"https:\/\/www.fair-field.nl\/de\/beste-praktiken\/gute-zusammenarbeit-und-eine-positive-atmosphare\/\" \/>\n<meta property=\"og:locale\" content=\"de_DE\" \/>\n<meta property=\"og:type\" content=\"article\" \/>\n<meta property=\"og:title\" content=\"Goede samenwerking en een positieve sfeer - FairField\" \/>\n<meta property=\"og:url\" content=\"https:\/\/www.fair-field.nl\/de\/beste-praktiken\/gute-zusammenarbeit-und-eine-positive-atmosphare\/\" \/>\n<meta property=\"og:site_name\" content=\"FairField\" \/>\n<meta property=\"article:modified_time\" content=\"2023-03-27T13:55:39+00:00\" \/>\n<meta name=\"twitter:card\" content=\"summary_large_image\" \/>\n<meta name=\"twitter:site\" content=\"@bartgodding\" \/>\n<meta name=\"twitter:label1\" content=\"Gesch\u00e4tzte Lesezeit\" \/>\n\t<meta name=\"twitter:data1\" content=\"3\u00a0Minuten\" \/>\n<script type=\"application\/ld+json\" class=\"yoast-schema-graph\">{\"@context\":\"https:\/\/schema.org\",\"@graph\":[{\"@type\":\"WebPage\",\"@id\":\"https:\/\/www.fair-field.nl\/best-practices\/goede-samenwerking-en-een-positieve-sfeer\/\",\"url\":\"https:\/\/www.fair-field.nl\/best-practices\/goede-samenwerking-en-een-positieve-sfeer\/\",\"name\":\"Goede samenwerking en een positieve sfeer - FairField\",\"isPartOf\":{\"@id\":\"https:\/\/www.fair-field.nl\/#website\"},\"datePublished\":\"2023-02-15T15:38:30+00:00\",\"dateModified\":\"2023-03-27T13:55:39+00:00\",\"breadcrumb\":{\"@id\":\"https:\/\/www.fair-field.nl\/best-practices\/goede-samenwerking-en-een-positieve-sfeer\/#breadcrumb\"},\"inLanguage\":\"de\",\"potentialAction\":[{\"@type\":\"ReadAction\",\"target\":[\"https:\/\/www.fair-field.nl\/best-practices\/goede-samenwerking-en-een-positieve-sfeer\/\"]}]},{\"@type\":\"BreadcrumbList\",\"@id\":\"https:\/\/www.fair-field.nl\/best-practices\/goede-samenwerking-en-een-positieve-sfeer\/#breadcrumb\",\"itemListElement\":[{\"@type\":\"ListItem\",\"position\":1,\"name\":\"Home\",\"item\":\"https:\/\/www.fair-field.nl\/\"},{\"@type\":\"ListItem\",\"position\":2,\"name\":\"Best practices\",\"item\":\"https:\/\/www.fair-field.nl\/best-practices\/\"},{\"@type\":\"ListItem\",\"position\":3,\"name\":\"Goede samenwerking en een positieve sfeer\"}]},{\"@type\":\"WebSite\",\"@id\":\"https:\/\/www.fair-field.nl\/#website\",\"url\":\"https:\/\/www.fair-field.nl\/\",\"name\":\"FairField\",\"description\":\"De volgende stap naar operationeel leiderschap\",\"publisher\":{\"@id\":\"https:\/\/www.fair-field.nl\/#organization\"},\"potentialAction\":[{\"@type\":\"SearchAction\",\"target\":{\"@type\":\"EntryPoint\",\"urlTemplate\":\"https:\/\/www.fair-field.nl\/?s={search_term_string}\"},\"query-input\":{\"@type\":\"PropertyValueSpecification\",\"valueRequired\":true,\"valueName\":\"search_term_string\"}}],\"inLanguage\":\"de\"},{\"@type\":\"Organization\",\"@id\":\"https:\/\/www.fair-field.nl\/#organization\",\"name\":\"FairField\",\"url\":\"https:\/\/www.fair-field.nl\/\",\"logo\":{\"@type\":\"ImageObject\",\"inLanguage\":\"de\",\"@id\":\"https:\/\/www.fair-field.nl\/#\/schema\/logo\/image\/\",\"url\":\"https:\/\/www.fair-field.nl\/wp-content\/uploads\/2023\/03\/fairfieldlogo.png\",\"contentUrl\":\"https:\/\/www.fair-field.nl\/wp-content\/uploads\/2023\/03\/fairfieldlogo.png\",\"width\":400,\"height\":400,\"caption\":\"FairField\"},\"image\":{\"@id\":\"https:\/\/www.fair-field.nl\/#\/schema\/logo\/image\/\"},\"sameAs\":[\"https:\/\/x.com\/bartgodding\",\"https:\/\/www.linkedin.com\/company\/fairfield-training-coaching-mbo\/\",\"https:\/\/www.youtube.com\/channel\/UCOcjkVD-Zg1TDIJxEaW4PlQ\/featured\"]}]}<\/script>\n<!-- \/ Yoast SEO plugin. -->","yoast_head_json":{"title":"Gute Zusammenarbeit und eine positive Atmosph\u00e4re - FairField","robots":{"index":"index","follow":"follow","max-snippet":"max-snippet:-1","max-image-preview":"max-image-preview:large","max-video-preview":"max-video-preview:-1"},"canonical":"https:\/\/www.fair-field.nl\/de\/beste-praktiken\/gute-zusammenarbeit-und-eine-positive-atmosphare\/","og_locale":"de_DE","og_type":"article","og_title":"Goede samenwerking en een positieve sfeer - FairField","og_url":"https:\/\/www.fair-field.nl\/de\/beste-praktiken\/gute-zusammenarbeit-und-eine-positive-atmosphare\/","og_site_name":"FairField","article_modified_time":"2023-03-27T13:55:39+00:00","twitter_card":"summary_large_image","twitter_site":"@bartgodding","twitter_misc":{"Gesch\u00e4tzte Lesezeit":"3\u00a0Minuten"},"schema":{"@context":"https:\/\/schema.org","@graph":[{"@type":"WebPage","@id":"https:\/\/www.fair-field.nl\/best-practices\/goede-samenwerking-en-een-positieve-sfeer\/","url":"https:\/\/www.fair-field.nl\/best-practices\/goede-samenwerking-en-een-positieve-sfeer\/","name":"Gute Zusammenarbeit und eine positive Atmosph\u00e4re - FairField","isPartOf":{"@id":"https:\/\/www.fair-field.nl\/#website"},"datePublished":"2023-02-15T15:38:30+00:00","dateModified":"2023-03-27T13:55:39+00:00","breadcrumb":{"@id":"https:\/\/www.fair-field.nl\/best-practices\/goede-samenwerking-en-een-positieve-sfeer\/#breadcrumb"},"inLanguage":"de","potentialAction":[{"@type":"ReadAction","target":["https:\/\/www.fair-field.nl\/best-practices\/goede-samenwerking-en-een-positieve-sfeer\/"]}]},{"@type":"BreadcrumbList","@id":"https:\/\/www.fair-field.nl\/best-practices\/goede-samenwerking-en-een-positieve-sfeer\/#breadcrumb","itemListElement":[{"@type":"ListItem","position":1,"name":"Home","item":"https:\/\/www.fair-field.nl\/"},{"@type":"ListItem","position":2,"name":"Best practices","item":"https:\/\/www.fair-field.nl\/best-practices\/"},{"@type":"ListItem","position":3,"name":"Goede samenwerking en een positieve sfeer"}]},{"@type":"WebSite","@id":"https:\/\/www.fair-field.nl\/#website","url":"https:\/\/www.fair-field.nl\/","name":"FairField","description":"Der n\u00e4chste Schritt zur operativen F\u00fchrung","publisher":{"@id":"https:\/\/www.fair-field.nl\/#organization"},"potentialAction":[{"@type":"SearchAction","target":{"@type":"EntryPoint","urlTemplate":"https:\/\/www.fair-field.nl\/?s={search_term_string}"},"query-input":{"@type":"PropertyValueSpecification","valueRequired":true,"valueName":"search_term_string"}}],"inLanguage":"de"},{"@type":"Organization","@id":"https:\/\/www.fair-field.nl\/#organization","name":"FairField","url":"https:\/\/www.fair-field.nl\/","logo":{"@type":"ImageObject","inLanguage":"de","@id":"https:\/\/www.fair-field.nl\/#\/schema\/logo\/image\/","url":"https:\/\/www.fair-field.nl\/wp-content\/uploads\/2023\/03\/fairfieldlogo.png","contentUrl":"https:\/\/www.fair-field.nl\/wp-content\/uploads\/2023\/03\/fairfieldlogo.png","width":400,"height":400,"caption":"FairField"},"image":{"@id":"https:\/\/www.fair-field.nl\/#\/schema\/logo\/image\/"},"sameAs":["https:\/\/x.com\/bartgodding","https:\/\/www.linkedin.com\/company\/fairfield-training-coaching-mbo\/","https:\/\/www.youtube.com\/channel\/UCOcjkVD-Zg1TDIJxEaW4PlQ\/featured"]}]}},"_links":{"self":[{"href":"https:\/\/www.fair-field.nl\/de\/wp-json\/wp\/v2\/pages\/5111","targetHints":{"allow":["GET"]}}],"collection":[{"href":"https:\/\/www.fair-field.nl\/de\/wp-json\/wp\/v2\/pages"}],"about":[{"href":"https:\/\/www.fair-field.nl\/de\/wp-json\/wp\/v2\/types\/page"}],"author":[{"embeddable":true,"href":"https:\/\/www.fair-field.nl\/de\/wp-json\/wp\/v2\/users\/3"}],"replies":[{"embeddable":true,"href":"https:\/\/www.fair-field.nl\/de\/wp-json\/wp\/v2\/comments?post=5111"}],"version-history":[{"count":4,"href":"https:\/\/www.fair-field.nl\/de\/wp-json\/wp\/v2\/pages\/5111\/revisions"}],"predecessor-version":[{"id":5116,"href":"https:\/\/www.fair-field.nl\/de\/wp-json\/wp\/v2\/pages\/5111\/revisions\/5116"}],"up":[{"embeddable":true,"href":"https:\/\/www.fair-field.nl\/de\/wp-json\/wp\/v2\/pages\/3109"}],"wp:attachment":[{"href":"https:\/\/www.fair-field.nl\/de\/wp-json\/wp\/v2\/media?parent=5111"}],"curies":[{"name":"wp","href":"https:\/\/api.w.org\/{rel}","templated":true}]}}