{"id":4413,"date":"2022-07-05T16:44:47","date_gmt":"2022-07-05T16:44:47","guid":{"rendered":"https:\/\/www.fair-field.nl\/?page_id=4413"},"modified":"2022-11-10T15:32:10","modified_gmt":"2022-11-10T15:32:10","slug":"vielfalt-am-arbeitsplatz","status":"publish","type":"page","link":"https:\/\/www.fair-field.nl\/de\/vielfalt-am-arbeitsplatz\/","title":{"rendered":"Diversit\u00e4t am Arbeitsplatz"},"content":{"rendered":"<div class=\"grve-section grve-feature-header\" data-section-title=\"\" data-section-type=\"fullwidth-background\" data-image-type=\"none\" data-full-height=\"no\"  style=\"padding-top: 50px;padding-bottom: 50px;\"><div class=\"grve-row grve-bookmark\"><div class=\"wpb_column grve-column grve-bookmark grve-column-1 vc_custom_1657120799943\"><h2 class=\"grve-element grve-align-center grve-title-line grve-h2\" style=\"\"><span>Fast jeder arbeitet mit Kollegen aus anderen Kulturkreisen zusammen<\/span><\/h2><div class=\"grve-element grve-text grve-leader-text\"><p style=\"text-align: center;\">Marokkaner, Antillianer, Belgier, Polen, Friesen, Limburger usw. sind in unz\u00e4hligen verschiedenen Kulturen am niederl\u00e4ndischen Arbeitsplatz zu finden. Diese Kulturen k\u00f6nnen manchmal zu Reibereien f\u00fchren. Es ist Ihre Aufgabe als Coach, Probleme zwischen den Mitarbeitern zu l\u00f6sen und daf\u00fcr zu sorgen, dass alle Mitarbeiter motiviert bleiben.<\/p>\n<\/div><\/div> <\/div><div class=\"grve-background-wrapper\"><\/div><\/div><div class=\"grve-section grve-light\" data-section-title=\"\" data-section-type=\"fullwidth-background\" data-image-type=\"none\" data-full-height=\"no\"  style=\"background-color:#3b58a4;color:#ffffff;padding-top: 50px;padding-bottom: 50px;\"><div class=\"grve-row grve-bookmark\"><div class=\"wpb_column grve-column grve-bookmark grve-column-1-2\"><h3 class=\"grve-element grve-align-left grve-title-line grve-h3\" style=\"\"><span>Manager wird Coach!<\/span><\/h3><div class=\"grve-element grve-text\"><p style=\"text-align: left;\">Es hat sich gezeigt, dass das F\u00fchren durch Coaching viel besser funktioniert als das altmodische \"Managen\", was an einem Arbeitsplatz mit Mitarbeitern aus unterschiedlichen Kulturkreisen vielleicht sogar noch wichtiger ist.<br \/>\nBetrachten Sie als Coach die Ansichten Ihrer Mitarbeiter aus deren Perspektive, versetzen Sie sich in die Lage Ihrer Mitarbeiter und finden Sie heraus, warum sie bestimmte Dinge anders sehen.<\/p>\n<\/div><\/div><div class=\"wpb_column grve-column grve-bookmark grve-column-1-2\"><h3 class=\"grve-element grve-align-left grve-title-line grve-h3\" style=\"\"><span>Vermeiden Sie \"Ja, aber\"-Diskussionen<\/span><\/h3><div class=\"grve-element grve-text\"><p>Um Probleme im Zusammenhang mit dem kulturellen Hintergrund der Beteiligten zu vermeiden, ist es wichtig, klare Vereinbarungen zu treffen, die strikt eingehalten werden. Andernfalls laufen Sie Gefahr, sich in \"Ja, aber\"-Diskussionen zu verzetteln. Treffen Sie daher klare Vereinbarungen, damit endlose Diskussionen unm\u00f6glich werden. Ein Verhaltenskodex kann hier helfen; geben Sie diesen Verhaltenskodex jedem Mitarbeiter am ersten Tag mit.<\/p>\n<\/div><\/div> <\/div><div class=\"grve-background-wrapper\"><\/div><\/div><div class=\"grve-section\" data-section-title=\"\" data-section-type=\"fullwidth-background\" data-image-type=\"none\" data-full-height=\"no\"  style=\"padding-top: 50px;padding-bottom: 50px;\"><div class=\"grve-row grve-bookmark\"><div class=\"wpb_column grve-column grve-bookmark grve-column-1-2\"><h2 style=\"text-align: left\" class=\"vc_custom_heading\" >\"Gibt es in Ihrem Unternehmen keinen Verhaltenskodex? Dann erstellen Sie einen f\u00fcr Ihre eigene Abteilung!\"<\/h2><\/div><div class=\"wpb_column grve-column grve-bookmark grve-column-1-2\"><h3 class=\"grve-element grve-align-left grve-title-line grve-h3\" style=\"\"><span>Seien Sie kreativ!<\/span><\/h3><div class=\"grve-element grve-text\"><p>Die Arbeit mit zugewanderten Arbeitnehmern ist eine gro\u00dfartige Gelegenheit, aus dem Alltag auszubrechen und neue Erfahrungen zu sammeln. Wir raten F\u00fchrungskr\u00e4ften, die Arbeit mit Zuwanderern als eine Herausforderung zu sehen, bei der sie endlich ihre ganze Kreativit\u00e4t einsetzen k\u00f6nnen!<\/p>\n<\/div><\/div> <\/div><div class=\"grve-background-wrapper\"><\/div><\/div><div class=\"grve-section grve-feature-footer\" data-section-title=\"\" data-section-type=\"fullwidth-background\" data-image-type=\"none\" data-full-height=\"no\"  style=\"background-color:#f7f7f7;padding-top: 50px;padding-bottom: 50px;\"><div class=\"grve-row grve-bookmark\"><div class=\"wpb_column grve-column grve-bookmark grve-column-1-4\">\n\t<div  class=\"wpb_single_image wpb_content_element vc_align_left\">\n\t\t\n\t\t<figure class=\"wpb_wrapper vc_figure\">\n\t\t\t<div class=\"vc_single_image-wrapper   vc_box_border_grey\"><img loading=\"lazy\" decoding=\"async\" width=\"212\" height=\"300\" src=\"https:\/\/www.fair-field.nl\/wp-content\/uploads\/2022\/07\/58ff958eacf1ed057e033322_Cover-2-212x300.jpg\" class=\"vc_single_image-img attachment-medium\" alt=\"\" title=\"58ff958eacf1ed057e033322_Cover-2\" srcset=\"https:\/\/www.fair-field.nl\/wp-content\/uploads\/2022\/07\/58ff958eacf1ed057e033322_Cover-2-212x300.jpg 212w, https:\/\/www.fair-field.nl\/wp-content\/uploads\/2022\/07\/58ff958eacf1ed057e033322_Cover-2.jpg 600w\" sizes=\"auto, (max-width: 212px) 100vw, 212px\" \/><\/div>\n\t\t<\/figure>\n\t<\/div>\n<\/div><div class=\"wpb_column grve-column grve-bookmark grve-column-1-2 vc_custom_1657054906743\"><h3 style=\"text-align: left\" class=\"vc_custom_heading\" >M\u00f6chten Sie mehr dar\u00fcber erfahren, wie Sie mit Vielfalt am Arbeitsplatz umgehen k\u00f6nnen?<\/h3><div class=\"grve-element grve-text grve-leader-text\"><p>F\u00fcllen Sie das Formular aus und fordern Sie das White Paper als PDF an.<\/p>\n<\/div><div class=\"grve-element grve-align-left\"><a class=\"grve-btn grve-btn-medium grve-square grve-bg-primary-1\" href=\"http:\/\/www.fair-field.nl\/de\/kontakt\/\" target=\"_self\" style=\"\"><span>Kostenlos bewerben!<\/span><\/a><\/div><\/div><div class=\"wpb_column grve-column grve-bookmark grve-column-1-4\"><\/div> <\/div><div class=\"grve-background-wrapper\"><\/div><\/div>","protected":false},"excerpt":{"rendered":"Bijna iedereen werkt met collega\u2019s die een andere culturele achtergrond hebbenMarokkanen, Antillianen, Belgen, Polen, Friezen, Limburgers en zo zijn er nog talloze verschillende culturen te vinden op de Nederlandse werkvloer. Deze culturen kunnen soms tot wrijving leiden. Het is aan jou als coach om problemen tussen de medewerkers op te lossen en ervoor te zorgen [...]","protected":false},"author":3,"featured_media":0,"parent":0,"menu_order":0,"comment_status":"closed","ping_status":"closed","template":"","meta":{"footnotes":""},"class_list":["post-4413","page","type-page","status-publish","hentry"],"yoast_head":"<!-- This site is optimized with the Yoast SEO plugin v26.4 - https:\/\/yoast.com\/wordpress\/plugins\/seo\/ -->\n<title>Diversiteit op de werkvloer - FairField<\/title>\n<meta name=\"robots\" content=\"index, follow, max-snippet:-1, max-image-preview:large, max-video-preview:-1\" \/>\n<link rel=\"canonical\" href=\"https:\/\/www.fair-field.nl\/de\/vielfalt-am-arbeitsplatz\/\" \/>\n<meta property=\"og:locale\" content=\"de_DE\" \/>\n<meta property=\"og:type\" content=\"article\" \/>\n<meta property=\"og:title\" content=\"Diversiteit op de werkvloer - FairField\" \/>\n<meta property=\"og:url\" content=\"https:\/\/www.fair-field.nl\/de\/vielfalt-am-arbeitsplatz\/\" \/>\n<meta property=\"og:site_name\" content=\"FairField\" \/>\n<meta property=\"article:modified_time\" content=\"2022-11-10T15:32:10+00:00\" \/>\n<meta name=\"twitter:card\" content=\"summary_large_image\" \/>\n<meta name=\"twitter:site\" content=\"@bartgodding\" \/>\n<meta name=\"twitter:label1\" content=\"Gesch\u00e4tzte Lesezeit\" \/>\n\t<meta name=\"twitter:data1\" content=\"2\u00a0Minuten\" \/>\n<script type=\"application\/ld+json\" class=\"yoast-schema-graph\">{\"@context\":\"https:\/\/schema.org\",\"@graph\":[{\"@type\":\"WebPage\",\"@id\":\"https:\/\/www.fair-field.nl\/es\/diversiteit-op-de-werkvloer\/\",\"url\":\"https:\/\/www.fair-field.nl\/es\/diversiteit-op-de-werkvloer\/\",\"name\":\"Diversiteit op de werkvloer - FairField\",\"isPartOf\":{\"@id\":\"https:\/\/www.fair-field.nl\/#website\"},\"datePublished\":\"2022-07-05T16:44:47+00:00\",\"dateModified\":\"2022-11-10T15:32:10+00:00\",\"breadcrumb\":{\"@id\":\"https:\/\/www.fair-field.nl\/es\/diversiteit-op-de-werkvloer\/#breadcrumb\"},\"inLanguage\":\"de\",\"potentialAction\":[{\"@type\":\"ReadAction\",\"target\":[\"https:\/\/www.fair-field.nl\/es\/diversiteit-op-de-werkvloer\/\"]}]},{\"@type\":\"BreadcrumbList\",\"@id\":\"https:\/\/www.fair-field.nl\/es\/diversiteit-op-de-werkvloer\/#breadcrumb\",\"itemListElement\":[{\"@type\":\"ListItem\",\"position\":1,\"name\":\"Home\",\"item\":\"https:\/\/www.fair-field.nl\/\"},{\"@type\":\"ListItem\",\"position\":2,\"name\":\"Diversiteit op de werkvloer\"}]},{\"@type\":\"WebSite\",\"@id\":\"https:\/\/www.fair-field.nl\/#website\",\"url\":\"https:\/\/www.fair-field.nl\/\",\"name\":\"FairField\",\"description\":\"De volgende stap naar operationeel leiderschap\",\"publisher\":{\"@id\":\"https:\/\/www.fair-field.nl\/#organization\"},\"potentialAction\":[{\"@type\":\"SearchAction\",\"target\":{\"@type\":\"EntryPoint\",\"urlTemplate\":\"https:\/\/www.fair-field.nl\/?s={search_term_string}\"},\"query-input\":{\"@type\":\"PropertyValueSpecification\",\"valueRequired\":true,\"valueName\":\"search_term_string\"}}],\"inLanguage\":\"de\"},{\"@type\":\"Organization\",\"@id\":\"https:\/\/www.fair-field.nl\/#organization\",\"name\":\"FairField\",\"url\":\"https:\/\/www.fair-field.nl\/\",\"logo\":{\"@type\":\"ImageObject\",\"inLanguage\":\"de\",\"@id\":\"https:\/\/www.fair-field.nl\/#\/schema\/logo\/image\/\",\"url\":\"https:\/\/www.fair-field.nl\/wp-content\/uploads\/2023\/03\/fairfieldlogo.png\",\"contentUrl\":\"https:\/\/www.fair-field.nl\/wp-content\/uploads\/2023\/03\/fairfieldlogo.png\",\"width\":400,\"height\":400,\"caption\":\"FairField\"},\"image\":{\"@id\":\"https:\/\/www.fair-field.nl\/#\/schema\/logo\/image\/\"},\"sameAs\":[\"https:\/\/x.com\/bartgodding\",\"https:\/\/www.linkedin.com\/company\/fairfield-training-coaching-mbo\/\",\"https:\/\/www.youtube.com\/channel\/UCOcjkVD-Zg1TDIJxEaW4PlQ\/featured\"]}]}<\/script>\n<!-- \/ Yoast SEO plugin. -->","yoast_head_json":{"title":"Vielfalt am Arbeitsplatz - FairField","robots":{"index":"index","follow":"follow","max-snippet":"max-snippet:-1","max-image-preview":"max-image-preview:large","max-video-preview":"max-video-preview:-1"},"canonical":"https:\/\/www.fair-field.nl\/de\/vielfalt-am-arbeitsplatz\/","og_locale":"de_DE","og_type":"article","og_title":"Diversiteit op de werkvloer - FairField","og_url":"https:\/\/www.fair-field.nl\/de\/vielfalt-am-arbeitsplatz\/","og_site_name":"FairField","article_modified_time":"2022-11-10T15:32:10+00:00","twitter_card":"summary_large_image","twitter_site":"@bartgodding","twitter_misc":{"Gesch\u00e4tzte Lesezeit":"2\u00a0Minuten"},"schema":{"@context":"https:\/\/schema.org","@graph":[{"@type":"WebPage","@id":"https:\/\/www.fair-field.nl\/es\/diversiteit-op-de-werkvloer\/","url":"https:\/\/www.fair-field.nl\/es\/diversiteit-op-de-werkvloer\/","name":"Vielfalt am Arbeitsplatz - FairField","isPartOf":{"@id":"https:\/\/www.fair-field.nl\/#website"},"datePublished":"2022-07-05T16:44:47+00:00","dateModified":"2022-11-10T15:32:10+00:00","breadcrumb":{"@id":"https:\/\/www.fair-field.nl\/es\/diversiteit-op-de-werkvloer\/#breadcrumb"},"inLanguage":"de","potentialAction":[{"@type":"ReadAction","target":["https:\/\/www.fair-field.nl\/es\/diversiteit-op-de-werkvloer\/"]}]},{"@type":"BreadcrumbList","@id":"https:\/\/www.fair-field.nl\/es\/diversiteit-op-de-werkvloer\/#breadcrumb","itemListElement":[{"@type":"ListItem","position":1,"name":"Home","item":"https:\/\/www.fair-field.nl\/"},{"@type":"ListItem","position":2,"name":"Diversiteit op de werkvloer"}]},{"@type":"WebSite","@id":"https:\/\/www.fair-field.nl\/#website","url":"https:\/\/www.fair-field.nl\/","name":"FairField","description":"Der n\u00e4chste Schritt zur operativen F\u00fchrung","publisher":{"@id":"https:\/\/www.fair-field.nl\/#organization"},"potentialAction":[{"@type":"SearchAction","target":{"@type":"EntryPoint","urlTemplate":"https:\/\/www.fair-field.nl\/?s={search_term_string}"},"query-input":{"@type":"PropertyValueSpecification","valueRequired":true,"valueName":"search_term_string"}}],"inLanguage":"de"},{"@type":"Organization","@id":"https:\/\/www.fair-field.nl\/#organization","name":"FairField","url":"https:\/\/www.fair-field.nl\/","logo":{"@type":"ImageObject","inLanguage":"de","@id":"https:\/\/www.fair-field.nl\/#\/schema\/logo\/image\/","url":"https:\/\/www.fair-field.nl\/wp-content\/uploads\/2023\/03\/fairfieldlogo.png","contentUrl":"https:\/\/www.fair-field.nl\/wp-content\/uploads\/2023\/03\/fairfieldlogo.png","width":400,"height":400,"caption":"FairField"},"image":{"@id":"https:\/\/www.fair-field.nl\/#\/schema\/logo\/image\/"},"sameAs":["https:\/\/x.com\/bartgodding","https:\/\/www.linkedin.com\/company\/fairfield-training-coaching-mbo\/","https:\/\/www.youtube.com\/channel\/UCOcjkVD-Zg1TDIJxEaW4PlQ\/featured"]}]}},"_links":{"self":[{"href":"https:\/\/www.fair-field.nl\/de\/wp-json\/wp\/v2\/pages\/4413","targetHints":{"allow":["GET"]}}],"collection":[{"href":"https:\/\/www.fair-field.nl\/de\/wp-json\/wp\/v2\/pages"}],"about":[{"href":"https:\/\/www.fair-field.nl\/de\/wp-json\/wp\/v2\/types\/page"}],"author":[{"embeddable":true,"href":"https:\/\/www.fair-field.nl\/de\/wp-json\/wp\/v2\/users\/3"}],"replies":[{"embeddable":true,"href":"https:\/\/www.fair-field.nl\/de\/wp-json\/wp\/v2\/comments?post=4413"}],"version-history":[{"count":52,"href":"https:\/\/www.fair-field.nl\/de\/wp-json\/wp\/v2\/pages\/4413\/revisions"}],"predecessor-version":[{"id":5099,"href":"https:\/\/www.fair-field.nl\/de\/wp-json\/wp\/v2\/pages\/4413\/revisions\/5099"}],"wp:attachment":[{"href":"https:\/\/www.fair-field.nl\/de\/wp-json\/wp\/v2\/media?parent=4413"}],"curies":[{"name":"wp","href":"https:\/\/api.w.org\/{rel}","templated":true}]}}