{"id":4356,"date":"2022-07-05T14:18:27","date_gmt":"2022-07-05T14:18:27","guid":{"rendered":"https:\/\/www.fair-field.nl\/?page_id=4356"},"modified":"2022-07-05T14:28:17","modified_gmt":"2022-07-05T14:28:17","slug":"fairfield-datenschutzerklarung","status":"publish","type":"page","link":"https:\/\/www.fair-field.nl\/de\/fairfield-datenschutzerklarung\/","title":{"rendered":"FairField-Datenschutzerkl\u00e4rung"},"content":{"rendered":"<div class=\"grve-section\" data-section-title=\"\" data-section-type=\"fullwidth-background\" data-image-type=\"none\" data-full-height=\"no\"><div class=\"grve-row grve-bookmark\"><div class=\"wpb_column grve-column grve-bookmark grve-column-1\"><div class=\"grve-element grve-text\"><p>FairField Training Coaching MBO \u00fcber https:\/\/www.fair-field.nl<br \/>\nWir sind uns bewusst, dass Sie uns Ihr Vertrauen schenken. Wir sehen es daher als unsere Verantwortung an, Ihre Privatsph\u00e4re zu sch\u00fctzen. Auf dieser Seite erfahren Sie, welche Daten wir sammeln, wenn Sie unsere Website nutzen, warum wir diese Daten sammeln und wie wir sie verwenden, um Ihr Nutzererlebnis zu verbessern. Auf diese Weise verstehen Sie genau, wie wir arbeiten. Diese Datenschutzrichtlinie gilt f\u00fcr die Dienstleistungen von FairField. Sie sollten sich bewusst sein, dass FairField nicht f\u00fcr die Datenschutzrichtlinien anderer Websites und Quellen verantwortlich ist. Durch die Nutzung dieser Website erkl\u00e4ren Sie Ihr Einverst\u00e4ndnis mit den Datenschutzrichtlinien. FairField respektiert die Privatsph\u00e4re aller Nutzer seiner Website und stellt sicher, dass die pers\u00f6nlichen Daten, die Sie uns zur Verf\u00fcgung stellen, vertraulich behandelt werden.<\/p>\n<\/div><\/div> <\/div><div class=\"grve-background-wrapper\"><\/div><\/div><div class=\"grve-section\" data-section-title=\"\" data-section-type=\"fullwidth-background\" data-image-type=\"none\" data-full-height=\"no\"><div class=\"grve-row grve-bookmark\"><div class=\"wpb_column grve-column grve-bookmark grve-column-1\"><h5 style=\"text-align: left\" class=\"vc_custom_heading\" >Inanspruchnahme unserer Dienstleistungen<\/h5><div class=\"grve-element grve-text\"><p>Wenn Sie sich f\u00fcr einen unserer Dienste anmelden, bitten wir Sie um folgende Angaben<br \/>\npers\u00f6nliche Daten zur Verf\u00fcgung stellen. Diese Daten werden f\u00fcr die Erbringung der Dienstleistung verwendet. Die Daten werden auf den eigenen sicheren Servern von FairField oder auf denen eines Dritten gespeichert.<\/p>\n<\/div><\/div> <\/div><div class=\"grve-background-wrapper\"><\/div><\/div><div class=\"grve-section\" data-section-title=\"\" data-section-type=\"fullwidth-background\" data-image-type=\"none\" data-full-height=\"no\"><div class=\"grve-row grve-bookmark\"><div class=\"wpb_column grve-column grve-bookmark grve-column-1\"><h5 style=\"text-align: left\" class=\"vc_custom_heading\" >Kommunikation<\/h5><div class=\"grve-element grve-text\"><p>Wenn Sie uns E-Mails oder andere Nachrichten schicken, k\u00f6nnen wir diese Nachrichten speichern. Manchmal werden wir Sie um Ihre pers\u00f6nlichen Daten bitten, die f\u00fcr die jeweilige Situation relevant sind. Dies erm\u00f6glicht es uns, Ihre Anfragen zu bearbeiten und auf Ihre W\u00fcnsche zu reagieren. Die Daten werden auf den eigenen sicheren Servern von FairField oder auf denen eines Dritten gespeichert.<\/p>\n<\/div><\/div> <\/div><div class=\"grve-background-wrapper\"><\/div><\/div><div class=\"grve-section\" data-section-title=\"\" data-section-type=\"fullwidth-background\" data-image-type=\"none\" data-full-height=\"no\"><div class=\"grve-row grve-bookmark\"><div class=\"wpb_column grve-column grve-bookmark grve-column-1\"><h5 style=\"text-align: left\" class=\"vc_custom_heading\" >Cookies<\/h5><div class=\"grve-element grve-text\"><p>Wir sammeln Daten zu Forschungszwecken, um unsere Website-Besucher besser zu verstehen, damit wir unsere Dienste entsprechend anpassen k\u00f6nnen. Diese Website verwendet \"Cookies\" (Textdateien, die auf Ihrem Computer gespeichert werden), damit die Website analysieren kann, wie die Benutzer die Website nutzen. Die von dem Cookie erzeugten Informationen \u00fcber Ihre Nutzung der Website k\u00f6nnen an die eigenen sicheren Server von FairField oder an die eines Dritten \u00fcbertragen werden. Wir verwenden diese Informationen, um zu verfolgen, wie Sie die Website nutzen, um Berichte \u00fcber die Website-Aktivit\u00e4ten zu erstellen und um andere Dienstleistungen im Zusammenhang mit Website-Aktivit\u00e4ten und Internetnutzung anzubieten.<\/p>\n<p>Die meisten Browser sind so eingestellt, dass sie Cookies standardm\u00e4\u00dfig akzeptieren, aber Sie k\u00f6nnen Ihren Browser so einstellen, dass er alle Cookies ablehnt oder anzeigt, wenn ein Cookie gesendet wird. Allerdings k\u00f6nnen einige Funktionen und Dienste auf unserer und anderen Websites nicht richtig funktionieren, wenn Cookies in Ihrem Browser deaktiviert sind.<\/p>\n<\/div><\/div> <\/div><div class=\"grve-background-wrapper\"><\/div><\/div><div class=\"grve-section\" data-section-title=\"\" data-section-type=\"fullwidth-background\" data-image-type=\"none\" data-full-height=\"no\"><div class=\"grve-row grve-bookmark\"><div class=\"wpb_column grve-column grve-bookmark grve-column-1\"><h5 style=\"text-align: left\" class=\"vc_custom_heading\" >Verwendungszwecke<\/h5><div class=\"grve-element grve-text\"><p>Wir sammeln oder verwenden keine Informationen f\u00fcr andere Zwecke als die<br \/>\nZwecke, die in dieser Datenschutzrichtlinie beschrieben sind, es sei denn, wir haben Ihre Daten zuvor weitergegeben.<br \/>\ndie Erlaubnis dazu erhalten haben.<\/p>\n<\/div><\/div> <\/div><div class=\"grve-background-wrapper\"><\/div><\/div><div class=\"grve-section\" data-section-title=\"\" data-section-type=\"fullwidth-background\" data-image-type=\"none\" data-full-height=\"no\"><div class=\"grve-row grve-bookmark\"><div class=\"wpb_column grve-column grve-bookmark grve-column-1\"><h5 style=\"text-align: left\" class=\"vc_custom_heading\" >Dritte Parteien<\/h5><div class=\"grve-element grve-text\"><p>Die Informationen werden nicht an Dritte weitergegeben. In einigen F\u00e4llen wird jedoch die<br \/>\nInformationen intern weitergegeben werden. Unsere Mitarbeiter sind verpflichtet, die<br \/>\ndie Vertraulichkeit Ihrer Daten zu wahren.<\/p>\n<\/div><\/div> <\/div><div class=\"grve-background-wrapper\"><\/div><\/div><div class=\"grve-section\" data-section-title=\"\" data-section-type=\"fullwidth-background\" data-image-type=\"none\" data-full-height=\"no\"><div class=\"grve-row grve-bookmark\"><div class=\"wpb_column grve-column grve-bookmark grve-column-1\"><h5 style=\"text-align: left\" class=\"vc_custom_heading\" >\u00c4nderungen<\/h5><div class=\"grve-element grve-text\"><p>Dieser Datenschutzhinweis ist auf die Nutzung und die Funktionen von<br \/>\ndieser Website. Jede Aktualisierung und\/oder \u00c4nderung dieser Website kann zu \u00c4nderungen dieser Datenschutzerkl\u00e4rung f\u00fchren. Es ist daher ratsam, diese Datenschutzerkl\u00e4rung regelm\u00e4\u00dfig zu lesen. Diese Seite wurde zuletzt am 21. Mai 2018 aktualisiert.<\/p>\n<\/div><\/div> <\/div><div class=\"grve-background-wrapper\"><\/div><\/div><div class=\"grve-section\" data-section-title=\"\" data-section-type=\"fullwidth-background\" data-image-type=\"none\" data-full-height=\"no\"><div class=\"grve-row grve-bookmark\"><div class=\"wpb_column grve-column grve-bookmark grve-column-1\"><h5 style=\"text-align: left\" class=\"vc_custom_heading\" >Wahlm\u00f6glichkeiten f\u00fcr personenbezogene Daten<\/h5><div class=\"grve-element grve-text\"><p>Wir bieten allen Nutzern die M\u00f6glichkeit, die uns zur Verf\u00fcgung gestellten pers\u00f6nlichen Daten einzusehen, zu \u00e4ndern oder zu l\u00f6schen.<\/p>\n<\/div><\/div> <\/div><div class=\"grve-background-wrapper\"><\/div><\/div><div class=\"grve-section\" data-section-title=\"\" data-section-type=\"fullwidth-background\" data-image-type=\"none\" data-full-height=\"no\"><div class=\"grve-row grve-bookmark\"><div class=\"wpb_column grve-column grve-bookmark grve-column-1\"><h5 style=\"text-align: left\" class=\"vc_custom_heading\" >Kommunikation anpassen\/abbestellen<\/h5><div class=\"grve-element grve-text\"><p>Wenn Sie Ihre Daten \u00e4ndern oder aus unseren Dateien l\u00f6schen lassen m\u00f6chten, wenden Sie sich bitte an uns. Siehe Kontaktangaben unten.<\/p>\n<\/div><\/div> <\/div><div class=\"grve-background-wrapper\"><\/div><\/div><div class=\"grve-section\" data-section-title=\"\" data-section-type=\"fullwidth-background\" data-image-type=\"none\" data-full-height=\"no\"><div class=\"grve-row grve-bookmark\"><div class=\"wpb_column grve-column grve-bookmark grve-column-1\"><h5 style=\"text-align: left\" class=\"vc_custom_heading\" >Fragen und Feedback<\/h5><div class=\"grve-element grve-text\"><p>Wir \u00fcberpr\u00fcfen regelm\u00e4\u00dfig die Einhaltung dieser Datenschutzrichtlinie. Wenn Sie Fragen zu dieser Datenschutzrichtlinie haben, kontaktieren Sie uns bitte:<\/p>\n<p>FairField Training Coaching MBO<br \/>\nFlughafenstra\u00dfe 81<br \/>\n5657 EA Eindhoven<br \/>\n- Rufnummer: 040-2886247<br \/>\n- E-Mail Adresse: info@fair-field.nl<\/p>\n<\/div><\/div> <\/div><div class=\"grve-background-wrapper\"><\/div><\/div><div class=\"grve-section\" data-section-title=\"\" data-section-type=\"fullwidth-background\" data-image-type=\"none\" data-full-height=\"no\"><div class=\"grve-row grve-bookmark\"><div class=\"wpb_column grve-column grve-bookmark grve-column-1\">\n\t<div  class=\"wpb_single_image wpb_content_element vc_align_left\">\n\t\t\n\t\t<figure class=\"wpb_wrapper vc_figure\">\n\t\t\t<div class=\"vc_single_image-wrapper   vc_box_border_grey\"><img loading=\"lazy\" decoding=\"async\" width=\"150\" height=\"150\" src=\"https:\/\/www.fair-field.nl\/wp-content\/uploads\/2022\/06\/5a3bd3ce706df50001a34c48_NRTO_keurmerk-150x150.png\" class=\"vc_single_image-img attachment-thumbnail\" alt=\"\" title=\"5a3bd3ce706df50001a34c48_NRTO_keurmerk\" srcset=\"https:\/\/www.fair-field.nl\/wp-content\/uploads\/2022\/06\/5a3bd3ce706df50001a34c48_NRTO_keurmerk-150x150.png 150w, https:\/\/www.fair-field.nl\/wp-content\/uploads\/2022\/06\/5a3bd3ce706df50001a34c48_NRTO_keurmerk-300x300.png 300w, https:\/\/www.fair-field.nl\/wp-content\/uploads\/2022\/06\/5a3bd3ce706df50001a34c48_NRTO_keurmerk-80x80.png 80w, https:\/\/www.fair-field.nl\/wp-content\/uploads\/2022\/06\/5a3bd3ce706df50001a34c48_NRTO_keurmerk.png 410w\" sizes=\"auto, (max-width: 150px) 100vw, 150px\" \/><\/div>\n\t\t<\/figure>\n\t<\/div>\n<\/div> <\/div><div class=\"grve-background-wrapper\"><\/div><\/div>","protected":false},"excerpt":{"rendered":"FairField Training Coaching MBO via https:\/\/www.fair-field.nl Wij zijn ervan bewust dat u vertrouwen stelt in ons. Wij zien het dan ook als onze verantwoordelijkheid om uw privacy te beschermen. Op deze pagina laten we u weten welke gegevens we verzamelen als u onze website gebruikt, waarom we deze gegevens verzamelen en hoe we hiermee uw [...]","protected":false},"author":3,"featured_media":0,"parent":0,"menu_order":0,"comment_status":"closed","ping_status":"closed","template":"","meta":{"footnotes":""},"class_list":["post-4356","page","type-page","status-publish","hentry"],"yoast_head":"<!-- This site is optimized with the Yoast SEO plugin v26.4 - https:\/\/yoast.com\/wordpress\/plugins\/seo\/ -->\n<title>FairField Privacy verklaring - FairField<\/title>\n<meta name=\"robots\" content=\"index, follow, max-snippet:-1, max-image-preview:large, max-video-preview:-1\" \/>\n<link rel=\"canonical\" href=\"https:\/\/www.fair-field.nl\/de\/fairfield-datenschutzerklarung\/\" \/>\n<meta property=\"og:locale\" content=\"de_DE\" \/>\n<meta property=\"og:type\" content=\"article\" \/>\n<meta property=\"og:title\" content=\"FairField Privacy verklaring - FairField\" \/>\n<meta property=\"og:url\" content=\"https:\/\/www.fair-field.nl\/de\/fairfield-datenschutzerklarung\/\" \/>\n<meta property=\"og:site_name\" content=\"FairField\" \/>\n<meta property=\"article:modified_time\" content=\"2022-07-05T14:28:17+00:00\" \/>\n<meta name=\"twitter:card\" content=\"summary_large_image\" \/>\n<meta name=\"twitter:site\" content=\"@bartgodding\" \/>\n<meta name=\"twitter:label1\" content=\"Gesch\u00e4tzte Lesezeit\" \/>\n\t<meta name=\"twitter:data1\" content=\"5\u00a0Minuten\" \/>\n<script type=\"application\/ld+json\" class=\"yoast-schema-graph\">{\"@context\":\"https:\/\/schema.org\",\"@graph\":[{\"@type\":\"WebPage\",\"@id\":\"https:\/\/www.fair-field.nl\/fairfield-privacy-verklaring\/\",\"url\":\"https:\/\/www.fair-field.nl\/fairfield-privacy-verklaring\/\",\"name\":\"FairField Privacy verklaring - FairField\",\"isPartOf\":{\"@id\":\"https:\/\/www.fair-field.nl\/#website\"},\"datePublished\":\"2022-07-05T14:18:27+00:00\",\"dateModified\":\"2022-07-05T14:28:17+00:00\",\"breadcrumb\":{\"@id\":\"https:\/\/www.fair-field.nl\/fairfield-privacy-verklaring\/#breadcrumb\"},\"inLanguage\":\"de\",\"potentialAction\":[{\"@type\":\"ReadAction\",\"target\":[\"https:\/\/www.fair-field.nl\/fairfield-privacy-verklaring\/\"]}]},{\"@type\":\"BreadcrumbList\",\"@id\":\"https:\/\/www.fair-field.nl\/fairfield-privacy-verklaring\/#breadcrumb\",\"itemListElement\":[{\"@type\":\"ListItem\",\"position\":1,\"name\":\"Home\",\"item\":\"https:\/\/www.fair-field.nl\/\"},{\"@type\":\"ListItem\",\"position\":2,\"name\":\"FairField Privacy verklaring\"}]},{\"@type\":\"WebSite\",\"@id\":\"https:\/\/www.fair-field.nl\/#website\",\"url\":\"https:\/\/www.fair-field.nl\/\",\"name\":\"FairField\",\"description\":\"De volgende stap naar operationeel leiderschap\",\"publisher\":{\"@id\":\"https:\/\/www.fair-field.nl\/#organization\"},\"potentialAction\":[{\"@type\":\"SearchAction\",\"target\":{\"@type\":\"EntryPoint\",\"urlTemplate\":\"https:\/\/www.fair-field.nl\/?s={search_term_string}\"},\"query-input\":{\"@type\":\"PropertyValueSpecification\",\"valueRequired\":true,\"valueName\":\"search_term_string\"}}],\"inLanguage\":\"de\"},{\"@type\":\"Organization\",\"@id\":\"https:\/\/www.fair-field.nl\/#organization\",\"name\":\"FairField\",\"url\":\"https:\/\/www.fair-field.nl\/\",\"logo\":{\"@type\":\"ImageObject\",\"inLanguage\":\"de\",\"@id\":\"https:\/\/www.fair-field.nl\/#\/schema\/logo\/image\/\",\"url\":\"https:\/\/www.fair-field.nl\/wp-content\/uploads\/2023\/03\/fairfieldlogo.png\",\"contentUrl\":\"https:\/\/www.fair-field.nl\/wp-content\/uploads\/2023\/03\/fairfieldlogo.png\",\"width\":400,\"height\":400,\"caption\":\"FairField\"},\"image\":{\"@id\":\"https:\/\/www.fair-field.nl\/#\/schema\/logo\/image\/\"},\"sameAs\":[\"https:\/\/x.com\/bartgodding\",\"https:\/\/www.linkedin.com\/company\/fairfield-training-coaching-mbo\/\",\"https:\/\/www.youtube.com\/channel\/UCOcjkVD-Zg1TDIJxEaW4PlQ\/featured\"]}]}<\/script>\n<!-- \/ Yoast SEO plugin. -->","yoast_head_json":{"title":"FairField-Datenschutzerkl\u00e4rung - FairField","robots":{"index":"index","follow":"follow","max-snippet":"max-snippet:-1","max-image-preview":"max-image-preview:large","max-video-preview":"max-video-preview:-1"},"canonical":"https:\/\/www.fair-field.nl\/de\/fairfield-datenschutzerklarung\/","og_locale":"de_DE","og_type":"article","og_title":"FairField Privacy verklaring - FairField","og_url":"https:\/\/www.fair-field.nl\/de\/fairfield-datenschutzerklarung\/","og_site_name":"FairField","article_modified_time":"2022-07-05T14:28:17+00:00","twitter_card":"summary_large_image","twitter_site":"@bartgodding","twitter_misc":{"Gesch\u00e4tzte Lesezeit":"5\u00a0Minuten"},"schema":{"@context":"https:\/\/schema.org","@graph":[{"@type":"WebPage","@id":"https:\/\/www.fair-field.nl\/fairfield-privacy-verklaring\/","url":"https:\/\/www.fair-field.nl\/fairfield-privacy-verklaring\/","name":"FairField-Datenschutzerkl\u00e4rung - FairField","isPartOf":{"@id":"https:\/\/www.fair-field.nl\/#website"},"datePublished":"2022-07-05T14:18:27+00:00","dateModified":"2022-07-05T14:28:17+00:00","breadcrumb":{"@id":"https:\/\/www.fair-field.nl\/fairfield-privacy-verklaring\/#breadcrumb"},"inLanguage":"de","potentialAction":[{"@type":"ReadAction","target":["https:\/\/www.fair-field.nl\/fairfield-privacy-verklaring\/"]}]},{"@type":"BreadcrumbList","@id":"https:\/\/www.fair-field.nl\/fairfield-privacy-verklaring\/#breadcrumb","itemListElement":[{"@type":"ListItem","position":1,"name":"Home","item":"https:\/\/www.fair-field.nl\/"},{"@type":"ListItem","position":2,"name":"FairField Privacy verklaring"}]},{"@type":"WebSite","@id":"https:\/\/www.fair-field.nl\/#website","url":"https:\/\/www.fair-field.nl\/","name":"FairField","description":"Der n\u00e4chste Schritt zur operativen F\u00fchrung","publisher":{"@id":"https:\/\/www.fair-field.nl\/#organization"},"potentialAction":[{"@type":"SearchAction","target":{"@type":"EntryPoint","urlTemplate":"https:\/\/www.fair-field.nl\/?s={search_term_string}"},"query-input":{"@type":"PropertyValueSpecification","valueRequired":true,"valueName":"search_term_string"}}],"inLanguage":"de"},{"@type":"Organization","@id":"https:\/\/www.fair-field.nl\/#organization","name":"FairField","url":"https:\/\/www.fair-field.nl\/","logo":{"@type":"ImageObject","inLanguage":"de","@id":"https:\/\/www.fair-field.nl\/#\/schema\/logo\/image\/","url":"https:\/\/www.fair-field.nl\/wp-content\/uploads\/2023\/03\/fairfieldlogo.png","contentUrl":"https:\/\/www.fair-field.nl\/wp-content\/uploads\/2023\/03\/fairfieldlogo.png","width":400,"height":400,"caption":"FairField"},"image":{"@id":"https:\/\/www.fair-field.nl\/#\/schema\/logo\/image\/"},"sameAs":["https:\/\/x.com\/bartgodding","https:\/\/www.linkedin.com\/company\/fairfield-training-coaching-mbo\/","https:\/\/www.youtube.com\/channel\/UCOcjkVD-Zg1TDIJxEaW4PlQ\/featured"]}]}},"_links":{"self":[{"href":"https:\/\/www.fair-field.nl\/de\/wp-json\/wp\/v2\/pages\/4356","targetHints":{"allow":["GET"]}}],"collection":[{"href":"https:\/\/www.fair-field.nl\/de\/wp-json\/wp\/v2\/pages"}],"about":[{"href":"https:\/\/www.fair-field.nl\/de\/wp-json\/wp\/v2\/types\/page"}],"author":[{"embeddable":true,"href":"https:\/\/www.fair-field.nl\/de\/wp-json\/wp\/v2\/users\/3"}],"replies":[{"embeddable":true,"href":"https:\/\/www.fair-field.nl\/de\/wp-json\/wp\/v2\/comments?post=4356"}],"version-history":[{"count":9,"href":"https:\/\/www.fair-field.nl\/de\/wp-json\/wp\/v2\/pages\/4356\/revisions"}],"predecessor-version":[{"id":4365,"href":"https:\/\/www.fair-field.nl\/de\/wp-json\/wp\/v2\/pages\/4356\/revisions\/4365"}],"wp:attachment":[{"href":"https:\/\/www.fair-field.nl\/de\/wp-json\/wp\/v2\/media?parent=4356"}],"curies":[{"name":"wp","href":"https:\/\/api.w.org\/{rel}","templated":true}]}}