{"id":4349,"date":"2022-07-05T14:07:53","date_gmt":"2022-07-05T14:07:53","guid":{"rendered":"https:\/\/www.fair-field.nl\/?page_id=4349"},"modified":"2022-11-09T11:55:42","modified_gmt":"2022-11-09T11:55:42","slug":"keine-geschwatzigkeit","status":"publish","type":"page","link":"https:\/\/www.fair-field.nl\/de\/beste-praktiken\/keine-geschwatzigkeit\/","title":{"rendered":"Kein schwammiges Gerede"},"content":{"rendered":"<div class=\"grve-section grve-feature-header\" data-section-title=\"\" data-section-type=\"fullwidth-background\" data-image-type=\"none\" data-full-height=\"no\"  style=\"padding-top: 70px;\"><div class=\"grve-row grve-bookmark\"><div class=\"wpb_column grve-column grve-bookmark grve-column-1-3\">\n\t<div  class=\"wpb_single_image wpb_content_element vc_align_left\">\n\t\t\n\t\t<figure class=\"wpb_wrapper vc_figure\">\n\t\t\t<div class=\"vc_single_image-wrapper   vc_box_border_grey\"><img loading=\"lazy\" decoding=\"async\" width=\"700\" height=\"261\" src=\"https:\/\/www.fair-field.nl\/wp-content\/uploads\/2022\/06\/5c38822e0f1408b0d0828e53_waterschapdedommel-1.jpg\" class=\"vc_single_image-img attachment-full\" alt=\"\" title=\"5c38822e0f1408b0d0828e53_waterschapdedommel\" srcset=\"https:\/\/www.fair-field.nl\/wp-content\/uploads\/2022\/06\/5c38822e0f1408b0d0828e53_waterschapdedommel-1.jpg 700w, https:\/\/www.fair-field.nl\/wp-content\/uploads\/2022\/06\/5c38822e0f1408b0d0828e53_waterschapdedommel-1-300x112.jpg 300w\" sizes=\"auto, (max-width: 700px) 100vw, 700px\" \/><\/div>\n\t\t<\/figure>\n\t<\/div>\n<\/div><div class=\"wpb_column grve-column grve-bookmark grve-column-2-3\"><div class=\"grve-element grve-text grve-leader-text\"><p>Die Aufbereitung von Abwasser ist eine der Kernaufgaben des Wasserverbandes De Dommel. Dazu geh\u00f6rt auch die Wartung der Anlagen. \"Vor allem das Betriebspersonal arbeitet oft schon etwas l\u00e4nger bei uns\", sagt er. F\u00fcr diese leitenden Mitarbeiter ist es oft schwierig, sich mit dem Rest der Organisation weiterzuentwickeln. Rex Verkaik, Personalberater beim Wasserverband, nahm \u00fcber LinkedIn Kontakt mit FairField auf und war von der Herangehensweise angenehm \u00fcberrascht.<\/p>\n<\/div><div class=\"grve-element grve-text\"><p><strong>\"Nicht viele Agenturen konzentrieren sich auf Operationen<\/strong>den F\u00fchrungskr\u00e4ften in Unternehmen. FairField tut das. 35 Mitarbeiter - wir sprechen hier haupts\u00e4chlich von Mechanikern - treffen sich einzeln mit einem FairField-Kollegen, um herauszufinden, wo der Lernbedarf liegt. Ihr Vorgesetzter m\u00f6chte seine Mitarbeiter gut f\u00fchren und entscheidet sich, bei allen Gespr\u00e4chen anwesend zu sein. FairField entwickelt dann ein ma\u00dfgeschneidertes Programm. Es ist gut zu wissen, dass FairField seine Trainingskurse nicht 'von der Stange' anbietet.\"<\/p>\n<p><strong>Die Motivation dieser Gruppe von leitenden Angestellten ist manchmal ein wenig unzureichend<\/strong>. Sie hatten vor allem das Gef\u00fchl, dass die Organisation entscheidet, was sie tun sollen. Und dass sie einfach folgen sollen. Waterschap De Dommel fordert die Kollegen auf, ihre eigene Professionalit\u00e4t einzubringen. Wir helfen ihnen unter anderem dabei, sich besser durchzusetzen und ihre Kollegen auf eine effektive Art und Weise anzusprechen. Alles mit dem Ziel, den Spa\u00df an der Arbeit weiter zu steigern. Wer sich an seinem Arbeitsplatz wohlf\u00fchlt, ist fitter, leistungsf\u00e4higer und motivierter. Und das kommt der Arbeit zugute.<\/p>\n<p><strong>\"FairField hat gezeigt, dass es die Sprache unserer Mitarbeiter spricht<\/strong>. Kein schwammiges Managementgerede. Unsere Kollegen schauen sich an, was sie entwickeln m\u00f6chten und lernen, wie sie anders miteinander umgehen k\u00f6nnen. Auch der Manager bekommt Unterst\u00fctzung. Er m\u00f6chte sich im Coaching weiterentwickeln und findet es wichtig, einen direkten Draht zu seinen Kollegen zu haben. Gespr\u00e4che, Coaching, Training, ein ziemlich intensiver Prozess, aber ich habe volles Vertrauen in den Ansatz und das Ergebnis.<\/p>\n<p><strong>Unsere Kollegen werden sich noch st\u00e4rker f\u00fcr ihre Arbeit verantwortlich f\u00fchlen.<\/strong>. Wir befinden uns in der Anfangsphase dieses Prozesses. Die Mitarbeiter haben einen Online-Fragebogen ausgef\u00fcllt, auf dessen Grundlage nun Gespr\u00e4che mit allen gef\u00fchrt werden, so dass es eine weitere Schulungsphase geben wird. Letztendlich wird diese Gruppe von Menschen fester im Sattel sitzen, sie werden mehr Freude an ihrer Arbeit haben. Und dann werden sie auch bereit sein, in die Organisation einzutreten, um zu sehen, wo Dinge anders gemacht werden k\u00f6nnen, offen f\u00fcr die Zukunft. Motivierte Menschen achten besser darauf, ob die Instandhaltung der Anlagen richtig gemacht wird.\"<\/p>\n<p>Rex Verkaik, Personalabteilung<br \/>\nWasserverband De Dommel<\/p>\n<\/div><\/div> <\/div><div class=\"grve-background-wrapper\"><\/div><\/div>","protected":false},"excerpt":{"rendered":"Het zuiveren van afvalwater is een van de kerntaken van Waterschap De Dommel. Daar hoort ook onderhoud van de installaties bij. \u201cMet name de operationele medewerkers werken vaak al wat langer bij ons.\u201d Deze uitvoerende collega\u2019s vinden het vaak lastig om mee te ontwikkelen met de rest van de organisatie. Rex Verkaik, HR-adviseur bij het [...]","protected":false},"author":3,"featured_media":0,"parent":3109,"menu_order":0,"comment_status":"closed","ping_status":"closed","template":"","meta":{"footnotes":""},"class_list":["post-4349","page","type-page","status-publish","hentry"],"yoast_head":"<!-- This site is optimized with the Yoast SEO plugin v26.4 - https:\/\/yoast.com\/wordpress\/plugins\/seo\/ -->\n<title>Geen wollige praatjes - FairField<\/title>\n<meta name=\"robots\" content=\"index, follow, max-snippet:-1, max-image-preview:large, max-video-preview:-1\" \/>\n<link rel=\"canonical\" href=\"https:\/\/www.fair-field.nl\/de\/beste-praktiken\/keine-geschwatzigkeit\/\" \/>\n<meta property=\"og:locale\" content=\"de_DE\" \/>\n<meta property=\"og:type\" content=\"article\" \/>\n<meta property=\"og:title\" content=\"Geen wollige praatjes - FairField\" \/>\n<meta property=\"og:url\" content=\"https:\/\/www.fair-field.nl\/de\/beste-praktiken\/keine-geschwatzigkeit\/\" \/>\n<meta property=\"og:site_name\" content=\"FairField\" \/>\n<meta property=\"article:modified_time\" content=\"2022-11-09T11:55:42+00:00\" \/>\n<meta name=\"twitter:card\" content=\"summary_large_image\" \/>\n<meta name=\"twitter:site\" content=\"@bartgodding\" \/>\n<meta name=\"twitter:label1\" content=\"Gesch\u00e4tzte Lesezeit\" \/>\n\t<meta name=\"twitter:data1\" content=\"2\u00a0Minuten\" \/>\n<script type=\"application\/ld+json\" class=\"yoast-schema-graph\">{\"@context\":\"https:\/\/schema.org\",\"@graph\":[{\"@type\":\"WebPage\",\"@id\":\"https:\/\/www.fair-field.nl\/best-practices\/geen-wollige-praatjes\/\",\"url\":\"https:\/\/www.fair-field.nl\/best-practices\/geen-wollige-praatjes\/\",\"name\":\"Geen wollige praatjes - FairField\",\"isPartOf\":{\"@id\":\"https:\/\/www.fair-field.nl\/#website\"},\"datePublished\":\"2022-07-05T14:07:53+00:00\",\"dateModified\":\"2022-11-09T11:55:42+00:00\",\"breadcrumb\":{\"@id\":\"https:\/\/www.fair-field.nl\/best-practices\/geen-wollige-praatjes\/#breadcrumb\"},\"inLanguage\":\"de\",\"potentialAction\":[{\"@type\":\"ReadAction\",\"target\":[\"https:\/\/www.fair-field.nl\/best-practices\/geen-wollige-praatjes\/\"]}]},{\"@type\":\"BreadcrumbList\",\"@id\":\"https:\/\/www.fair-field.nl\/best-practices\/geen-wollige-praatjes\/#breadcrumb\",\"itemListElement\":[{\"@type\":\"ListItem\",\"position\":1,\"name\":\"Home\",\"item\":\"https:\/\/www.fair-field.nl\/\"},{\"@type\":\"ListItem\",\"position\":2,\"name\":\"Best practices\",\"item\":\"https:\/\/www.fair-field.nl\/best-practices\/\"},{\"@type\":\"ListItem\",\"position\":3,\"name\":\"Geen wollige praatjes\"}]},{\"@type\":\"WebSite\",\"@id\":\"https:\/\/www.fair-field.nl\/#website\",\"url\":\"https:\/\/www.fair-field.nl\/\",\"name\":\"FairField\",\"description\":\"De volgende stap naar operationeel leiderschap\",\"publisher\":{\"@id\":\"https:\/\/www.fair-field.nl\/#organization\"},\"potentialAction\":[{\"@type\":\"SearchAction\",\"target\":{\"@type\":\"EntryPoint\",\"urlTemplate\":\"https:\/\/www.fair-field.nl\/?s={search_term_string}\"},\"query-input\":{\"@type\":\"PropertyValueSpecification\",\"valueRequired\":true,\"valueName\":\"search_term_string\"}}],\"inLanguage\":\"de\"},{\"@type\":\"Organization\",\"@id\":\"https:\/\/www.fair-field.nl\/#organization\",\"name\":\"FairField\",\"url\":\"https:\/\/www.fair-field.nl\/\",\"logo\":{\"@type\":\"ImageObject\",\"inLanguage\":\"de\",\"@id\":\"https:\/\/www.fair-field.nl\/#\/schema\/logo\/image\/\",\"url\":\"https:\/\/www.fair-field.nl\/wp-content\/uploads\/2023\/03\/fairfieldlogo.png\",\"contentUrl\":\"https:\/\/www.fair-field.nl\/wp-content\/uploads\/2023\/03\/fairfieldlogo.png\",\"width\":400,\"height\":400,\"caption\":\"FairField\"},\"image\":{\"@id\":\"https:\/\/www.fair-field.nl\/#\/schema\/logo\/image\/\"},\"sameAs\":[\"https:\/\/x.com\/bartgodding\",\"https:\/\/www.linkedin.com\/company\/fairfield-training-coaching-mbo\/\",\"https:\/\/www.youtube.com\/channel\/UCOcjkVD-Zg1TDIJxEaW4PlQ\/featured\"]}]}<\/script>\n<!-- \/ Yoast SEO plugin. -->","yoast_head_json":{"title":"Kein leeres Gerede - FairField","robots":{"index":"index","follow":"follow","max-snippet":"max-snippet:-1","max-image-preview":"max-image-preview:large","max-video-preview":"max-video-preview:-1"},"canonical":"https:\/\/www.fair-field.nl\/de\/beste-praktiken\/keine-geschwatzigkeit\/","og_locale":"de_DE","og_type":"article","og_title":"Geen wollige praatjes - FairField","og_url":"https:\/\/www.fair-field.nl\/de\/beste-praktiken\/keine-geschwatzigkeit\/","og_site_name":"FairField","article_modified_time":"2022-11-09T11:55:42+00:00","twitter_card":"summary_large_image","twitter_site":"@bartgodding","twitter_misc":{"Gesch\u00e4tzte Lesezeit":"2\u00a0Minuten"},"schema":{"@context":"https:\/\/schema.org","@graph":[{"@type":"WebPage","@id":"https:\/\/www.fair-field.nl\/best-practices\/geen-wollige-praatjes\/","url":"https:\/\/www.fair-field.nl\/best-practices\/geen-wollige-praatjes\/","name":"Kein leeres Gerede - FairField","isPartOf":{"@id":"https:\/\/www.fair-field.nl\/#website"},"datePublished":"2022-07-05T14:07:53+00:00","dateModified":"2022-11-09T11:55:42+00:00","breadcrumb":{"@id":"https:\/\/www.fair-field.nl\/best-practices\/geen-wollige-praatjes\/#breadcrumb"},"inLanguage":"de","potentialAction":[{"@type":"ReadAction","target":["https:\/\/www.fair-field.nl\/best-practices\/geen-wollige-praatjes\/"]}]},{"@type":"BreadcrumbList","@id":"https:\/\/www.fair-field.nl\/best-practices\/geen-wollige-praatjes\/#breadcrumb","itemListElement":[{"@type":"ListItem","position":1,"name":"Home","item":"https:\/\/www.fair-field.nl\/"},{"@type":"ListItem","position":2,"name":"Best practices","item":"https:\/\/www.fair-field.nl\/best-practices\/"},{"@type":"ListItem","position":3,"name":"Geen wollige praatjes"}]},{"@type":"WebSite","@id":"https:\/\/www.fair-field.nl\/#website","url":"https:\/\/www.fair-field.nl\/","name":"FairField","description":"Der n\u00e4chste Schritt zur operativen F\u00fchrung","publisher":{"@id":"https:\/\/www.fair-field.nl\/#organization"},"potentialAction":[{"@type":"SearchAction","target":{"@type":"EntryPoint","urlTemplate":"https:\/\/www.fair-field.nl\/?s={search_term_string}"},"query-input":{"@type":"PropertyValueSpecification","valueRequired":true,"valueName":"search_term_string"}}],"inLanguage":"de"},{"@type":"Organization","@id":"https:\/\/www.fair-field.nl\/#organization","name":"FairField","url":"https:\/\/www.fair-field.nl\/","logo":{"@type":"ImageObject","inLanguage":"de","@id":"https:\/\/www.fair-field.nl\/#\/schema\/logo\/image\/","url":"https:\/\/www.fair-field.nl\/wp-content\/uploads\/2023\/03\/fairfieldlogo.png","contentUrl":"https:\/\/www.fair-field.nl\/wp-content\/uploads\/2023\/03\/fairfieldlogo.png","width":400,"height":400,"caption":"FairField"},"image":{"@id":"https:\/\/www.fair-field.nl\/#\/schema\/logo\/image\/"},"sameAs":["https:\/\/x.com\/bartgodding","https:\/\/www.linkedin.com\/company\/fairfield-training-coaching-mbo\/","https:\/\/www.youtube.com\/channel\/UCOcjkVD-Zg1TDIJxEaW4PlQ\/featured"]}]}},"_links":{"self":[{"href":"https:\/\/www.fair-field.nl\/de\/wp-json\/wp\/v2\/pages\/4349","targetHints":{"allow":["GET"]}}],"collection":[{"href":"https:\/\/www.fair-field.nl\/de\/wp-json\/wp\/v2\/pages"}],"about":[{"href":"https:\/\/www.fair-field.nl\/de\/wp-json\/wp\/v2\/types\/page"}],"author":[{"embeddable":true,"href":"https:\/\/www.fair-field.nl\/de\/wp-json\/wp\/v2\/users\/3"}],"replies":[{"embeddable":true,"href":"https:\/\/www.fair-field.nl\/de\/wp-json\/wp\/v2\/comments?post=4349"}],"version-history":[{"count":5,"href":"https:\/\/www.fair-field.nl\/de\/wp-json\/wp\/v2\/pages\/4349\/revisions"}],"predecessor-version":[{"id":5082,"href":"https:\/\/www.fair-field.nl\/de\/wp-json\/wp\/v2\/pages\/4349\/revisions\/5082"}],"up":[{"embeddable":true,"href":"https:\/\/www.fair-field.nl\/de\/wp-json\/wp\/v2\/pages\/3109"}],"wp:attachment":[{"href":"https:\/\/www.fair-field.nl\/de\/wp-json\/wp\/v2\/media?parent=4349"}],"curies":[{"name":"wp","href":"https:\/\/api.w.org\/{rel}","templated":true}]}}