{"id":4315,"date":"2022-07-05T13:34:10","date_gmt":"2022-07-05T13:34:10","guid":{"rendered":"https:\/\/www.fair-field.nl\/?page_id=4315"},"modified":"2022-11-08T18:31:20","modified_gmt":"2022-11-08T18:31:20","slug":"intern-und-extern-brucken-bauen","status":"publish","type":"page","link":"https:\/\/www.fair-field.nl\/de\/beste-praktiken\/intern-und-extern-brucken-bauen\/","title":{"rendered":"Br\u00fccken bauen, intern und extern"},"content":{"rendered":"<div class=\"grve-section grve-feature-header\" data-section-title=\"\" data-section-type=\"fullwidth-background\" data-image-type=\"none\" data-full-height=\"no\"  style=\"padding-top: 70px;padding-bottom: 10px;\"><div class=\"grve-row grve-bookmark\"><div class=\"wpb_column grve-column grve-bookmark grve-column-1-3\">\n\t<div  class=\"wpb_single_image wpb_content_element vc_align_left\">\n\t\t\n\t\t<figure class=\"wpb_wrapper vc_figure\">\n\t\t\t<div class=\"vc_single_image-wrapper   vc_box_border_grey\"><img loading=\"lazy\" decoding=\"async\" width=\"700\" height=\"261\" src=\"https:\/\/www.fair-field.nl\/wp-content\/uploads\/2022\/06\/5c507c40db601214563a452e_merconlogo.jpg\" class=\"vc_single_image-img attachment-full\" alt=\"\" title=\"5c507c40db601214563a452e_merconlogo\" srcset=\"https:\/\/www.fair-field.nl\/wp-content\/uploads\/2022\/06\/5c507c40db601214563a452e_merconlogo.jpg 700w, https:\/\/www.fair-field.nl\/wp-content\/uploads\/2022\/06\/5c507c40db601214563a452e_merconlogo-300x112.jpg 300w\" sizes=\"auto, (max-width: 700px) 100vw, 700px\" \/><\/div>\n\t\t<\/figure>\n\t<\/div>\n<\/div><div class=\"wpb_column grve-column grve-bookmark grve-column-2-3\"><div class=\"grve-element grve-text grve-leader-text\"><p>Die Verst\u00e4rkung von Metallstrukturen durch Schwei\u00dfen ist das Kerngesch\u00e4ft von Mercon Montage B.V. Diese robuste Arbeit wird von erfahrenen Mitarbeitern ausgef\u00fchrt. Es ist Tradition und Ehrgeiz bei Mercon, nach Verbindung und Ver\u00e4nderung zu streben. Mit dieser Vision im Hinterkopf machte sich Simone Beerepoot auf die Suche nach Parteien, die dies unterst\u00fctzen k\u00f6nnten.<\/p>\n<\/div><div class=\"grve-element grve-text\"><p><strong>Die Entwicklung liegt Simone im Blut.\u00a0<\/strong>Als MT-Mitglied bei Mercon sorgt sie in ihrer Funktion als Organisationsentwicklerin daf\u00fcr, dass alle Mitarbeiter das Beste aus sich selbst und aus den anderen herausholen! Etwa ein Viertel der 200 Mitarbeiter wird dieses Jahr geschult. Die FairField-Coaches werden mit einer Gruppe von 15 Mitarbeitern arbeiten. Das Ziel: mehr Arbeitszufriedenheit, noch besseres Handwerk und Erfolg!<\/p>\n<p><strong>\"Ich habe Entwicklungspfade festgelegt<\/strong>\u00a0mit einzelnen Kollegen und ihren Vorgesetzten. Ein solcher Weg dauert etwa ein Jahr. Die Schritte auf diesem Weg sind ma\u00dfgeschneidert. F\u00fcr jeden wird eine Rolle definiert, zus\u00e4tzlich zu der Funktion, die er hat. Ich zeichne die Rolle auf und mache eine L\u00fcckenanalyse: Was braucht jemand noch, um in seiner Rolle zu wachsen?<\/p>\n<p><strong>Als n\u00e4chstes machte ich mich an die Arbeit<\/strong>\u00a0F\u00fcr alle Mitarbeiter herausfinden, welche Schulungen ihren Lernbed\u00fcrfnissen entsprechen. Welche Partei w\u00e4hle ich, welcher Zeitrahmen ist ausreichend? Ich liste die Schwerpunkte auf, schaue mir die Inhalte an, aber auch, ob es logistisch passt; wie lange dauert die Schulung, wie oft muss ein Mitarbeiter seinen Platz verlassen, passt es?<\/p>\n<p><strong>In FairField habe ich den Stapel<\/strong>\u00a0die zu unseren Leistungstr\u00e4gern bei Mercon passen. Dabei handelt es sich haupts\u00e4chlich um LBO- und MBO-Absolventen, die einen eigenen Ansatz ben\u00f6tigen. FairField hat Erfahrung in der Ansprache, Schulung und Zusammenarbeit mit dieser Gruppe in den Betrieben. Mit Humor und Enthusiasmus motivieren sie die Mitarbeiter und halten die Motivation in der Regel auch w\u00e4hrend der Trainingseinheiten aufrecht.<\/p>\n<p><strong>Beim Anpfiff ging Jack de Waard<\/strong> im Gespr\u00e4ch mit Umsetzern. Er nahm diese Kollegen mit in seine Geschichte, erz\u00e4hlte ihnen von konkreten F\u00e4llen und wie sie anfangen k\u00f6nnen, intelligenter und effizienter zu arbeiten.  Seine authentische Art, Dinge zu tun, gibt Mercon, aber auch den Teilnehmern, Vertrauen. Im Vorfeld waren einige etwas skeptisch, aber nach dem 'Vortrag' waren sie begeistert!<\/p>\n<p><strong>Die Ausbildung hat noch nicht begonnen\u00a0<\/strong>aber wir sind zuversichtlich. Wir gehen davon aus, dass sich unsere Mitarbeiter nach diesen Schulungen in ihren Rollen wohler f\u00fchlen. Sie werden sich besser f\u00fchlen, andere Entscheidungen treffen und ihre Arbeit mit mehr Freude erledigen. Wir bauen Br\u00fccken, intern und extern. Das wird sich auszahlen, f\u00fcr die Mitarbeiter selbst, f\u00fcr die Kollegen und auch f\u00fcr Mercon.<\/p>\n<p><strong>Es ist meine Aufgabe<\/strong>\u00a0um diese Entwicklungen zu bew\u00e4ltigen. Die Gesch\u00e4ftsprozesse verbessern sich. Es beginnt mit dem Kundenwunsch und endet mit zufriedenen Kunden. Darauf arbeiten wir alle hin. Wenn meine Kollegen mehr Spa\u00df an ihrer Arbeit haben, bin ich zufrieden. Nur so kann die Arbeit noch mehr Spa\u00df machen!\"<\/p>\n<p><strong>Simone Beerepoot<\/strong><br \/>\nMT-Mitglied bei Mercon<\/p>\n<\/div><\/div> <\/div><div class=\"grve-background-wrapper\"><\/div><\/div><div class=\"grve-section\" data-section-title=\"\" data-section-type=\"fullwidth-background\" data-image-type=\"none\" data-full-height=\"no\"><div class=\"grve-row grve-bookmark\"><div class=\"wpb_column grve-column grve-bookmark grve-column-1\"><\/div> <\/div><div class=\"grve-background-wrapper\"><\/div><\/div>","protected":false},"excerpt":{"rendered":"Het verstevigen van metalen constructies via laswerk is de corebusiness van Mercon Montage B.V. Dit robuuste werk wordt uitgevoerd door ervaren medewerkers. Het is traditie en ambitie binnen Mercon om te streven naar verbinding en verandering. Met deze visie in het achterhoofd ging Simone Beerepoot op zoek naar partijen die hierbij kunnen ondersteunen. Ontwikkelen zit [...]","protected":false},"author":3,"featured_media":0,"parent":3109,"menu_order":0,"comment_status":"closed","ping_status":"closed","template":"","meta":{"footnotes":""},"class_list":["post-4315","page","type-page","status-publish","hentry"],"yoast_head":"<!-- This site is optimized with the Yoast SEO plugin v26.4 - https:\/\/yoast.com\/wordpress\/plugins\/seo\/ -->\n<title>Bruggen bouwen, intern en extern - FairField<\/title>\n<meta name=\"robots\" content=\"index, follow, max-snippet:-1, max-image-preview:large, max-video-preview:-1\" \/>\n<link rel=\"canonical\" href=\"https:\/\/www.fair-field.nl\/de\/beste-praktiken\/intern-und-extern-brucken-bauen\/\" \/>\n<meta property=\"og:locale\" content=\"de_DE\" \/>\n<meta property=\"og:type\" content=\"article\" \/>\n<meta property=\"og:title\" content=\"Bruggen bouwen, intern en extern - FairField\" \/>\n<meta property=\"og:url\" content=\"https:\/\/www.fair-field.nl\/de\/beste-praktiken\/intern-und-extern-brucken-bauen\/\" \/>\n<meta property=\"og:site_name\" content=\"FairField\" \/>\n<meta property=\"article:modified_time\" content=\"2022-11-08T18:31:20+00:00\" \/>\n<meta name=\"twitter:card\" content=\"summary_large_image\" \/>\n<meta name=\"twitter:site\" content=\"@bartgodding\" \/>\n<meta name=\"twitter:label1\" content=\"Gesch\u00e4tzte Lesezeit\" \/>\n\t<meta name=\"twitter:data1\" content=\"3\u00a0Minuten\" \/>\n<script type=\"application\/ld+json\" class=\"yoast-schema-graph\">{\"@context\":\"https:\/\/schema.org\",\"@graph\":[{\"@type\":\"WebPage\",\"@id\":\"https:\/\/www.fair-field.nl\/best-practices\/bruggen-bouwen-intern-en-extern\/\",\"url\":\"https:\/\/www.fair-field.nl\/best-practices\/bruggen-bouwen-intern-en-extern\/\",\"name\":\"Bruggen bouwen, intern en extern - FairField\",\"isPartOf\":{\"@id\":\"https:\/\/www.fair-field.nl\/#website\"},\"datePublished\":\"2022-07-05T13:34:10+00:00\",\"dateModified\":\"2022-11-08T18:31:20+00:00\",\"breadcrumb\":{\"@id\":\"https:\/\/www.fair-field.nl\/best-practices\/bruggen-bouwen-intern-en-extern\/#breadcrumb\"},\"inLanguage\":\"de\",\"potentialAction\":[{\"@type\":\"ReadAction\",\"target\":[\"https:\/\/www.fair-field.nl\/best-practices\/bruggen-bouwen-intern-en-extern\/\"]}]},{\"@type\":\"BreadcrumbList\",\"@id\":\"https:\/\/www.fair-field.nl\/best-practices\/bruggen-bouwen-intern-en-extern\/#breadcrumb\",\"itemListElement\":[{\"@type\":\"ListItem\",\"position\":1,\"name\":\"Home\",\"item\":\"https:\/\/www.fair-field.nl\/\"},{\"@type\":\"ListItem\",\"position\":2,\"name\":\"Best practices\",\"item\":\"https:\/\/www.fair-field.nl\/best-practices\/\"},{\"@type\":\"ListItem\",\"position\":3,\"name\":\"Bruggen bouwen, intern en extern\"}]},{\"@type\":\"WebSite\",\"@id\":\"https:\/\/www.fair-field.nl\/#website\",\"url\":\"https:\/\/www.fair-field.nl\/\",\"name\":\"FairField\",\"description\":\"De volgende stap naar operationeel leiderschap\",\"publisher\":{\"@id\":\"https:\/\/www.fair-field.nl\/#organization\"},\"potentialAction\":[{\"@type\":\"SearchAction\",\"target\":{\"@type\":\"EntryPoint\",\"urlTemplate\":\"https:\/\/www.fair-field.nl\/?s={search_term_string}\"},\"query-input\":{\"@type\":\"PropertyValueSpecification\",\"valueRequired\":true,\"valueName\":\"search_term_string\"}}],\"inLanguage\":\"de\"},{\"@type\":\"Organization\",\"@id\":\"https:\/\/www.fair-field.nl\/#organization\",\"name\":\"FairField\",\"url\":\"https:\/\/www.fair-field.nl\/\",\"logo\":{\"@type\":\"ImageObject\",\"inLanguage\":\"de\",\"@id\":\"https:\/\/www.fair-field.nl\/#\/schema\/logo\/image\/\",\"url\":\"https:\/\/www.fair-field.nl\/wp-content\/uploads\/2023\/03\/fairfieldlogo.png\",\"contentUrl\":\"https:\/\/www.fair-field.nl\/wp-content\/uploads\/2023\/03\/fairfieldlogo.png\",\"width\":400,\"height\":400,\"caption\":\"FairField\"},\"image\":{\"@id\":\"https:\/\/www.fair-field.nl\/#\/schema\/logo\/image\/\"},\"sameAs\":[\"https:\/\/x.com\/bartgodding\",\"https:\/\/www.linkedin.com\/company\/fairfield-training-coaching-mbo\/\",\"https:\/\/www.youtube.com\/channel\/UCOcjkVD-Zg1TDIJxEaW4PlQ\/featured\"]}]}<\/script>\n<!-- \/ Yoast SEO plugin. -->","yoast_head_json":{"title":"Br\u00fccken bauen, intern und extern - FairField","robots":{"index":"index","follow":"follow","max-snippet":"max-snippet:-1","max-image-preview":"max-image-preview:large","max-video-preview":"max-video-preview:-1"},"canonical":"https:\/\/www.fair-field.nl\/de\/beste-praktiken\/intern-und-extern-brucken-bauen\/","og_locale":"de_DE","og_type":"article","og_title":"Bruggen bouwen, intern en extern - FairField","og_url":"https:\/\/www.fair-field.nl\/de\/beste-praktiken\/intern-und-extern-brucken-bauen\/","og_site_name":"FairField","article_modified_time":"2022-11-08T18:31:20+00:00","twitter_card":"summary_large_image","twitter_site":"@bartgodding","twitter_misc":{"Gesch\u00e4tzte Lesezeit":"3\u00a0Minuten"},"schema":{"@context":"https:\/\/schema.org","@graph":[{"@type":"WebPage","@id":"https:\/\/www.fair-field.nl\/best-practices\/bruggen-bouwen-intern-en-extern\/","url":"https:\/\/www.fair-field.nl\/best-practices\/bruggen-bouwen-intern-en-extern\/","name":"Br\u00fccken bauen, intern und extern - FairField","isPartOf":{"@id":"https:\/\/www.fair-field.nl\/#website"},"datePublished":"2022-07-05T13:34:10+00:00","dateModified":"2022-11-08T18:31:20+00:00","breadcrumb":{"@id":"https:\/\/www.fair-field.nl\/best-practices\/bruggen-bouwen-intern-en-extern\/#breadcrumb"},"inLanguage":"de","potentialAction":[{"@type":"ReadAction","target":["https:\/\/www.fair-field.nl\/best-practices\/bruggen-bouwen-intern-en-extern\/"]}]},{"@type":"BreadcrumbList","@id":"https:\/\/www.fair-field.nl\/best-practices\/bruggen-bouwen-intern-en-extern\/#breadcrumb","itemListElement":[{"@type":"ListItem","position":1,"name":"Home","item":"https:\/\/www.fair-field.nl\/"},{"@type":"ListItem","position":2,"name":"Best practices","item":"https:\/\/www.fair-field.nl\/best-practices\/"},{"@type":"ListItem","position":3,"name":"Bruggen bouwen, intern en extern"}]},{"@type":"WebSite","@id":"https:\/\/www.fair-field.nl\/#website","url":"https:\/\/www.fair-field.nl\/","name":"FairField","description":"Der n\u00e4chste Schritt zur operativen F\u00fchrung","publisher":{"@id":"https:\/\/www.fair-field.nl\/#organization"},"potentialAction":[{"@type":"SearchAction","target":{"@type":"EntryPoint","urlTemplate":"https:\/\/www.fair-field.nl\/?s={search_term_string}"},"query-input":{"@type":"PropertyValueSpecification","valueRequired":true,"valueName":"search_term_string"}}],"inLanguage":"de"},{"@type":"Organization","@id":"https:\/\/www.fair-field.nl\/#organization","name":"FairField","url":"https:\/\/www.fair-field.nl\/","logo":{"@type":"ImageObject","inLanguage":"de","@id":"https:\/\/www.fair-field.nl\/#\/schema\/logo\/image\/","url":"https:\/\/www.fair-field.nl\/wp-content\/uploads\/2023\/03\/fairfieldlogo.png","contentUrl":"https:\/\/www.fair-field.nl\/wp-content\/uploads\/2023\/03\/fairfieldlogo.png","width":400,"height":400,"caption":"FairField"},"image":{"@id":"https:\/\/www.fair-field.nl\/#\/schema\/logo\/image\/"},"sameAs":["https:\/\/x.com\/bartgodding","https:\/\/www.linkedin.com\/company\/fairfield-training-coaching-mbo\/","https:\/\/www.youtube.com\/channel\/UCOcjkVD-Zg1TDIJxEaW4PlQ\/featured"]}]}},"_links":{"self":[{"href":"https:\/\/www.fair-field.nl\/de\/wp-json\/wp\/v2\/pages\/4315","targetHints":{"allow":["GET"]}}],"collection":[{"href":"https:\/\/www.fair-field.nl\/de\/wp-json\/wp\/v2\/pages"}],"about":[{"href":"https:\/\/www.fair-field.nl\/de\/wp-json\/wp\/v2\/types\/page"}],"author":[{"embeddable":true,"href":"https:\/\/www.fair-field.nl\/de\/wp-json\/wp\/v2\/users\/3"}],"replies":[{"embeddable":true,"href":"https:\/\/www.fair-field.nl\/de\/wp-json\/wp\/v2\/comments?post=4315"}],"version-history":[{"count":19,"href":"https:\/\/www.fair-field.nl\/de\/wp-json\/wp\/v2\/pages\/4315\/revisions"}],"predecessor-version":[{"id":5077,"href":"https:\/\/www.fair-field.nl\/de\/wp-json\/wp\/v2\/pages\/4315\/revisions\/5077"}],"up":[{"embeddable":true,"href":"https:\/\/www.fair-field.nl\/de\/wp-json\/wp\/v2\/pages\/3109"}],"wp:attachment":[{"href":"https:\/\/www.fair-field.nl\/de\/wp-json\/wp\/v2\/media?parent=4315"}],"curies":[{"name":"wp","href":"https:\/\/api.w.org\/{rel}","templated":true}]}}