{"id":3107,"date":"2022-06-16T20:13:24","date_gmt":"2022-06-16T20:13:24","guid":{"rendered":"https:\/\/www.quinn.nl\/?page_id=3107"},"modified":"2024-02-25T14:56:18","modified_gmt":"2024-02-25T14:56:18","slug":"ausbildungen","status":"publish","type":"page","link":"https:\/\/www.fair-field.nl\/de\/ausbildungen\/","title":{"rendered":"Ausbildung"},"content":{"rendered":"<div class=\"grve-section grve-feature-header grve-feature-footer\" data-section-title=\"\" data-section-type=\"fullwidth-background\" data-image-type=\"none\" data-full-height=\"no\"  style=\"padding-bottom: 20px;\"><div class=\"grve-row grve-bookmark\"><div class=\"wpb_column grve-column grve-bookmark grve-column-1-2 vc_custom_1656783046647\"><div class=\"vc_empty_space\"   style=\"height: 50px\"><span class=\"vc_empty_space_inner\"><\/span><\/div><h3 class=\"grve-element grve-align-left grve-title-line grve-h3\" style=\"\"><span>Entwicklung von F\u00fchrungsqualit\u00e4ten<\/span><\/h3><div class=\"grve-element grve-text\"><p>\"Die Entwicklung von F\u00fchrungsqualit\u00e4ten bei Betriebsleitern erfordert einen besonderen Ansatz. Wir gehen von der Arbeit des Betriebsleiters aus und entwickeln F\u00e4higkeiten, die direkt anwendbar sind. Wir arbeiten nach dem von uns entwickelten \"Praxis-Direkt-Lern-Modell\". Das wirkt enorm motivierend und sorgt f\u00fcr optimale Wirkung\". Dieser Ansatz f\u00fchrt zu einer nachweisbaren Leistungssteigerung bei 90% der Teilnehmer. Ein Betriebsleiter in einem Stahlwerk hat einen anderen Hintergrund als ein Betriebsleiter in einer Reinigungsfirma. Aus diesem Grund glauben wir fest an einen ma\u00dfgeschneiderten Ansatz. FairField arbeitet nach dem Modell der direkten Praxis. Die Teilnehmer lernen F\u00e4higkeiten, die sie sofort anwenden k\u00f6nnen. Das wirkt ungemein stimulierend.<\/p>\n<\/div><div class=\"vc_empty_space\"   style=\"height: 50px\"><span class=\"vc_empty_space_inner\"><\/span><\/div><\/div><div class=\"wpb_column grve-column grve-bookmark grve-column-1-2\"><div class=\"vc_empty_space\"   style=\"height: 50px\"><span class=\"vc_empty_space_inner\"><\/span><\/div><div class=\"grve-element grve-image grve-full-image grve-align-center\" style=\"margin-bottom: 10px;\"><img loading=\"lazy\" decoding=\"async\" width=\"2560\" height=\"1707\" src=\"https:\/\/www.fair-field.nl\/wp-content\/uploads\/2022\/10\/AdobeStock_455974086-scaled.jpeg\" class=\"attachment-full size-full\" alt=\"\" srcset=\"https:\/\/www.fair-field.nl\/wp-content\/uploads\/2022\/10\/AdobeStock_455974086-scaled.jpeg 2560w, https:\/\/www.fair-field.nl\/wp-content\/uploads\/2022\/10\/AdobeStock_455974086-300x200.jpeg 300w, https:\/\/www.fair-field.nl\/wp-content\/uploads\/2022\/10\/AdobeStock_455974086-1024x683.jpeg 1024w, https:\/\/www.fair-field.nl\/wp-content\/uploads\/2022\/10\/AdobeStock_455974086-768x512.jpeg 768w, https:\/\/www.fair-field.nl\/wp-content\/uploads\/2022\/10\/AdobeStock_455974086-1536x1024.jpeg 1536w, https:\/\/www.fair-field.nl\/wp-content\/uploads\/2022\/10\/AdobeStock_455974086-18x12.jpeg 18w, https:\/\/www.fair-field.nl\/wp-content\/uploads\/2022\/10\/AdobeStock_455974086-1920x1280.jpeg 1920w\" sizes=\"auto, (max-width: 2560px) 100vw, 2560px\" \/><\/div><div class=\"vc_empty_space\"   style=\"height: 50px\"><span class=\"vc_empty_space_inner\"><\/span><\/div><\/div> <\/div><div class=\"grve-background-wrapper\"><\/div><\/div><div class=\"grve-section\" data-section-title=\"\" data-section-type=\"fullwidth-background\" data-image-type=\"none\" data-full-height=\"no\"><div class=\"grve-row grve-bookmark\"><div class=\"wpb_column grve-column grve-bookmark grve-column-1-2 vc_custom_1656783046647\"><div class=\"vc_empty_space\"   style=\"height: 25px\"><span class=\"vc_empty_space_inner\"><\/span><\/div>\n\t<div  class=\"wpb_single_image wpb_content_element vc_align_right\">\n\t\t\n\t\t<figure class=\"wpb_wrapper vc_figure\">\n\t\t\t<div class=\"vc_single_image-wrapper   vc_box_border_grey\"><img loading=\"lazy\" decoding=\"async\" class=\"vc_single_image-img\" src=\"https:\/\/www.fair-field.nl\/wp-content\/uploads\/2022\/08\/uit-5-stappen-tot-het-beste-Fairfield-resultaat-400x400.png\" width=\"400\" height=\"400\" alt=\"in 5 Schritten zu den besten Fairfield-Ergebnissen\" title=\"in 5 Schritten zu den besten Fairfield-Ergebnissen\" \/><\/div>\n\t\t<\/figure>\n\t<\/div>\n<\/div><div class=\"wpb_column grve-column grve-bookmark grve-column-1-2\"><div class=\"vc_empty_space\"   style=\"height: 25px\"><span class=\"vc_empty_space_inner\"><\/span><\/div><h3 class=\"grve-element grve-align-left grve-title-line grve-h3\" style=\"\"><span>5 Schritte zum besten FairField-Ergebnis<\/span><\/h3><div class=\"grve-element grve-text\"><p><b>Erfolgreiche Entwicklungsprogramme haben einige offensichtliche Gemeinsamkeiten. Das ist etwas Besonderes, denn Unternehmen und Organisationen sind in der Regel sehr unterschiedlich. Dennoch gibt es viele Dinge, die \u00e4hnlich sind.<span class=\"Apple-converted-space\">\u00a0<\/span><\/b><\/p>\n<p><b>Fordern Sie unser Operations Manager Starter Kit \u00fcber den Kontakt-Button an<br \/>\n<\/b><\/p>\n<\/div><div class=\"grve-element grve-text grve-leader-text\"><p style=\"text-align: left;\"><b>90% nachweislicher Anstieg der Teilnehmerzahl<\/b><\/p>\n<\/div><\/div> <\/div><div class=\"grve-background-wrapper\">  <div class=\"grve-bg-image\"   style=\"background-image: url(https:\/\/www.fair-field.nl\/wp-content\/uploads\/2022\/07\/backgroundhomelicht-1920x1306.jpg);\"><\/div><\/div><\/div><div class=\"grve-section\" data-section-title=\"\" data-section-type=\"fullwidth-background\" data-image-type=\"none\" data-full-height=\"no\"  style=\"padding-top: 40px;padding-bottom: 10px;\"><div class=\"grve-row grve-bookmark\"><div class=\"wpb_column grve-column grve-bookmark grve-column-1\"><h3 class=\"grve-element grve-align-left grve-title-line grve-h3\" style=\"\"><span>Unsere innerbetrieblichen Schulungen<\/span><\/h3><div class=\"grve-element grve-text grve-leader-text\"><p>Die Schulungen passen sich an die Praxis in Ihrem Unternehmen an. Deshalb kommen wir zu Ihnen, damit sich die Mitarbeiter z. B. \"on the job\" weiterentwickeln k\u00f6nnen. Auf diese Weise erzielen wir und sie die besten Ergebnisse.<\/p>\n<\/div><\/div> <\/div><div class=\"grve-background-wrapper\"><\/div><\/div><div class=\"grve-section\" data-section-title=\"\" data-section-type=\"fullwidth-background\" data-image-type=\"none\" data-full-height=\"no\"  style=\"padding-top: 20px;padding-bottom: 20px;\"><div class=\"grve-row grve-bookmark\"><div class=\"wpb_column grve-column grve-bookmark grve-column-1-3\"><div class=\"grve-element grve-box grve-align-left\" style=\"\"><div class=\"grve-media\"><img loading=\"lazy\" decoding=\"async\" width=\"1000\" height=\"667\" src=\"https:\/\/www.fair-field.nl\/wp-content\/uploads\/2022\/09\/Training_317216813kl.jpg\" class=\"attachment-full size-full\" alt=\"\" srcset=\"https:\/\/www.fair-field.nl\/wp-content\/uploads\/2022\/09\/Training_317216813kl.jpg 1000w, https:\/\/www.fair-field.nl\/wp-content\/uploads\/2022\/09\/Training_317216813kl-300x200.jpg 300w, https:\/\/www.fair-field.nl\/wp-content\/uploads\/2022\/09\/Training_317216813kl-768x512.jpg 768w, https:\/\/www.fair-field.nl\/wp-content\/uploads\/2022\/09\/Training_317216813kl-18x12.jpg 18w\" sizes=\"auto, (max-width: 1000px) 100vw, 1000px\" \/><\/div>  <div class=\"grve-box-content\"><h5 class=\"grve-box-title\"><span>Leistungskurse<\/span><\/h5>    <p>Leistungstrainings zeichnen sich dadurch aus, dass der Schwerpunkt auf der Entwicklung von Einstellung und Verhalten liegt. Eine andere Einstellung zur Arbeit und zu den Kollegen ist eine Voraussetzung f\u00fcr eine bessere Arbeitsleistung. Eine positive Grundeinstellung ist eine Voraussetzung f\u00fcr die Entwicklung von F\u00e4higkeiten. Der Schwerpunkt liegt auf der Entwicklung von Eigenverantwortung und einer positiven Grundeinstellung.<\/p>  <\/div><\/div><\/div><div class=\"wpb_column grve-column grve-bookmark grve-column-1-3\"><div class=\"grve-element grve-box grve-align-left\" style=\"\"><div class=\"grve-media\"><img loading=\"lazy\" decoding=\"async\" width=\"1000\" height=\"667\" src=\"https:\/\/www.fair-field.nl\/wp-content\/uploads\/2022\/09\/Training_394398876kl.jpg\" class=\"attachment-full size-full\" alt=\"\" srcset=\"https:\/\/www.fair-field.nl\/wp-content\/uploads\/2022\/09\/Training_394398876kl.jpg 1000w, https:\/\/www.fair-field.nl\/wp-content\/uploads\/2022\/09\/Training_394398876kl-300x200.jpg 300w, https:\/\/www.fair-field.nl\/wp-content\/uploads\/2022\/09\/Training_394398876kl-768x512.jpg 768w, https:\/\/www.fair-field.nl\/wp-content\/uploads\/2022\/09\/Training_394398876kl-18x12.jpg 18w\" sizes=\"auto, (max-width: 1000px) 100vw, 1000px\" \/><\/div>  <div class=\"grve-box-content\"><h5 class=\"grve-box-title\"><span>Umgang mit unterschiedlichen Kulturen<\/span><\/h5>    <p>Die Zusammenarbeit verschiedener Kulturen geht oft gut, manchmal auch schief. Wir lehren die Teilnehmer den Umgang mit Kollegen aus anderen Kulturen. Wir tun dies, indem wir die Teilnehmer dazu bringen, andere Kulturen mit offenem Geist zu betrachten, zu lernen, andere Kulturen zu verstehen und die spezifischen Merkmale anderer Kulturen in die Kommunikation zu \u00fcbertragen.<\/p>  <\/div><\/div><\/div><div class=\"wpb_column grve-column grve-bookmark grve-column-1-3\"><div class=\"grve-element grve-box grve-align-left\" style=\"\"><div class=\"grve-media\"><img loading=\"lazy\" decoding=\"async\" width=\"1000\" height=\"667\" src=\"https:\/\/www.fair-field.nl\/wp-content\/uploads\/2022\/09\/training_488135379kl.jpg\" class=\"attachment-full size-full\" alt=\"\" srcset=\"https:\/\/www.fair-field.nl\/wp-content\/uploads\/2022\/09\/training_488135379kl.jpg 1000w, https:\/\/www.fair-field.nl\/wp-content\/uploads\/2022\/09\/training_488135379kl-300x200.jpg 300w, https:\/\/www.fair-field.nl\/wp-content\/uploads\/2022\/09\/training_488135379kl-768x512.jpg 768w, https:\/\/www.fair-field.nl\/wp-content\/uploads\/2022\/09\/training_488135379kl-18x12.jpg 18w\" sizes=\"auto, (max-width: 1000px) 100vw, 1000px\" \/><\/div>  <div class=\"grve-box-content\"><h5 class=\"grve-box-title\"><span>Mitarbeiter motivieren<\/span><\/h5>    <p>Was l\u00e4sst meine Mitarbeiter schneller laufen? Operativ t\u00e4tige Mitarbeiter brauchen einen besonderen Ansatz, wenn es darum geht, sie zu motivieren. Wie schaffe ich mehr Engagement? Wie f\u00f6rdere ich die Eigenverantwortung? Und wie kann ich gezielt Aufmerksamkeit schenken, damit die Mitarbeiter mehr leisten?<\/p>  <\/div><\/div><\/div> <\/div><div class=\"grve-background-wrapper\"><\/div><\/div><div class=\"grve-section\" data-section-title=\"\" data-section-type=\"fullwidth-background\" data-image-type=\"none\" data-full-height=\"no\"  style=\"padding-top: 10px;padding-bottom: 70px;\"><div class=\"grve-row grve-bookmark\"><div class=\"wpb_column grve-column grve-bookmark grve-column-1-3\"><div class=\"grve-element grve-box grve-align-left\" style=\"\"><div class=\"grve-media\"><img loading=\"lazy\" decoding=\"async\" width=\"1000\" height=\"668\" src=\"https:\/\/www.fair-field.nl\/wp-content\/uploads\/2022\/09\/Training_290586003kl.jpg\" class=\"attachment-full size-full\" alt=\"\" srcset=\"https:\/\/www.fair-field.nl\/wp-content\/uploads\/2022\/09\/Training_290586003kl.jpg 1000w, https:\/\/www.fair-field.nl\/wp-content\/uploads\/2022\/09\/Training_290586003kl-300x200.jpg 300w, https:\/\/www.fair-field.nl\/wp-content\/uploads\/2022\/09\/Training_290586003kl-768x513.jpg 768w, https:\/\/www.fair-field.nl\/wp-content\/uploads\/2022\/09\/Training_290586003kl-18x12.jpg 18w\" sizes=\"auto, (max-width: 1000px) 100vw, 1000px\" \/><\/div>  <div class=\"grve-box-content\"><h5 class=\"grve-box-title\"><span>F\u00fchrungsqualit\u00e4ten f\u00fcr das Betriebsmanagement<\/span><\/h5>    <p>Betriebsleiter haben gro\u00dfen Einfluss auf das Verhalten der leitenden Angestellten. Leadership f\u00fcr operative F\u00fchrungskr\u00e4fte umfasst ein umfassendes Entwicklungsprogramm mit nachhaltiger und dauerhafter Wirkung.<\/p>  <\/div><\/div><\/div><div class=\"wpb_column grve-column grve-bookmark grve-column-1-3\"><div class=\"grve-element grve-box grve-align-left\" style=\"\"><div class=\"grve-media\"><img loading=\"lazy\" decoding=\"async\" width=\"1000\" height=\"667\" src=\"https:\/\/www.fair-field.nl\/wp-content\/uploads\/2022\/09\/training_128878973kl.jpg\" class=\"attachment-full size-full\" alt=\"\" srcset=\"https:\/\/www.fair-field.nl\/wp-content\/uploads\/2022\/09\/training_128878973kl.jpg 1000w, https:\/\/www.fair-field.nl\/wp-content\/uploads\/2022\/09\/training_128878973kl-300x200.jpg 300w, https:\/\/www.fair-field.nl\/wp-content\/uploads\/2022\/09\/training_128878973kl-768x512.jpg 768w, https:\/\/www.fair-field.nl\/wp-content\/uploads\/2022\/09\/training_128878973kl-18x12.jpg 18w\" sizes=\"auto, (max-width: 1000px) 100vw, 1000px\" \/><\/div>  <div class=\"grve-box-content\"><h5 class=\"grve-box-title\"><span>Vorstellungsgespr\u00e4che f\u00fcr Betriebsleiter<\/span><\/h5>    <p>Erfolgreiche Gespr\u00e4che sind kein Zufall. Betriebsleiter f\u00fchren regelm\u00e4\u00dfig Gespr\u00e4che mit ihren Mitarbeitern. Die Teilnehmer lernen, wie man ein gutes Gespr\u00e4ch aufbaut. Wie man das Stellen von Fragen mit gutem Zuh\u00f6ren verbindet. Wie bereite ich Feedback geschickt vor und gebe es so, dass die Mitarbeiter mir zuh\u00f6ren.<\/p>  <\/div><\/div><\/div><div class=\"wpb_column grve-column grve-bookmark grve-column-1-3\"><div class=\"grve-element grve-box grve-align-left\" style=\"\"><div class=\"grve-media\"><img loading=\"lazy\" decoding=\"async\" width=\"1000\" height=\"667\" src=\"https:\/\/www.fair-field.nl\/wp-content\/uploads\/2022\/09\/AdobeStock_311065239_Preview-1.jpeg\" class=\"attachment-full size-full\" alt=\"\" srcset=\"https:\/\/www.fair-field.nl\/wp-content\/uploads\/2022\/09\/AdobeStock_311065239_Preview-1.jpeg 1000w, https:\/\/www.fair-field.nl\/wp-content\/uploads\/2022\/09\/AdobeStock_311065239_Preview-1-300x200.jpeg 300w, https:\/\/www.fair-field.nl\/wp-content\/uploads\/2022\/09\/AdobeStock_311065239_Preview-1-768x512.jpeg 768w, https:\/\/www.fair-field.nl\/wp-content\/uploads\/2022\/09\/AdobeStock_311065239_Preview-1-18x12.jpeg 18w, https:\/\/www.fair-field.nl\/wp-content\/uploads\/2022\/09\/AdobeStock_311065239_Preview-1-174x116.jpeg 174w\" sizes=\"auto, (max-width: 1000px) 100vw, 1000px\" \/><\/div>  <div class=\"grve-box-content\"><h5 class=\"grve-box-title\"><span>Einen Vorschlag erhalten<\/span><\/h5>    <p>Bart Godding anrufen<br \/>\n<a href=\"Tel.: Bart Godding: +31622234999\">06-22234999<\/a><\/p>  <\/div><\/div><\/div> <\/div><div class=\"grve-background-wrapper\"><\/div><\/div>","protected":false},"excerpt":{"rendered":"Leiderschapsontwikkeling\u201cLeiderschapsontwikkeling bij operationeel managers vraagt een specifieke aanpak. We nemen het werk van de operationeel manager als uitgangspunt en ontwikkelen vaardigheden die direct toepasbaar zijn. We werken volgens het door onszelf ontwikkelde \"practice direct learning model\". Dit werkt enorm motiverend en zorgt voor een optimaal effect\u201d. Deze aanpak resulteert in een aantoonbare prestatieverbetering bij 90% [...]","protected":false},"author":3,"featured_media":0,"parent":0,"menu_order":0,"comment_status":"closed","ping_status":"closed","template":"","meta":{"footnotes":""},"class_list":["post-3107","page","type-page","status-publish","hentry"],"yoast_head":"<!-- This site is optimized with the Yoast SEO plugin v26.4 - https:\/\/yoast.com\/wordpress\/plugins\/seo\/ -->\n<title>Trainingen - FairField<\/title>\n<meta name=\"robots\" content=\"index, follow, max-snippet:-1, max-image-preview:large, max-video-preview:-1\" \/>\n<link rel=\"canonical\" href=\"https:\/\/www.fair-field.nl\/de\/ausbildungen\/\" \/>\n<meta property=\"og:locale\" content=\"de_DE\" \/>\n<meta property=\"og:type\" content=\"article\" \/>\n<meta property=\"og:title\" content=\"Trainingen - FairField\" \/>\n<meta property=\"og:url\" content=\"https:\/\/www.fair-field.nl\/de\/ausbildungen\/\" \/>\n<meta property=\"og:site_name\" content=\"FairField\" \/>\n<meta property=\"article:modified_time\" content=\"2024-02-25T14:56:18+00:00\" \/>\n<meta name=\"twitter:card\" content=\"summary_large_image\" \/>\n<meta name=\"twitter:site\" content=\"@bartgodding\" \/>\n<meta name=\"twitter:label1\" content=\"Gesch\u00e4tzte Lesezeit\" \/>\n\t<meta name=\"twitter:data1\" content=\"5\u00a0Minuten\" \/>\n<script type=\"application\/ld+json\" class=\"yoast-schema-graph\">{\"@context\":\"https:\/\/schema.org\",\"@graph\":[{\"@type\":\"WebPage\",\"@id\":\"https:\/\/www.fair-field.nl\/trainingen\/\",\"url\":\"https:\/\/www.fair-field.nl\/trainingen\/\",\"name\":\"Trainingen - FairField\",\"isPartOf\":{\"@id\":\"https:\/\/www.fair-field.nl\/#website\"},\"datePublished\":\"2022-06-16T20:13:24+00:00\",\"dateModified\":\"2024-02-25T14:56:18+00:00\",\"breadcrumb\":{\"@id\":\"https:\/\/www.fair-field.nl\/trainingen\/#breadcrumb\"},\"inLanguage\":\"de\",\"potentialAction\":[{\"@type\":\"ReadAction\",\"target\":[\"https:\/\/www.fair-field.nl\/trainingen\/\"]}]},{\"@type\":\"BreadcrumbList\",\"@id\":\"https:\/\/www.fair-field.nl\/trainingen\/#breadcrumb\",\"itemListElement\":[{\"@type\":\"ListItem\",\"position\":1,\"name\":\"Home\",\"item\":\"https:\/\/www.fair-field.nl\/\"},{\"@type\":\"ListItem\",\"position\":2,\"name\":\"Trainingen\"}]},{\"@type\":\"WebSite\",\"@id\":\"https:\/\/www.fair-field.nl\/#website\",\"url\":\"https:\/\/www.fair-field.nl\/\",\"name\":\"FairField\",\"description\":\"De volgende stap naar operationeel leiderschap\",\"publisher\":{\"@id\":\"https:\/\/www.fair-field.nl\/#organization\"},\"potentialAction\":[{\"@type\":\"SearchAction\",\"target\":{\"@type\":\"EntryPoint\",\"urlTemplate\":\"https:\/\/www.fair-field.nl\/?s={search_term_string}\"},\"query-input\":{\"@type\":\"PropertyValueSpecification\",\"valueRequired\":true,\"valueName\":\"search_term_string\"}}],\"inLanguage\":\"de\"},{\"@type\":\"Organization\",\"@id\":\"https:\/\/www.fair-field.nl\/#organization\",\"name\":\"FairField\",\"url\":\"https:\/\/www.fair-field.nl\/\",\"logo\":{\"@type\":\"ImageObject\",\"inLanguage\":\"de\",\"@id\":\"https:\/\/www.fair-field.nl\/#\/schema\/logo\/image\/\",\"url\":\"https:\/\/www.fair-field.nl\/wp-content\/uploads\/2023\/03\/fairfieldlogo.png\",\"contentUrl\":\"https:\/\/www.fair-field.nl\/wp-content\/uploads\/2023\/03\/fairfieldlogo.png\",\"width\":400,\"height\":400,\"caption\":\"FairField\"},\"image\":{\"@id\":\"https:\/\/www.fair-field.nl\/#\/schema\/logo\/image\/\"},\"sameAs\":[\"https:\/\/x.com\/bartgodding\",\"https:\/\/www.linkedin.com\/company\/fairfield-training-coaching-mbo\/\",\"https:\/\/www.youtube.com\/channel\/UCOcjkVD-Zg1TDIJxEaW4PlQ\/featured\"]}]}<\/script>\n<!-- \/ Yoast SEO plugin. -->","yoast_head_json":{"title":"Schulungen - FairField","robots":{"index":"index","follow":"follow","max-snippet":"max-snippet:-1","max-image-preview":"max-image-preview:large","max-video-preview":"max-video-preview:-1"},"canonical":"https:\/\/www.fair-field.nl\/de\/ausbildungen\/","og_locale":"de_DE","og_type":"article","og_title":"Trainingen - FairField","og_url":"https:\/\/www.fair-field.nl\/de\/ausbildungen\/","og_site_name":"FairField","article_modified_time":"2024-02-25T14:56:18+00:00","twitter_card":"summary_large_image","twitter_site":"@bartgodding","twitter_misc":{"Gesch\u00e4tzte Lesezeit":"5\u00a0Minuten"},"schema":{"@context":"https:\/\/schema.org","@graph":[{"@type":"WebPage","@id":"https:\/\/www.fair-field.nl\/trainingen\/","url":"https:\/\/www.fair-field.nl\/trainingen\/","name":"Schulungen - FairField","isPartOf":{"@id":"https:\/\/www.fair-field.nl\/#website"},"datePublished":"2022-06-16T20:13:24+00:00","dateModified":"2024-02-25T14:56:18+00:00","breadcrumb":{"@id":"https:\/\/www.fair-field.nl\/trainingen\/#breadcrumb"},"inLanguage":"de","potentialAction":[{"@type":"ReadAction","target":["https:\/\/www.fair-field.nl\/trainingen\/"]}]},{"@type":"BreadcrumbList","@id":"https:\/\/www.fair-field.nl\/trainingen\/#breadcrumb","itemListElement":[{"@type":"ListItem","position":1,"name":"Home","item":"https:\/\/www.fair-field.nl\/"},{"@type":"ListItem","position":2,"name":"Trainingen"}]},{"@type":"WebSite","@id":"https:\/\/www.fair-field.nl\/#website","url":"https:\/\/www.fair-field.nl\/","name":"FairField","description":"Der n\u00e4chste Schritt zur operativen F\u00fchrung","publisher":{"@id":"https:\/\/www.fair-field.nl\/#organization"},"potentialAction":[{"@type":"SearchAction","target":{"@type":"EntryPoint","urlTemplate":"https:\/\/www.fair-field.nl\/?s={search_term_string}"},"query-input":{"@type":"PropertyValueSpecification","valueRequired":true,"valueName":"search_term_string"}}],"inLanguage":"de"},{"@type":"Organization","@id":"https:\/\/www.fair-field.nl\/#organization","name":"FairField","url":"https:\/\/www.fair-field.nl\/","logo":{"@type":"ImageObject","inLanguage":"de","@id":"https:\/\/www.fair-field.nl\/#\/schema\/logo\/image\/","url":"https:\/\/www.fair-field.nl\/wp-content\/uploads\/2023\/03\/fairfieldlogo.png","contentUrl":"https:\/\/www.fair-field.nl\/wp-content\/uploads\/2023\/03\/fairfieldlogo.png","width":400,"height":400,"caption":"FairField"},"image":{"@id":"https:\/\/www.fair-field.nl\/#\/schema\/logo\/image\/"},"sameAs":["https:\/\/x.com\/bartgodding","https:\/\/www.linkedin.com\/company\/fairfield-training-coaching-mbo\/","https:\/\/www.youtube.com\/channel\/UCOcjkVD-Zg1TDIJxEaW4PlQ\/featured"]}]}},"_links":{"self":[{"href":"https:\/\/www.fair-field.nl\/de\/wp-json\/wp\/v2\/pages\/3107","targetHints":{"allow":["GET"]}}],"collection":[{"href":"https:\/\/www.fair-field.nl\/de\/wp-json\/wp\/v2\/pages"}],"about":[{"href":"https:\/\/www.fair-field.nl\/de\/wp-json\/wp\/v2\/types\/page"}],"author":[{"embeddable":true,"href":"https:\/\/www.fair-field.nl\/de\/wp-json\/wp\/v2\/users\/3"}],"replies":[{"embeddable":true,"href":"https:\/\/www.fair-field.nl\/de\/wp-json\/wp\/v2\/comments?post=3107"}],"version-history":[{"count":16,"href":"https:\/\/www.fair-field.nl\/de\/wp-json\/wp\/v2\/pages\/3107\/revisions"}],"predecessor-version":[{"id":5276,"href":"https:\/\/www.fair-field.nl\/de\/wp-json\/wp\/v2\/pages\/3107\/revisions\/5276"}],"wp:attachment":[{"href":"https:\/\/www.fair-field.nl\/de\/wp-json\/wp\/v2\/media?parent=3107"}],"curies":[{"name":"wp","href":"https:\/\/api.w.org\/{rel}","templated":true}]}}